{"id":2904,"date":"2023-08-02T13:41:10","date_gmt":"2023-08-02T11:41:10","guid":{"rendered":"https:\/\/wpprovis.com\/carreras-garmin-epic-trail\/"},"modified":"2024-09-26T10:22:48","modified_gmt":"2024-09-26T08:22:48","slug":"races-garmin-epic-trail","status":"publish","type":"page","link":"https:\/\/garminmountainfestival.com\/en\/races-garmin-epic-trail\/","title":{"rendered":"Garmin Epic Trail"},"content":{"rendered":"<div class=\"wpb-content-wrapper\">[vc_row full_width=&#8221;stretch_row_content&#8221; gap=&#8221;35&#8243;][vc_column]<div class=\"vcex-spacing wpex-w-100 wpex-clear\"><\/div>[vc_row_inner][vc_column_inner width=&#8221;1\/4&#8243;][vc_single_image image=&#8221;2139&#8243; css=&#8221;&#8221;][\/vc_column_inner][vc_column_inner width=&#8221;3\/4&#8243;]<style>.vcex-heading.vcex_69e723b8767dc{font-size:30px;}<\/style><h2 class=\"vcex-heading vcex-heading-plain vcex-module wpex-heading wpex-text-2xl vcex_69e723b8767dc\"><span class=\"vcex-heading-inner wpex-inline-block\">The EPIC TRAIL VALL DE BO\u00cd<\/span><\/h2><div class=\"vcex-spacing wpex-w-100 wpex-clear\"><\/div>[vc_column_text css=&#8221;&#8221;]\n<p style=\"text-align: justify;\">Born in July 2014, it was a project promoted by the Catalan brand BUFF, a pioneer in its format and with the aim of becoming an international reference for outdoor sports. With the help of Joan Rojas (founder of BUFF), and Joan Paralada (Mayor of the Bo\u00ed Valley at that time), an event was started with the spirit of highlighting the Bo\u00ed Valley where natural and cultural heritages such as the National Park of Aig\u00fcestortes and Estanys de Sant Maurici and the Romanesque Complex, declared World Heritage by UNESCO. That first edition had Iker Carrera and N\u00faria Picas as winners, who completed the 105 km of the race, in which a hundred runners participated, of which only 17 were able to complete the route due to two storms that forced the neutralization of the proof.<\/p>\n<p style=\"text-align: justify;\">In 2022, GARMIN took over from BUFF as Title Sponsor, thus guaranteeing the viability of the event that is committed to a high level of quality in its production. Also since 2022, the EPIC TRAIL has had a live television production of one of its races, possible thanks to a high-level production by TV3 and the support of Ferrocarriles de la Generalitat de Catalunya, as owner of the Mountain Station BOI-TAULL.<\/p>\n<p style=\"text-align: justify;\">In these years, the BO\u00cd VALLEY has seen the success of international elite athletes such as Iker Carrera, N\u00faria Picas, Zach Miller, Ruy Ueda, Luis Alberto Hernando, Caroline Chaverot, Marcela Vasinova, Maite Maiora, Sheila Avil\u00e9s, Manu Merllas, Christian Mathys , Holly Page, Tom Owens&#8230; and above all thousands of popular athletes who have been able to enjoy the mountains, rivers and skies of a spectacular place.<\/p>\n[\/vc_column_text][\/vc_column_inner][\/vc_row_inner][\/vc_column][\/vc_row][vc_row][vc_column]<div class=\"templatera_shortcode\"><style type=\"text\/css\" data-type=\"vc_shortcodes-custom-css\">.vc_custom_1696838247280{background-image: url(https:\/\/garminmountainfestival.com\/wp-content\/uploads\/2023\/08\/garmin-epic-trail-42K.jpeg?id=386) !important;background-position: center !important;background-repeat: no-repeat !important;background-size: cover !important;}.vc_custom_1696838239972{background-image: url(https:\/\/garminmountainfestival.com\/wp-content\/uploads\/2023\/08\/garmin-epic-trail-24K.jpeg?id=385) !important;background-position: center !important;background-repeat: no-repeat !important;background-size: cover !important;}.vc_custom_1696838209316{background-image: url(https:\/\/garminmountainfestival.com\/wp-content\/uploads\/2023\/08\/garmin-epic-trail-12K.jpeg?id=384) !important;background-position: center !important;background-repeat: no-repeat !important;background-size: cover !important;}.vc_custom_1744101690466{padding-top: 20px !important;}.vc_custom_1744101684850{padding-top: 20px !important;}<\/style><div class=\"vc_row wpb_row vc_row-fluid vc_column-gap-15 vc_row-o-equal-height vc_row-flex wpex-vc-full-width-row wpex-relative no-bottom-margins\"><div class=\"wpb_column vc_column_container vc_col-sm-4 wpex-vc_col-has-fill wpex-has-overlay wpex-has-overlay--69e723b878007 wpex-relative\"><div class=\"vc_column-inner vc_custom_1696838247280\"><div class=\"wpex-bg-overlay-wrap wpex-absolute wpex-inset-0 wpex-rounded-inherit\"><style class=\"wpex-bg-overlay-css\">.wpex-has-overlay--69e723b878007 > .vc_column-inner > .wpex-bg-overlay-wrap .wpex-bg-overlay{opacity:0.30;}<\/style><span class=\"wpex-bg-overlay dark wpex-absolute wpex-inset-0 wpex-rounded-inherit wpex-duration-500 wpex-opacity-60 wpex-bg-black\"><\/span><\/div><div class=\"wpb_wrapper\">\n\t<div  class=\"wpb_single_image wpb_content_element vc_align_right wpb_content_element vc_custom_1744101690466\">\n\t\t\n\t\t<figure class=\"wpb_wrapper vc_figure\">\n\t\t\t<div class=\"vc_single_image-wrapper   vc_box_border_grey\"><img width=\"150\" height=\"150\" src=\"https:\/\/garminmountainfestival.com\/wp-content\/uploads\/2025\/04\/logo_XTERRA_Trail_Run_World_Series_Vall_de_boi_white.png\" class=\"vc_single_image-img attachment-medium\" alt=\"\" title=\"logo_XTERRA_Trail_Run_World_Series_Vall_de_boi_white\" \/><\/div>\n\t\t<\/figure>\n\t<\/div>\n<div class=\"vcex-spacing wpex-w-100 wpex-clear\" style=\"height:10px;\"><\/div>\n\t<div style=\"color:#ffffff;font-family:Roboto, sans-serif;font-size:40px;font-weight:700;line-height:var(--wpex-leading-tight);\" class=\"wpb_text_column has-custom-color wpex-child-inherit-color wpb_content_element\" >\n\t\t<div class=\"wpb_wrapper\">\n\t\t\t<p>MARATHON | +2800M<\/p>\n\n\t\t<\/div>\n\t<\/div>\n\n\t<div style=\"color:#ffffff;font-size:20px;font-weight:700;\" class=\"wpb_text_column has-custom-color wpex-child-inherit-color wpb_content_element\" >\n\t\t<div class=\"wpb_wrapper\">\n\t\t\t<p>Garmin Epic Trail Marathon<\/p>\n\n\t\t<\/div>\n\t<\/div>\n\n\t<div style=\"color:#ffffff;\" class=\"wpb_text_column has-custom-color wpex-child-inherit-color wpb_content_element\" >\n\t\t<div class=\"wpb_wrapper\">\n\t\t\t<p><strong>27th JUNE 2026<\/strong><\/p>\n\n\t\t<\/div>\n\t<\/div>\n<div class=\"vcex-spacing wpex-w-100 wpex-clear\" style=\"height:20px;\"><\/div><style>.vcex-multi-buttons.vcex_69e723b879bde .theme-button,.vcex-multi-buttons.vcex_69e723b879bde .theme-txt-link{border-radius:0px;}<\/style><div class=\"vcex-multi-buttons wpex-flex wpex-flex-wrap wpex-items-center wpex-gap-10 vcex_69e723b879bde\"><a href=\"https:\/\/garminmountainfestival.com\/en\/races-garmin-epic-trail\/garmin-epic-trail-maraton-42k\/\" title=\"Garmin Epic Trail Maraton 42K\" class=\"theme-button flat outline-transparent wpex-text-center vcex-count-1\">DETAILS<\/a><a href=\"https:\/\/www.rockthesport.com\/en\/event\/garmin-mountain-festival-2026\/registration\/select-rate?&#038;fee_tag=MARATON\" title=\"Garmin Epic Trail Maraton 42K\" class=\"theme-button flat outline-transparent wpex-text-center vcex-count-2\" target=\"_blank\" rel=\"noopener noreferrer\">REGISTER<\/a><\/div><div class=\"vcex-spacing wpex-w-100 wpex-clear\" style=\"height:15px;\"><\/div><\/div><\/div><\/div><div class=\"wpb_column vc_column_container vc_col-sm-4 wpex-vc_col-has-fill wpex-has-overlay wpex-has-overlay--69e723b879f35 wpex-relative\"><div class=\"vc_column-inner vc_custom_1696838239972\"><div class=\"wpex-bg-overlay-wrap wpex-absolute wpex-inset-0 wpex-rounded-inherit\"><style class=\"wpex-bg-overlay-css\">.wpex-has-overlay--69e723b879f35 > .vc_column-inner > .wpex-bg-overlay-wrap .wpex-bg-overlay{opacity:0.30;}<\/style><span class=\"wpex-bg-overlay dark wpex-absolute wpex-inset-0 wpex-rounded-inherit wpex-duration-500 wpex-opacity-60 wpex-bg-black\"><\/span><\/div><div class=\"wpb_wrapper\">\n\t<div  class=\"wpb_single_image wpb_content_element vc_align_right wpb_content_element vc_custom_1744101684850\">\n\t\t\n\t\t<figure class=\"wpb_wrapper vc_figure\">\n\t\t\t<div class=\"vc_single_image-wrapper   vc_box_border_grey\"><img width=\"150\" height=\"150\" src=\"https:\/\/garminmountainfestival.com\/wp-content\/uploads\/2025\/04\/logo_XTERRA_Trail_Run_World_Series_Vall_de_boi_white.png\" class=\"vc_single_image-img attachment-medium\" alt=\"\" title=\"logo_XTERRA_Trail_Run_World_Series_Vall_de_boi_white\" \/><\/div>\n\t\t<\/figure>\n\t<\/div>\n<div class=\"vcex-spacing wpex-w-100 wpex-clear\" style=\"height:10px;\"><\/div>\n\t<div style=\"color:#ffffff;font-family:Roboto, sans-serif;font-size:40px;font-weight:700;line-height:var(--wpex-leading-tight);\" class=\"wpb_text_column has-custom-color wpex-child-inherit-color wpb_content_element\" >\n\t\t<div class=\"wpb_wrapper\">\n\t\t\t<p>SKY | +1900M<\/p>\n\n\t\t<\/div>\n\t<\/div>\n\n\t<div style=\"color:#ffffff;font-size:20px;font-weight:700;\" class=\"wpb_text_column has-custom-color wpex-child-inherit-color wpb_content_element\" >\n\t\t<div class=\"wpb_wrapper\">\n\t\t\t<p>Garmin Epic Trail Sky<\/p>\n\n\t\t<\/div>\n\t<\/div>\n\n\t<div style=\"color:#ffffff;\" class=\"wpb_text_column has-custom-color wpex-child-inherit-color wpb_content_element\" >\n\t\t<div class=\"wpb_wrapper\">\n\t\t\t<p><strong>28th JUNE 2026<\/strong><\/p>\n\n\t\t<\/div>\n\t<\/div>\n<div class=\"vcex-spacing wpex-w-100 wpex-clear\" style=\"height:20px;\"><\/div><style>.vcex-multi-buttons.vcex_69e723b87a727 .theme-button,.vcex-multi-buttons.vcex_69e723b87a727 .theme-txt-link{border-radius:0px;}<\/style><div class=\"vcex-multi-buttons wpex-flex wpex-flex-wrap wpex-items-center wpex-gap-10 vcex_69e723b87a727\"><a href=\"https:\/\/garminmountainfestival.com\/en\/races-garmin-epic-trail\/garmin-epic-trail-sky-24k\/\" title=\"Garmin Epic Trail Sky 24K\" class=\"theme-button flat outline-transparent wpex-text-center vcex-count-1\">DETAILS<\/a><a href=\"https:\/\/www.rockthesport.com\/en\/event\/garmin-mountain-festival-2026\/registration\/select-rate?&#038;fee_tag=SKY\" title=\"Garmin Epic Trail Sky 24K\" class=\"theme-button flat outline-transparent wpex-text-center vcex-count-2\" target=\"_blank\" rel=\"noopener noreferrer\">REGISTER<\/a><\/div><div class=\"vcex-spacing wpex-w-100 wpex-clear\" style=\"height:15px;\"><\/div><\/div><\/div><\/div><div class=\"wpb_column vc_column_container vc_col-sm-4 wpex-vc_col-has-fill wpex-has-overlay wpex-has-overlay--69e723b87aabd wpex-relative\"><div class=\"vc_column-inner vc_custom_1696838209316\"><div class=\"wpex-bg-overlay-wrap wpex-absolute wpex-inset-0 wpex-rounded-inherit\"><style class=\"wpex-bg-overlay-css\">.wpex-has-overlay--69e723b87aabd > .vc_column-inner > .wpex-bg-overlay-wrap .wpex-bg-overlay{opacity:0.30;}<\/style><span class=\"wpex-bg-overlay dark wpex-absolute wpex-inset-0 wpex-rounded-inherit wpex-duration-500 wpex-opacity-60 wpex-bg-black\"><\/span><\/div><div class=\"wpb_wrapper\"><div class=\"vcex-spacing wpex-w-100 wpex-clear\" style=\"height:180px;\"><\/div>\n\t<div style=\"color:#ffffff;font-family:Roboto, sans-serif;font-size:40px;font-weight:700;line-height:var(--wpex-leading-tight);\" class=\"wpb_text_column has-custom-color wpex-child-inherit-color wpb_content_element\" >\n\t\t<div class=\"wpb_wrapper\">\n\t\t\t<p>SPEED | +500M<\/p>\n\n\t\t<\/div>\n\t<\/div>\n\n\t<div style=\"color:#ffffff;font-size:20px;font-weight:700;\" class=\"wpb_text_column has-custom-color wpex-child-inherit-color wpb_content_element\" >\n\t\t<div class=\"wpb_wrapper\">\n\t\t\t<p>Garmin Epic Trail Speed<\/p>\n\n\t\t<\/div>\n\t<\/div>\n\n\t<div style=\"color:#ffffff;\" class=\"wpb_text_column has-custom-color wpex-child-inherit-color wpb_content_element\" >\n\t\t<div class=\"wpb_wrapper\">\n\t\t\t<p><strong>28th JUNE <\/strong><strong>2026<\/strong><\/p>\n\n\t\t<\/div>\n\t<\/div>\n<div class=\"vcex-spacing wpex-w-100 wpex-clear\" style=\"height:20px;\"><\/div><style>.vcex-multi-buttons.vcex_69e723b87b058 .theme-button,.vcex-multi-buttons.vcex_69e723b87b058 .theme-txt-link{border-radius:0px;}<\/style><div class=\"vcex-multi-buttons wpex-flex wpex-flex-wrap wpex-items-center wpex-gap-10 vcex_69e723b87b058\"><a href=\"https:\/\/garminmountainfestival.com\/en\/races-garmin-epic-trail\/garmin-epic-trail-speed-12k\/\" title=\"Garmin Epic Trail Speed 12K\" class=\"theme-button flat outline-transparent wpex-text-center vcex-count-1\">DETAILS<\/a><a href=\"https:\/\/www.rockthesport.com\/en\/event\/garmin-mountain-festival-2026\/registration\/select-rate?&#038;fee_tag=SPEED\" title=\"Garmin Epic Trail Speed 12K\" class=\"theme-button flat outline-transparent wpex-text-center vcex-count-2\" target=\"_blank\" rel=\"noopener noreferrer\">REGISTER<\/a><\/div><div class=\"vcex-spacing wpex-w-100 wpex-clear\" style=\"height:15px;\"><\/div><\/div><\/div><\/div><\/div><\/div>[\/vc_column][\/vc_row]\n<\/div>","protected":false},"excerpt":{"rendered":"The EPIC TRAIL VALL DE BO\u00cd Born in July 2014, it was a project promoted by the Catalan brand BUFF, a pioneer in its format and with the aim of becoming an international reference for outdoor sports. With the help of Joan Rojas (founder of BUFF), and Joan Paralada (Mayor of the Bo\u00ed Valley at&hellip;","protected":false},"author":6,"featured_media":2213,"parent":0,"menu_order":0,"comment_status":"closed","ping_status":"closed","template":"","meta":{"footnotes":""},"class_list":["post-2904","page","type-page","status-publish","has-post-thumbnail","hentry","entry","has-media"],"_links":{"self":[{"href":"https:\/\/garminmountainfestival.com\/en\/wp-json\/wp\/v2\/pages\/2904","targetHints":{"allow":["GET"]}}],"collection":[{"href":"https:\/\/garminmountainfestival.com\/en\/wp-json\/wp\/v2\/pages"}],"about":[{"href":"https:\/\/garminmountainfestival.com\/en\/wp-json\/wp\/v2\/types\/page"}],"author":[{"embeddable":true,"href":"https:\/\/garminmountainfestival.com\/en\/wp-json\/wp\/v2\/users\/6"}],"replies":[{"embeddable":true,"href":"https:\/\/garminmountainfestival.com\/en\/wp-json\/wp\/v2\/comments?post=2904"}],"version-history":[{"count":9,"href":"https:\/\/garminmountainfestival.com\/en\/wp-json\/wp\/v2\/pages\/2904\/revisions"}],"predecessor-version":[{"id":4209,"href":"https:\/\/garminmountainfestival.com\/en\/wp-json\/wp\/v2\/pages\/2904\/revisions\/4209"}],"wp:featuredmedia":[{"embeddable":true,"href":"https:\/\/garminmountainfestival.com\/en\/wp-json\/wp\/v2\/media\/2213"}],"wp:attachment":[{"href":"https:\/\/garminmountainfestival.com\/en\/wp-json\/wp\/v2\/media?parent=2904"}],"curies":[{"name":"wp","href":"https:\/\/api.w.org\/{rel}","templated":true}]}}