{"id":2891,"date":"2023-08-02T13:41:26","date_gmt":"2023-08-02T11:41:26","guid":{"rendered":"https:\/\/wpprovis.com\/destinacion\/"},"modified":"2024-03-15T10:37:29","modified_gmt":"2024-03-15T09:37:29","slug":"destinacion","status":"publish","type":"page","link":"https:\/\/garminmountainfestival.com\/en\/destinacion\/","title":{"rendered":"Destination"},"content":{"rendered":"<div class=\"wpb-content-wrapper\">[vc_row full_width=&#8221;stretch_row_content&#8221; remove_bottom_col_margin=&#8221;true&#8221; css=&#8221;.vc_custom_1703072105961{padding-top: 50px !important;padding-bottom: 50px !important;}&#8221;][vc_column width=&#8221;1\/3&#8243;]<div class=\"wpex-slider-preloaderimg wpex-relative no-stretch\"><img width=\"963\" height=\"963\" src=\"https:\/\/garminmountainfestival.com\/wp-content\/uploads\/2023\/12\/vall-de-boi-9.jpeg\" class=\"wpex-aspect-1-1 wpex-object-cover skip-lazy\" alt=\"\" data-no-lazy=\"1\" srcset=\"https:\/\/garminmountainfestival.com\/wp-content\/uploads\/2023\/12\/vall-de-boi-9.jpeg 963w, https:\/\/garminmountainfestival.com\/wp-content\/uploads\/2023\/12\/vall-de-boi-9-300x300.jpeg 300w, https:\/\/garminmountainfestival.com\/wp-content\/uploads\/2023\/12\/vall-de-boi-9-150x150.jpeg 150w, https:\/\/garminmountainfestival.com\/wp-content\/uploads\/2023\/12\/vall-de-boi-9-768x768.jpeg 768w, https:\/\/garminmountainfestival.com\/wp-content\/uploads\/2023\/12\/vall-de-boi-9-350x350.jpeg 350w\" sizes=\"(max-width: 963px) 100vw, 963px\" \/><\/div><div class=\"vcex-image-slider vcex-module wpex-slider slider-pro wpex-clr no-stretch\"Array><div class=\"wpex-slider-slides sp-slides\"><div class=\"wpex-slider-slide sp-slide\"><div class=\"wpex-slider-media wpex-relative\"><img width=\"963\" height=\"963\" src=\"https:\/\/garminmountainfestival.com\/wp-content\/uploads\/2023\/12\/vall-de-boi-9.jpeg\" class=\"wpex-aspect-1-1 wpex-object-cover skip-lazy\" alt=\"\" data-no-lazy=\"1\" srcset=\"https:\/\/garminmountainfestival.com\/wp-content\/uploads\/2023\/12\/vall-de-boi-9.jpeg 963w, https:\/\/garminmountainfestival.com\/wp-content\/uploads\/2023\/12\/vall-de-boi-9-300x300.jpeg 300w, https:\/\/garminmountainfestival.com\/wp-content\/uploads\/2023\/12\/vall-de-boi-9-150x150.jpeg 150w, https:\/\/garminmountainfestival.com\/wp-content\/uploads\/2023\/12\/vall-de-boi-9-768x768.jpeg 768w, https:\/\/garminmountainfestival.com\/wp-content\/uploads\/2023\/12\/vall-de-boi-9-350x350.jpeg 350w\" sizes=\"(max-width: 963px) 100vw, 963px\" \/><\/div><\/div><div class=\"wpex-slider-slide sp-slide\"><div class=\"wpex-slider-media wpex-relative\"><img width=\"1440\" height=\"1440\" src=\"https:\/\/garminmountainfestival.com\/wp-content\/uploads\/2023\/12\/vall-de-boi-8.jpeg\" class=\"wpex-aspect-1-1 wpex-object-cover skip-lazy\" alt=\"\" data-no-lazy=\"1\" srcset=\"https:\/\/garminmountainfestival.com\/wp-content\/uploads\/2023\/12\/vall-de-boi-8.jpeg 1440w, https:\/\/garminmountainfestival.com\/wp-content\/uploads\/2023\/12\/vall-de-boi-8-300x300.jpeg 300w, https:\/\/garminmountainfestival.com\/wp-content\/uploads\/2023\/12\/vall-de-boi-8-1024x1024.jpeg 1024w, https:\/\/garminmountainfestival.com\/wp-content\/uploads\/2023\/12\/vall-de-boi-8-150x150.jpeg 150w, https:\/\/garminmountainfestival.com\/wp-content\/uploads\/2023\/12\/vall-de-boi-8-768x768.jpeg 768w, https:\/\/garminmountainfestival.com\/wp-content\/uploads\/2023\/12\/vall-de-boi-8-350x350.jpeg 350w\" sizes=\"(max-width: 1440px) 100vw, 1440px\" \/><\/div><\/div><div class=\"wpex-slider-slide sp-slide\"><div class=\"wpex-slider-media wpex-relative\"><img width=\"1299\" height=\"1299\" src=\"https:\/\/garminmountainfestival.com\/wp-content\/uploads\/2023\/12\/vall-de-boi-7.jpeg\" class=\"wpex-aspect-1-1 wpex-object-cover skip-lazy\" alt=\"\" data-no-lazy=\"1\" srcset=\"https:\/\/garminmountainfestival.com\/wp-content\/uploads\/2023\/12\/vall-de-boi-7.jpeg 1299w, https:\/\/garminmountainfestival.com\/wp-content\/uploads\/2023\/12\/vall-de-boi-7-300x300.jpeg 300w, https:\/\/garminmountainfestival.com\/wp-content\/uploads\/2023\/12\/vall-de-boi-7-1024x1024.jpeg 1024w, https:\/\/garminmountainfestival.com\/wp-content\/uploads\/2023\/12\/vall-de-boi-7-150x150.jpeg 150w, https:\/\/garminmountainfestival.com\/wp-content\/uploads\/2023\/12\/vall-de-boi-7-768x768.jpeg 768w, https:\/\/garminmountainfestival.com\/wp-content\/uploads\/2023\/12\/vall-de-boi-7-350x350.jpeg 350w\" sizes=\"(max-width: 1299px) 100vw, 1299px\" \/><\/div><\/div><div class=\"wpex-slider-slide sp-slide\"><div class=\"wpex-slider-media wpex-relative\"><img width=\"1426\" height=\"1426\" src=\"https:\/\/garminmountainfestival.com\/wp-content\/uploads\/2023\/12\/vall-de-boi-6.jpeg\" class=\"wpex-aspect-1-1 wpex-object-cover skip-lazy\" alt=\"\" data-no-lazy=\"1\" srcset=\"https:\/\/garminmountainfestival.com\/wp-content\/uploads\/2023\/12\/vall-de-boi-6.jpeg 1426w, https:\/\/garminmountainfestival.com\/wp-content\/uploads\/2023\/12\/vall-de-boi-6-300x300.jpeg 300w, https:\/\/garminmountainfestival.com\/wp-content\/uploads\/2023\/12\/vall-de-boi-6-1024x1024.jpeg 1024w, https:\/\/garminmountainfestival.com\/wp-content\/uploads\/2023\/12\/vall-de-boi-6-150x150.jpeg 150w, https:\/\/garminmountainfestival.com\/wp-content\/uploads\/2023\/12\/vall-de-boi-6-768x768.jpeg 768w, https:\/\/garminmountainfestival.com\/wp-content\/uploads\/2023\/12\/vall-de-boi-6-350x350.jpeg 350w\" sizes=\"(max-width: 1426px) 100vw, 1426px\" \/><\/div><\/div><div class=\"wpex-slider-slide sp-slide\"><div class=\"wpex-slider-media wpex-relative\"><img width=\"871\" height=\"871\" src=\"https:\/\/garminmountainfestival.com\/wp-content\/uploads\/2023\/12\/vall-de-boi-5.jpeg\" class=\"wpex-aspect-1-1 wpex-object-cover skip-lazy\" alt=\"\" data-no-lazy=\"1\" srcset=\"https:\/\/garminmountainfestival.com\/wp-content\/uploads\/2023\/12\/vall-de-boi-5.jpeg 871w, https:\/\/garminmountainfestival.com\/wp-content\/uploads\/2023\/12\/vall-de-boi-5-300x300.jpeg 300w, https:\/\/garminmountainfestival.com\/wp-content\/uploads\/2023\/12\/vall-de-boi-5-150x150.jpeg 150w, https:\/\/garminmountainfestival.com\/wp-content\/uploads\/2023\/12\/vall-de-boi-5-768x768.jpeg 768w, https:\/\/garminmountainfestival.com\/wp-content\/uploads\/2023\/12\/vall-de-boi-5-350x350.jpeg 350w\" sizes=\"(max-width: 871px) 100vw, 871px\" \/><\/div><\/div><div class=\"wpex-slider-slide sp-slide\"><div class=\"wpex-slider-media wpex-relative\"><img width=\"964\" height=\"964\" src=\"https:\/\/garminmountainfestival.com\/wp-content\/uploads\/2023\/12\/vall-de-boi-4.jpeg\" class=\"wpex-aspect-1-1 wpex-object-cover skip-lazy\" alt=\"\" data-no-lazy=\"1\" srcset=\"https:\/\/garminmountainfestival.com\/wp-content\/uploads\/2023\/12\/vall-de-boi-4.jpeg 964w, https:\/\/garminmountainfestival.com\/wp-content\/uploads\/2023\/12\/vall-de-boi-4-300x300.jpeg 300w, https:\/\/garminmountainfestival.com\/wp-content\/uploads\/2023\/12\/vall-de-boi-4-150x150.jpeg 150w, https:\/\/garminmountainfestival.com\/wp-content\/uploads\/2023\/12\/vall-de-boi-4-768x768.jpeg 768w, https:\/\/garminmountainfestival.com\/wp-content\/uploads\/2023\/12\/vall-de-boi-4-350x350.jpeg 350w\" sizes=\"(max-width: 964px) 100vw, 964px\" \/><\/div><\/div><div class=\"wpex-slider-slide sp-slide\"><div class=\"wpex-slider-media wpex-relative\"><img width=\"864\" height=\"864\" src=\"https:\/\/garminmountainfestival.com\/wp-content\/uploads\/2023\/12\/vall-de-boi-3.jpeg\" class=\"wpex-aspect-1-1 wpex-object-cover skip-lazy\" alt=\"\" data-no-lazy=\"1\" srcset=\"https:\/\/garminmountainfestival.com\/wp-content\/uploads\/2023\/12\/vall-de-boi-3.jpeg 864w, https:\/\/garminmountainfestival.com\/wp-content\/uploads\/2023\/12\/vall-de-boi-3-300x300.jpeg 300w, https:\/\/garminmountainfestival.com\/wp-content\/uploads\/2023\/12\/vall-de-boi-3-150x150.jpeg 150w, https:\/\/garminmountainfestival.com\/wp-content\/uploads\/2023\/12\/vall-de-boi-3-768x768.jpeg 768w, https:\/\/garminmountainfestival.com\/wp-content\/uploads\/2023\/12\/vall-de-boi-3-350x350.jpeg 350w\" sizes=\"(max-width: 864px) 100vw, 864px\" \/><\/div><\/div><div class=\"wpex-slider-slide sp-slide\"><div class=\"wpex-slider-media wpex-relative\"><img width=\"966\" height=\"966\" src=\"https:\/\/garminmountainfestival.com\/wp-content\/uploads\/2023\/12\/vall-de-boi-2.jpeg\" class=\"wpex-aspect-1-1 wpex-object-cover skip-lazy\" alt=\"\" data-no-lazy=\"1\" srcset=\"https:\/\/garminmountainfestival.com\/wp-content\/uploads\/2023\/12\/vall-de-boi-2.jpeg 966w, https:\/\/garminmountainfestival.com\/wp-content\/uploads\/2023\/12\/vall-de-boi-2-300x300.jpeg 300w, https:\/\/garminmountainfestival.com\/wp-content\/uploads\/2023\/12\/vall-de-boi-2-150x150.jpeg 150w, https:\/\/garminmountainfestival.com\/wp-content\/uploads\/2023\/12\/vall-de-boi-2-768x768.jpeg 768w, https:\/\/garminmountainfestival.com\/wp-content\/uploads\/2023\/12\/vall-de-boi-2-350x350.jpeg 350w\" sizes=\"(max-width: 966px) 100vw, 966px\" \/><\/div><\/div><div class=\"wpex-slider-slide sp-slide\"><div class=\"wpex-slider-media wpex-relative\"><img width=\"1440\" height=\"1440\" src=\"https:\/\/garminmountainfestival.com\/wp-content\/uploads\/2023\/12\/vall-de-boi-1.jpeg\" class=\"wpex-aspect-1-1 wpex-object-cover skip-lazy\" alt=\"\" data-no-lazy=\"1\" srcset=\"https:\/\/garminmountainfestival.com\/wp-content\/uploads\/2023\/12\/vall-de-boi-1.jpeg 1440w, https:\/\/garminmountainfestival.com\/wp-content\/uploads\/2023\/12\/vall-de-boi-1-300x300.jpeg 300w, https:\/\/garminmountainfestival.com\/wp-content\/uploads\/2023\/12\/vall-de-boi-1-1024x1024.jpeg 1024w, https:\/\/garminmountainfestival.com\/wp-content\/uploads\/2023\/12\/vall-de-boi-1-150x150.jpeg 150w, https:\/\/garminmountainfestival.com\/wp-content\/uploads\/2023\/12\/vall-de-boi-1-768x768.jpeg 768w, https:\/\/garminmountainfestival.com\/wp-content\/uploads\/2023\/12\/vall-de-boi-1-350x350.jpeg 350w\" sizes=\"(max-width: 1440px) 100vw, 1440px\" \/><\/div><\/div><\/div><\/div><div class=\"vcex-spacing wpex-w-100 wpex-clear\"><\/div>[\/vc_column][vc_column width=&#8221;2\/3&#8243;][vc_row_inner][vc_column_inner width=&#8221;2\/3&#8243;][vc_column_text]\n<div class=\"content-wrap\">\n<p style=\"text-align: justify;\">Vall de Bo\u00ed is a municipality consisting of eight small villages with a population of between 9 and 200 inhabitants. Its high mountain environment and extreme weather contributed to the isolation of the valley for many centuries. This, together with the nature of its people, their customs and traditions and an economy based for centuries on subsistence farming, has managed to preserve the territory and its natural and cultural riches almost intact.<\/p>\n<\/div>\n[\/vc_column_text][\/vc_column_inner][vc_column_inner width=&#8221;1\/3&#8243;]<figure class=\"vcex-image vcex-module\"><div class=\"vcex-image-inner wpex-relative wpex-inline-block\"><a href=\"https:\/\/www.vallboi.cat\/en\/hiking\" target=\"_blank\" rel=\"noopener noreferrer\"><img width=\"652\" height=\"238\" src=\"https:\/\/garminmountainfestival.com\/wp-content\/uploads\/2024\/02\/logo_vall_de_boi.png\" class=\"vcex-image-img wpex-align-middle\" alt=\"\" loading=\"lazy\" decoding=\"async\" srcset=\"https:\/\/garminmountainfestival.com\/wp-content\/uploads\/2024\/02\/logo_vall_de_boi.png 652w, https:\/\/garminmountainfestival.com\/wp-content\/uploads\/2024\/02\/logo_vall_de_boi-300x110.png 300w\" sizes=\"auto, (max-width: 652px) 100vw, 652px\" \/><\/a><\/div><\/figure>[\/vc_column_inner][\/vc_row_inner]<div class=\"vcex-spacing wpex-w-100 wpex-clear\"><\/div>[vc_column_text]The main attractions of the valley are:<\/p>\n<ul>\n<li>The Aig\u00fcestortes, Estany de Sant Maurici National Park, The Baths of Caldes de Bo\u00ed, The ski runs of Bo\u00ed-Ta\u00fcll Resort and the ensemble of Romanesque churches which have been declared World Heritage Site by UNESCO.<\/li>\n<\/ul>\n[\/vc_column_text]<div class=\"vcex-spacing wpex-w-100 wpex-clear\"><\/div><div class=\"vcex-multi-buttons wpex-flex wpex-flex-wrap wpex-items-center wpex-gap-10\"><a href=\"https:\/\/www.vallboi.cat\/en\/hiking\" class=\"theme-button flat outline-transparent wpex-text-center vcex-count-1\" target=\"_blank\" rel=\"noopener noreferrer\">ROUTES<\/a><a href=\"https:\/\/www.vallboi.cat\/en\" class=\"theme-button flat outline-transparent wpex-text-center vcex-count-2\" target=\"_blank\" rel=\"noopener noreferrer\">TOURISM<\/a><a href=\"https:\/\/www.vallboi.cat\/es\/outdoor-park-vall-de-boi\" class=\"theme-button flat outline-transparent wpex-text-center vcex-count-3\" target=\"_blank\" rel=\"noopener noreferrer\">OUTDOOR PARK<\/a><a href=\"https:\/\/garminmountainfestival.com\/en\/accommodation\/\" title=\"Accommodation\" class=\"theme-button flat outline-transparent wpex-text-center vcex-count-4\" target=\"_blank\" rel=\"noopener noreferrer\">ACCOMMODATION<\/a><\/div>[\/vc_column][\/vc_row][vc_row full_width=&#8221;stretch_row_content&#8221; remove_bottom_col_margin=&#8221;true&#8221; css=&#8221;.vc_custom_1703070699029{padding-top: 50px !important;padding-bottom: 50px !important;}&#8221;][vc_column]<style>.vcex-heading.vcex_69e723e62d6ee{font-size:30px;font-weight:700;}<\/style><div class=\"vcex-heading vcex-heading-plain vcex-module wpex-heading wpex-text-2xl wpex-text-center vcex_69e723e62d6ee\"><span class=\"vcex-heading-inner wpex-inline-block\">How to get to Garmin Mountain Festival<\/span><\/div>[\/vc_column][\/vc_row][vc_row][vc_column width=&#8221;1\/4&#8243;][vc_column_text]<strong>Barcelona<\/strong>\u00a0280Km<br \/>\n<strong>Tarragona <\/strong>236Km[\/vc_column_text][\/vc_column][vc_column width=&#8221;1\/4&#8243;][vc_column_text]<strong>Girona<\/strong>\u00a0400 Km<br \/>\n<strong>Lleida<\/strong>\u00a0145Km[\/vc_column_text][\/vc_column][vc_column width=&#8221;1\/4&#8243;][vc_column_text]<strong>Madrid<\/strong>\u00a0610Km<br \/>\n<strong>Sant Sebastian<\/strong>\u00a0490Km[\/vc_column_text][\/vc_column][vc_column width=&#8221;1\/4&#8243;][vc_column_text]<strong>Zaragoza<\/strong> 250Km<br \/>\n<strong>Bilbao<\/strong> 480Km[\/vc_column_text][\/vc_column][\/vc_row][vc_row full_width=&#8221;stretch_row_content&#8221;][vc_column width=&#8221;1\/2&#8243;]<style>.vcex-icon-box.vcex_69e723e62e268{background:#f5f8fe;border-radius:4px;}.vcex-icon-box.vcex_69e723e62e268 .vcex-icon-box-heading{color:#000000;font-size:1.3em;font-weight:700;}.vcex-icon-box.vcex_69e723e62e268 .vcex-icon-box-icon{font-size:50px;color:var(--wpex-accent);}<\/style><div class=\"vcex-module vcex-icon-box vcex-icon-box-two wpex-block wpex-shadow-xs wpex-py-40 wpex-px-40 vcex_69e723e62e268\"><div class=\"vcex-icon-box-symbol vcex-icon-box-symbol--icon wpex-mb-20\"><div class=\"vcex-icon-box-icon wpex-items-center wpex-justify-center wpex-child-inherit-color wpex-text-center wpex-leading-none wpex-inline-flex wpex-text-1\"><span class=\"wpex-flex fas fa-car\" aria-hidden=\"true\"><\/span><\/div><\/div><div class=\"vcex-icon-box-text\"><h2 class=\"vcex-icon-box-heading wpex-heading wpex-mb-10\">BY CAR<\/h2><div class=\"vcex-icon-box-content wpex-last-mb-0 wpex-clr\"><p><strong>Desde Lleida ( 145 km )<br \/>\n<\/strong>N-230 Torrefarrera \u2013 Alfarr\u00e0s \u2013 Benavarri \u2013 El Pont de Suert, and at 1,5 km far Turn right to Vall de Bo\u00ed L-500 route<\/p>\n<p><span class=\"tlid-translation translation\" lang=\"ca\"><span class=\"\" title=\"\"><strong>Desde Barcelona ( 280 km )<br \/>\n<\/strong>Autopista A-2 Barcelona \u2013 Lleida, Exit N-230 Alfarr\u00e0s \u2013 El Pont de Suert ,\u00a0y a 1,5 km gira a la derecha hacia la Vall de Bo\u00ed<br \/>\n<\/span><\/span><\/p>\n<p><strong>Autopista AP-2<br \/>\n<\/strong>Hasta Lleida y N-230 Alfarr\u00e0s \u2013 El Pont de Suert , <span class=\"tlid-translation translation\" lang=\"ca\"><span class=\"\" title=\"\">y a 1,5 km gira a la derecha hacia la Vall de Bo\u00ed<\/span><\/span><\/p>\n<\/div><\/div><\/div>[\/vc_column][vc_column width=&#8221;1\/2&#8243;]<style>.vcex-icon-box.vcex_69e723e62ed2b{background:#f5f8fe;}.vcex-icon-box.vcex_69e723e62ed2b .vcex-icon-box-heading{color:#000000;font-size:1.3em;font-weight:700;}.vcex-icon-box.vcex_69e723e62ed2b .vcex-icon-box-icon{font-size:50px;color:var(--wpex-accent);}<\/style><div class=\"vcex-module vcex-icon-box vcex-icon-box-two wpex-block wpex-shadow-xs wpex-py-40 wpex-px-40 vcex_69e723e62ed2b\"><div class=\"vcex-icon-box-symbol vcex-icon-box-symbol--icon wpex-mb-20\"><div class=\"vcex-icon-box-icon wpex-items-center wpex-justify-center wpex-child-inherit-color wpex-text-center wpex-leading-none wpex-inline-flex wpex-text-1\"><span class=\"wpex-flex wpex-icon\" aria-hidden=\"true\"><svg xmlns=\"http:\/\/www.w3.org\/2000\/svg\" viewBox=\"0 0 576 512\"><path d=\"M482.3 192c34.2 0 93.7 29 93.7 64c0 36-59.5 64-93.7 64l-116.6 0L265.2 495.9c-5.7 10-16.3 16.1-27.8 16.1l-56.2 0c-10.6 0-18.3-10.2-15.4-20.4l49-171.6L112 320 68.8 377.6c-3 4-7.8 6.4-12.8 6.4l-42 0c-7.8 0-14-6.3-14-14c0-1.3 .2-2.6 .5-3.9L32 256 .5 145.9c-.4-1.3-.5-2.6-.5-3.9c0-7.8 6.3-14 14-14l42 0c5 0 9.8 2.4 12.8 6.4L112 192l102.9 0-49-171.6C162.9 10.2 170.6 0 181.2 0l56.2 0c11.5 0 22.1 6.2 27.8 16.1L365.7 192l116.6 0z\"\/><\/svg><\/span><\/div><\/div><div class=\"vcex-icon-box-text\"><h2 class=\"vcex-icon-box-heading wpex-heading wpex-mb-10\">BY PLANE<\/h2><div class=\"vcex-icon-box-content wpex-last-mb-0 wpex-clr\"><p>Airport Toulouse \u2013 210 km<br \/>\nAirport Barcelona \u2013 305 km<br \/>\nAirport Zaragoza \u2013 245 km<\/p>\n<\/div><\/div><\/div><style>.vcex-icon-box.vcex_69e723e62f6a9{background:#f5f8fe;border-radius:4px;}.vcex-icon-box.vcex_69e723e62f6a9 .vcex-icon-box-heading{color:#000000;font-size:1.3em;font-weight:700;}.vcex-icon-box.vcex_69e723e62f6a9 .vcex-icon-box-icon{font-size:50px;color:var(--wpex-accent);}<\/style><div class=\"vcex-module vcex-icon-box vcex-icon-box-two wpex-block wpex-shadow-xs wpex-py-40 wpex-px-40 vcex_69e723e62f6a9\"><div class=\"vcex-icon-box-symbol vcex-icon-box-symbol--icon wpex-mb-20\"><div class=\"vcex-icon-box-icon wpex-items-center wpex-justify-center wpex-child-inherit-color wpex-text-center wpex-leading-none wpex-inline-flex wpex-text-1\"><span class=\"wpex-flex wpex-icon\" aria-hidden=\"true\"><svg xmlns=\"http:\/\/www.w3.org\/2000\/svg\" viewBox=\"0 0 448 512\"><path d=\"M96 0C43 0 0 43 0 96V352c0 48 35.2 87.7 81.1 94.9l-46 46C28.1 499.9 33.1 512 43 512H82.7c8.5 0 16.6-3.4 22.6-9.4L160 448H288l54.6 54.6c6 6 14.1 9.4 22.6 9.4H405c10 0 15-12.1 7.9-19.1l-46-46c46-7.1 81.1-46.9 81.1-94.9V96c0-53-43-96-96-96H96zM64 96c0-17.7 14.3-32 32-32H352c17.7 0 32 14.3 32 32v96c0 17.7-14.3 32-32 32H96c-17.7 0-32-14.3-32-32V96zM224 288a48 48 0 1 1 0 96 48 48 0 1 1 0-96z\"\/><\/svg><\/span><\/div><\/div><div class=\"vcex-icon-box-text\"><h2 class=\"vcex-icon-box-heading wpex-heading wpex-mb-10\">TRAIN STATIONS<\/h2><div class=\"vcex-icon-box-content wpex-last-mb-0 wpex-clr\"><p>You can get a high-speed train to the AVE station in Lleida, and then reach the Vall de Bo\u00ed from there by bus, taxi or hire car.<\/p>\n<\/div><\/div><\/div>[\/vc_column][\/vc_row][vc_row full_width=&#8221;stretch_row_content_no_spaces&#8221;][vc_column][vc_gmaps link=&#8221;#E-8_JTNDaWZyYW1lJTIwc3JjJTNEJTIyaHR0cHMlM0ElMkYlMkZ3d3cuZ29vZ2xlLmNvbSUyRm1hcHMlMkZlbWJlZCUzRnBiJTNEJTIxMW0xNCUyMTFtOCUyMTFtMyUyMTFkMTQ3MC42OTg4ODQ0MzUzMTk1JTIxMmQwLjc5OTc5MDklMjEzZDQyLjUwNDM1NDMlMjEzbTIlMjExaTEwMjQlMjEyaTc2OCUyMTRmMTMuMSUyMTNtMyUyMTFtMiUyMTFzMHgxMmE2MjZlMzcwNTgyNTRkJTI1M0EweDQxYTQyMDliNTgwMjVkMTglMjEyc1BhdHJvbmF0JTI1MjBkZSUyNTIwVHVyaXNtZSUyNTIwZGUlMjUyMGxhJTI1MjBWYWxsJTI1MjBkZSUyNTIwQm8lMjVDMyUyNUFEJTI1MjAlMjU3QyUyNTIwQmFycnVlcmElMjE1ZTAlMjEzbTIlMjExc2VzJTIxMnNlcyUyMTR2MTcwMzA3MTMzMTUwMSUyMTVtMiUyMTFzZXMlMjEyc2VzJTIyJTIwd2lkdGglM0QlMjI2MDAlMjIlMjBoZWlnaHQlM0QlMjI0NTAlMjIlMjBzdHlsZSUzRCUyMmJvcmRlciUzQTAlM0IlMjIlMjBhbGxvd2Z1bGxzY3JlZW4lM0QlMjIlMjIlMjBsb2FkaW5nJTNEJTIybGF6eSUyMiUyMHJlZmVycmVycG9saWN5JTNEJTIybm8tcmVmZXJyZXItd2hlbi1kb3duZ3JhZGUlMjIlM0UlM0MlMkZpZnJhbWUlM0U=&#8221;][\/vc_column][\/vc_row]\n<\/div>","protected":false},"excerpt":{"rendered":"<p>[vc_row full_width=&#8221;stretch_row_content&#8221; remove_bottom_col_margin=&#8221;true&#8221; css=&#8221;.vc_custom_1703072105961{padding-top: 50px !important;padding-bottom: 50px !important;}&#8221;][vc_column width=&#8221;1\/3&#8243;][\/vc_column][vc_column width=&#8221;2\/3&#8243;][vc_row_inner][vc_column_inner width=&#8221;2\/3&#8243;][vc_column_text] Vall de Bo\u00ed is a municipality consisting of eight small villages with a population of between 9 and 200 inhabitants. Its high mountain environment and extreme weather contributed to the isolation of the valley for many centuries. This, together with the nature of its&hellip;<\/p>\n","protected":false},"author":6,"featured_media":2409,"parent":0,"menu_order":0,"comment_status":"closed","ping_status":"closed","template":"","meta":{"footnotes":""},"class_list":["post-2891","page","type-page","status-publish","has-post-thumbnail","hentry","entry","has-media"],"_links":{"self":[{"href":"https:\/\/garminmountainfestival.com\/en\/wp-json\/wp\/v2\/pages\/2891","targetHints":{"allow":["GET"]}}],"collection":[{"href":"https:\/\/garminmountainfestival.com\/en\/wp-json\/wp\/v2\/pages"}],"about":[{"href":"https:\/\/garminmountainfestival.com\/en\/wp-json\/wp\/v2\/types\/page"}],"author":[{"embeddable":true,"href":"https:\/\/garminmountainfestival.com\/en\/wp-json\/wp\/v2\/users\/6"}],"replies":[{"embeddable":true,"href":"https:\/\/garminmountainfestival.com\/en\/wp-json\/wp\/v2\/comments?post=2891"}],"version-history":[{"count":7,"href":"https:\/\/garminmountainfestival.com\/en\/wp-json\/wp\/v2\/pages\/2891\/revisions"}],"predecessor-version":[{"id":3336,"href":"https:\/\/garminmountainfestival.com\/en\/wp-json\/wp\/v2\/pages\/2891\/revisions\/3336"}],"wp:featuredmedia":[{"embeddable":true,"href":"https:\/\/garminmountainfestival.com\/en\/wp-json\/wp\/v2\/media\/2409"}],"wp:attachment":[{"href":"https:\/\/garminmountainfestival.com\/en\/wp-json\/wp\/v2\/media?parent=2891"}],"curies":[{"name":"wp","href":"https:\/\/api.w.org\/{rel}","templated":true}]}}