{"id":5795,"date":"2026-05-07T13:04:57","date_gmt":"2026-05-07T11:04:57","guid":{"rendered":"https:\/\/garminmountainfestival.com\/festival\/caminata-vall-de-boi\/"},"modified":"2026-05-08T09:33:37","modified_gmt":"2026-05-08T07:33:37","slug":"caminada-vall-de-boi","status":"publish","type":"page","link":"https:\/\/garminmountainfestival.com\/ca\/festival\/caminada-vall-de-boi\/","title":{"rendered":"Caminada Vall de Bo\u00ed"},"content":{"rendered":"<div class=\"wpb-content-wrapper\">[vc_row full_width=&#8221;stretch_row_content&#8221; gap=&#8221;35&#8243; css=&#8221;.vc_custom_1778153014310{margin-top: 40px !important;}&#8221;][vc_column width=&#8221;2\/3&#8243;]<style>.vcex-heading.vcex_69fde4070e97c{font-size:30px;}<\/style><h2 class=\"vcex-heading vcex-heading-plain vcex-module wpex-heading wpex-text-2xl vcex_69fde4070e97c\"><span class=\"vcex-heading-inner wpex-inline-block\">Descripci\u00f3<\/span><\/h2>[vc_column_text css=&#8221;&#8221; color=&#8221;#333333&#8243;]El diumenge 28 de juny de 2026, el Garmin Mountain Festival et convida a descobrir la Vall de Bo\u00ed d\u2019una manera tranquil\u00b7la, saludable i compartida amb la <strong>Caminada de la Vall de Bo\u00ed<\/strong>.<\/p>\n<p>Amb sortida i arribada a <strong>Barruera<\/strong>, al Village del festival, aquesta activitat proposa un recorregut senyalitzat de <strong>12 km<\/strong> i prop de <strong>500 m de desnivell<\/strong>, passant per alguns dels pobles m\u00e9s emblem\u00e0tics de la vall: <strong>Erill la Vall, Bo\u00ed i Durro<\/strong>.<\/p>\n<p>Una proposta pensada per a totes aquelles persones que gaudeixen de l\u2019esport sense pressa, que volen caminar en bona companyia o que practiquen <strong>Marxa N\u00f2rdica<\/strong>. El recorregut comptar\u00e0 amb <strong>dos avituallaments<\/strong>, situats a <strong>Erill la Vall<\/strong> i <strong>Durro<\/strong>, per viure l\u2019experi\u00e8ncia amb comoditat i seguretat.<\/p>\n<p>La Caminada de la Vall de Bo\u00ed \u00e9s una invitaci\u00f3 a fer salut, compartir cam\u00ed i gaudir del medi natural, el patrimoni i l\u2019entorn privilegiat del Pirineu.<\/p>\n<h4><strong>&#8220;Una activitat oberta, accessible e ideal per viure el festival a un altre ritme&#8221;.<\/strong><\/h4>\n[\/vc_column_text]<div class=\"vcex-spacing wpex-w-100 wpex-clear\"><\/div>[\/vc_column][vc_column width=&#8221;1\/3&#8243; wpex_shadow=&#8221;shadow-lg&#8221; css=&#8221;.vc_custom_1700818223232{padding-left: 40px !important;background-color: #eeeeee !important;}&#8221;][vc_widget_sidebar sidebar_id=&#8221;horario-caminata&#8221;]<div class=\"templatera_shortcode\"><div class=\"vc_row wpb_row vc_row-fluid wpex-relative\"><div class=\"wpb_column vc_column_container vc_col-sm-12\"><div class=\"vc_column-inner\"><div class=\"wpb_wrapper\"><a href=\"https:\/\/garminmountainfestival.com\/ca\/programa\/\" class=\"vcex-button theme-button inline\"><span class=\"vcex-button-inner theme-button-inner wpex-flex wpex-flex-wrap wpex-items-center wpex-justify-center\">VEURE EL PROGRAMA DEL FESTIVAL<\/span><\/a> <\/div><\/div><\/div><\/div><\/div>[\/vc_column][\/vc_row][vc_row full_width=&#8221;stretch_row_content&#8221; css=&#8221;.vc_custom_1778153478291{padding-top: 40px !important;}&#8221;][vc_column]<div class=\"templatera_shortcode\"><style type=\"text\/css\" data-type=\"vc_shortcodes-custom-css\">.vc_custom_1698144410397{padding-top: 40px !important;}<\/style><div class=\"vc_row wpb_row vc_row-fluid vc_custom_1698144410397 wpex-vc-full-width-row wpex-relative\"><div class=\"wpb_column vc_column_container vc_col-sm-6\"><div class=\"vc_column-inner\"><div class=\"wpb_wrapper\"><div class=\"vc_tta-container\" data-vc-action=\"collapse\"><div class=\"vc_general vc_tta vc_tta-tabs vc_tta-color-grey vc_tta-style-flat vc_tta-shape-square vc_tta-spacing-1 vc_tta-o-no-fill vc_tta-tabs-position-top vc_tta-controls-align-left\"><div class=\"vc_tta-tabs-container\"><ul class=\"vc_tta-tabs-list\" role=\"tablist\"><li class=\"vc_tta-tab vc_active\" data-vc-tab role=\"presentation\"><a href=\"#profile-caminata\" data-vc-tabs data-vc-container=\".vc_tta\" role=\"tab\" aria-selected=\"false\" id=\"tab-profile-caminata\"><span class=\"vc_tta-title-text\">Perfil \/ Profile<\/span><\/a><\/li><li class=\"vc_tta-tab\" data-vc-tab role=\"presentation\"><a href=\"#route-caminata\" data-vc-tabs data-vc-container=\".vc_tta\" role=\"tab\" aria-selected=\"false\" id=\"tab-route-caminata\"><span class=\"vc_tta-title-text\">Recorregut \/ Recorrido \/ Route (*)<\/span><\/a><\/li><\/ul><\/div><div class=\"vc_tta-panels-container\"><div class=\"vc_tta-panels\"><div class=\"vc_tta-panel vc_active\" id=\"profile-caminata\" data-vc-content=\".vc_tta-panel-body\"><div class=\"vc_tta-panel-heading\"><h4 class=\"vc_tta-panel-title\"><a href=\"#profile-caminata\" data-vc-accordion data-vc-container=\".vc_tta-container\"><span class=\"vc_tta-title-text\">Perfil \/ Profile<\/span><\/a><\/h4><\/div><div class=\"vc_tta-panel-body\">\n\t<div class=\"wpb_text_column wpb_content_element\" >\n\t\t<div class=\"wpb_wrapper\">\n\t\t\t<p>PR\u00d3XIMAMENTE<\/p>\n\n\t\t<\/div>\n\t<\/div>\n<\/div><\/div><div class=\"vc_tta-panel\" id=\"route-caminata\" data-vc-content=\".vc_tta-panel-body\"><div class=\"vc_tta-panel-heading\"><h4 class=\"vc_tta-panel-title\"><a href=\"#route-caminata\" data-vc-accordion data-vc-container=\".vc_tta-container\"><span class=\"vc_tta-title-text\">Recorregut \/ Recorrido \/ Route (*)<\/span><\/a><\/h4><\/div><div class=\"vc_tta-panel-body\"><\/div><\/div><\/div><\/div><\/div><\/div><\/div><\/div><\/div><div class=\"wpb_column vc_column_container vc_col-sm-6\"><div class=\"vc_column-inner\"><div class=\"wpb_wrapper\">\n\t<div class=\"wpb_raw_code wpb_raw_html wpb_content_element\" >\n\t\t<div class=\"wpb_wrapper\">\n\t\t\t<iframe frameBorder=\"0\" scrolling=\"no\" src=\"https:\/\/www.wikiloc.com\/wikiloc\/embedv2.do?id=262970472&elevation=off&images=off&maptype=H\" width=\"100%\" height=\"500\" data-cookieconsent=\"necessary\"><\/iframe><div style=\"color:#777;font-size:11px;line-height:16px;\">Powered by&nbsp;<a style=\"color:#4C8C2B;font-size:11px;line-height:16px;\" target=\"_blank\" href=\"https:\/\/www.wikiloc.com\">Wikiloc<\/a><\/div>\n\t\t<\/div>\n\t<\/div>\n<\/div><\/div><\/div><\/div><\/div>[\/vc_column][\/vc_row][vc_row full_width=&#8221;stretch_row_content&#8221; gap=&#8221;35&#8243;][vc_column width=&#8221;1\/3&#8243;]<style>.vcex-heading.vcex_69fde407131f8{font-size:30px;font-weight:700;}<\/style><div class=\"vcex-heading vcex-heading-plain vcex-module wpex-heading wpex-text-2xl vcex_69fde407131f8\"><span class=\"vcex-heading-inner wpex-inline-block\">Apunta't a l'activitat:<br \/>\nCaminada de la Vall de Bo\u00ed<\/span><\/div>[\/vc_column][vc_column width=&#8221;1\/3&#8243;]<div class=\"vcex-spacing wpex-w-100 wpex-clear\" style=\"height:10px;\"><\/div>[vc_column_text css=&#8221;&#8221;]La inscripci\u00f3 inclou:<\/p>\n<ul>\n<li>Dorsal i xip d\u2019un sol \u00fas.<\/li>\n<li>Samarreta commemorativa.<\/li>\n<li>Avituallaments durant la cursa.<\/li>\n<li>Servei m\u00e8dic.<\/li>\n<li>WC, dutxes i vestuaris a la zona esportiva de Barruera.<\/li>\n<li>Regal finisher a tots els participants que finalitzin la prova.<\/li>\n<li>Edat m\u00ednima de participaci\u00f3 15 anys abans del 31 de desembre de l\u2019any de la prova.<\/li>\n<\/ul>\n[\/vc_column_text][\/vc_column][vc_column width=&#8221;1\/3&#8243;][vc_column_text css=&#8221;&#8221;]\n<p style=\"text-align: center;\"><span class=\"description\"><span style=\"font-size: 32px;\"><strong>19\u20ac<\/strong><\/span><br \/>\n<!--<span style=\"font-size: 14px;\">Precio hasta 25\/06\/2025 23:59<\/span>\n<\/span>\n\n--><\/span><\/p>\n[\/vc_column_text]<div class=\"vcex-spacing wpex-w-100 wpex-clear\"><\/div><div class=\"templatera_shortcode\"><style type=\"text\/css\" data-type=\"vc_shortcodes-custom-css\">.vc_custom_1778152072069{padding-top: 0px !important;}<\/style><div class=\"vc_row wpb_row vc_row-fluid wpex-relative\"><div class=\"wpb_column vc_column_container vc_col-sm-12\"><div class=\"vc_column-inner\"><div class=\"wpb_wrapper\"><div class=\"vc_custom_1778152072069 wpex-clr\"><div class=\"theme-button-wrap textcenter wpex-clr\"><a href=\"https:\/\/www.rockthesport.com\/ca\/esdeveniment\/actividades-garmin-mountain-festival-2026\" class=\"vcex-button theme-button medium align-center inline\" target=\"_blank\" rel=\"noopener noreferrer\"><span class=\"vcex-button-inner theme-button-inner wpex-flex wpex-flex-wrap wpex-items-center wpex-justify-center\">INSCRIPCIONS CAMINADA<\/span><\/a><\/div><\/div> <\/div><\/div><\/div><\/div><\/div>[\/vc_column][\/vc_row][vc_row full_width=&#8221;stretch_row_content_no_spaces&#8221;][vc_column]<style class=\"vcex-carousel-preload-css\">.vcex_69fde40715db2{--wpex-carousel-gap:15px;}.vcex_69fde40715db2{--wpex-carousel-columns:1;}.vcex_69fde40715db2.wpex-carousel:not(.wpex-carousel--loaded) > *:not(:nth-child(1n+2)){display:flex!important;}@media only screen and (min-width: 480px) {.vcex_69fde40715db2{--wpex-carousel-columns:2;}.vcex_69fde40715db2.wpex-carousel:not(.wpex-carousel--loaded) > *:not(:nth-child(1n+3)){display:flex!important;}}@media only screen and (min-width: 768px) {.vcex_69fde40715db2{--wpex-carousel-columns:3;}.vcex_69fde40715db2.wpex-carousel:not(.wpex-carousel--loaded) > *:not(:nth-child(1n+4)){display:flex!important;}}@media only screen and (min-width: 960px) {.vcex_69fde40715db2{--wpex-carousel-columns:4;}.vcex_69fde40715db2.wpex-carousel:not(.wpex-carousel--loaded) > *:not(:nth-child(1n+5)){display:flex!important;}}<\/style><div class=\"vcex-image-carousel wpex-carousel wpex-carousel-images wpex-clr vcex-module owl-carousel wpex-carousel--render-onload vcex_69fde40715db2 wpex-carousel-lightbox\" data-wpex-carousel=\"{&quot;nav&quot;:&quot;false&quot;,&quot;autoplay&quot;:&quot;true&quot;,&quot;slideBy&quot;:1,&quot;items&quot;:4,&quot;responsive&quot;:{&quot;0&quot;:{&quot;items&quot;:&quot;1&quot;},&quot;480&quot;:{&quot;items&quot;:&quot;2&quot;},&quot;768&quot;:{&quot;items&quot;:&quot;3&quot;},&quot;960&quot;:{&quot;items&quot;:4}}}\"><div class=\"wpex-carousel-slide\"><figure class=\"wpex-carousel-entry-media entry-media wpex-relative\"><a href=\"https:\/\/garminmountainfestival.com\/wp-content\/uploads\/2026\/05\/caminada-vall-de-boi-garmin-mountain-festival-2.jpg\" class=\"wpex-carousel-entry-img wpex-carousel-lightbox-item\" data-count=\"1\" data-show_title=\"false\"><img width=\"2488\" height=\"1563\" src=\"https:\/\/garminmountainfestival.com\/wp-content\/uploads\/2026\/05\/caminada-vall-de-boi-garmin-mountain-festival-2.jpg\" class=\"wpex-align-middle skip-lazy\" alt=\"\" data-no-lazy=\"1\" srcset=\"https:\/\/garminmountainfestival.com\/wp-content\/uploads\/2026\/05\/caminada-vall-de-boi-garmin-mountain-festival-2.jpg 2488w, https:\/\/garminmountainfestival.com\/wp-content\/uploads\/2026\/05\/caminada-vall-de-boi-garmin-mountain-festival-2-300x188.jpg 300w, https:\/\/garminmountainfestival.com\/wp-content\/uploads\/2026\/05\/caminada-vall-de-boi-garmin-mountain-festival-2-1024x643.jpg 1024w, https:\/\/garminmountainfestival.com\/wp-content\/uploads\/2026\/05\/caminada-vall-de-boi-garmin-mountain-festival-2-768x482.jpg 768w, https:\/\/garminmountainfestival.com\/wp-content\/uploads\/2026\/05\/caminada-vall-de-boi-garmin-mountain-festival-2-1536x965.jpg 1536w, https:\/\/garminmountainfestival.com\/wp-content\/uploads\/2026\/05\/caminada-vall-de-boi-garmin-mountain-festival-2-2048x1287.jpg 2048w\" sizes=\"(max-width: 2488px) 100vw, 2488px\" \/><\/a><\/figure><\/div><div class=\"wpex-carousel-slide\"><figure class=\"wpex-carousel-entry-media entry-media wpex-relative\"><a href=\"https:\/\/garminmountainfestival.com\/wp-content\/uploads\/2026\/05\/caminada-vall-de-boi-garmin-mountain-festival.jpg\" class=\"wpex-carousel-entry-img wpex-carousel-lightbox-item\" data-count=\"2\" data-show_title=\"false\"><img width=\"2232\" height=\"1403\" src=\"https:\/\/garminmountainfestival.com\/wp-content\/uploads\/2026\/05\/caminada-vall-de-boi-garmin-mountain-festival.jpg\" class=\"wpex-align-middle skip-lazy\" alt=\"\" data-no-lazy=\"1\" srcset=\"https:\/\/garminmountainfestival.com\/wp-content\/uploads\/2026\/05\/caminada-vall-de-boi-garmin-mountain-festival.jpg 2232w, https:\/\/garminmountainfestival.com\/wp-content\/uploads\/2026\/05\/caminada-vall-de-boi-garmin-mountain-festival-300x189.jpg 300w, https:\/\/garminmountainfestival.com\/wp-content\/uploads\/2026\/05\/caminada-vall-de-boi-garmin-mountain-festival-1024x644.jpg 1024w, https:\/\/garminmountainfestival.com\/wp-content\/uploads\/2026\/05\/caminada-vall-de-boi-garmin-mountain-festival-768x483.jpg 768w, https:\/\/garminmountainfestival.com\/wp-content\/uploads\/2026\/05\/caminada-vall-de-boi-garmin-mountain-festival-1536x966.jpg 1536w, https:\/\/garminmountainfestival.com\/wp-content\/uploads\/2026\/05\/caminada-vall-de-boi-garmin-mountain-festival-2048x1287.jpg 2048w\" sizes=\"(max-width: 2232px) 100vw, 2232px\" \/><\/a><\/figure><\/div><div class=\"wpex-carousel-slide\"><figure class=\"wpex-carousel-entry-media entry-media wpex-relative\"><a href=\"https:\/\/garminmountainfestival.com\/wp-content\/uploads\/2026\/05\/caminada-vall-de-boi-Garmin-mountain-festival-2025-81197.jpg\" class=\"wpex-carousel-entry-img wpex-carousel-lightbox-item\" data-count=\"3\" data-show_title=\"false\"><img width=\"2000\" height=\"1257\" src=\"https:\/\/garminmountainfestival.com\/wp-content\/uploads\/2026\/05\/caminada-vall-de-boi-Garmin-mountain-festival-2025-81197.jpg\" class=\"wpex-align-middle skip-lazy\" alt=\"\" data-no-lazy=\"1\" srcset=\"https:\/\/garminmountainfestival.com\/wp-content\/uploads\/2026\/05\/caminada-vall-de-boi-Garmin-mountain-festival-2025-81197.jpg 2000w, https:\/\/garminmountainfestival.com\/wp-content\/uploads\/2026\/05\/caminada-vall-de-boi-Garmin-mountain-festival-2025-81197-300x189.jpg 300w, https:\/\/garminmountainfestival.com\/wp-content\/uploads\/2026\/05\/caminada-vall-de-boi-Garmin-mountain-festival-2025-81197-1024x644.jpg 1024w, https:\/\/garminmountainfestival.com\/wp-content\/uploads\/2026\/05\/caminada-vall-de-boi-Garmin-mountain-festival-2025-81197-768x483.jpg 768w, https:\/\/garminmountainfestival.com\/wp-content\/uploads\/2026\/05\/caminada-vall-de-boi-Garmin-mountain-festival-2025-81197-1536x965.jpg 1536w\" sizes=\"(max-width: 2000px) 100vw, 2000px\" \/><\/a><\/figure><\/div><div class=\"wpex-carousel-slide\"><figure class=\"wpex-carousel-entry-media entry-media wpex-relative\"><a href=\"https:\/\/garminmountainfestival.com\/wp-content\/uploads\/2026\/05\/caminada-vall-de-boi-Garmin-mountain-festival-2025-81233-scaled.jpg\" class=\"wpex-carousel-entry-img wpex-carousel-lightbox-item\" data-count=\"4\" data-show_title=\"false\"><img width=\"2560\" height=\"1609\" src=\"https:\/\/garminmountainfestival.com\/wp-content\/uploads\/2026\/05\/caminada-vall-de-boi-Garmin-mountain-festival-2025-81233-scaled.jpg\" class=\"wpex-align-middle skip-lazy\" alt=\"\" data-no-lazy=\"1\" srcset=\"https:\/\/garminmountainfestival.com\/wp-content\/uploads\/2026\/05\/caminada-vall-de-boi-Garmin-mountain-festival-2025-81233-scaled.jpg 2560w, https:\/\/garminmountainfestival.com\/wp-content\/uploads\/2026\/05\/caminada-vall-de-boi-Garmin-mountain-festival-2025-81233-300x189.jpg 300w, https:\/\/garminmountainfestival.com\/wp-content\/uploads\/2026\/05\/caminada-vall-de-boi-Garmin-mountain-festival-2025-81233-1024x643.jpg 1024w, https:\/\/garminmountainfestival.com\/wp-content\/uploads\/2026\/05\/caminada-vall-de-boi-Garmin-mountain-festival-2025-81233-768x483.jpg 768w, https:\/\/garminmountainfestival.com\/wp-content\/uploads\/2026\/05\/caminada-vall-de-boi-Garmin-mountain-festival-2025-81233-1536x965.jpg 1536w, https:\/\/garminmountainfestival.com\/wp-content\/uploads\/2026\/05\/caminada-vall-de-boi-Garmin-mountain-festival-2025-81233-2048x1287.jpg 2048w\" sizes=\"(max-width: 2560px) 100vw, 2560px\" \/><\/a><\/figure><\/div><div class=\"wpex-carousel-slide\"><figure class=\"wpex-carousel-entry-media entry-media wpex-relative\"><a href=\"https:\/\/garminmountainfestival.com\/wp-content\/uploads\/2026\/05\/caminada-vall-de-boi-Garmin-mountain-festival-2025-81203-scaled.jpg\" class=\"wpex-carousel-entry-img wpex-carousel-lightbox-item\" data-count=\"5\" data-show_title=\"false\"><img width=\"2560\" height=\"1609\" src=\"https:\/\/garminmountainfestival.com\/wp-content\/uploads\/2026\/05\/caminada-vall-de-boi-Garmin-mountain-festival-2025-81203-scaled.jpg\" class=\"wpex-align-middle skip-lazy\" alt=\"\" data-no-lazy=\"1\" srcset=\"https:\/\/garminmountainfestival.com\/wp-content\/uploads\/2026\/05\/caminada-vall-de-boi-Garmin-mountain-festival-2025-81203-scaled.jpg 2560w, https:\/\/garminmountainfestival.com\/wp-content\/uploads\/2026\/05\/caminada-vall-de-boi-Garmin-mountain-festival-2025-81203-300x189.jpg 300w, https:\/\/garminmountainfestival.com\/wp-content\/uploads\/2026\/05\/caminada-vall-de-boi-Garmin-mountain-festival-2025-81203-1024x643.jpg 1024w, https:\/\/garminmountainfestival.com\/wp-content\/uploads\/2026\/05\/caminada-vall-de-boi-Garmin-mountain-festival-2025-81203-768x483.jpg 768w, https:\/\/garminmountainfestival.com\/wp-content\/uploads\/2026\/05\/caminada-vall-de-boi-Garmin-mountain-festival-2025-81203-1536x965.jpg 1536w, https:\/\/garminmountainfestival.com\/wp-content\/uploads\/2026\/05\/caminada-vall-de-boi-Garmin-mountain-festival-2025-81203-2048x1287.jpg 2048w\" sizes=\"(max-width: 2560px) 100vw, 2560px\" \/><\/a><\/figure><\/div><\/div>[\/vc_column][\/vc_row]\n<\/div>","protected":false},"excerpt":{"rendered":"","protected":false},"author":16,"featured_media":5765,"parent":2556,"menu_order":0,"comment_status":"closed","ping_status":"closed","template":"","meta":{"footnotes":""},"class_list":["post-5795","page","type-page","status-publish","has-post-thumbnail","hentry","entry","no-media"],"_links":{"self":[{"href":"https:\/\/garminmountainfestival.com\/ca\/wp-json\/wp\/v2\/pages\/5795","targetHints":{"allow":["GET"]}}],"collection":[{"href":"https:\/\/garminmountainfestival.com\/ca\/wp-json\/wp\/v2\/pages"}],"about":[{"href":"https:\/\/garminmountainfestival.com\/ca\/wp-json\/wp\/v2\/types\/page"}],"author":[{"embeddable":true,"href":"https:\/\/garminmountainfestival.com\/ca\/wp-json\/wp\/v2\/users\/16"}],"replies":[{"embeddable":true,"href":"https:\/\/garminmountainfestival.com\/ca\/wp-json\/wp\/v2\/comments?post=5795"}],"version-history":[{"count":5,"href":"https:\/\/garminmountainfestival.com\/ca\/wp-json\/wp\/v2\/pages\/5795\/revisions"}],"predecessor-version":[{"id":5806,"href":"https:\/\/garminmountainfestival.com\/ca\/wp-json\/wp\/v2\/pages\/5795\/revisions\/5806"}],"up":[{"embeddable":true,"href":"https:\/\/garminmountainfestival.com\/ca\/wp-json\/wp\/v2\/pages\/2556"}],"wp:featuredmedia":[{"embeddable":true,"href":"https:\/\/garminmountainfestival.com\/ca\/wp-json\/wp\/v2\/media\/5765"}],"wp:attachment":[{"href":"https:\/\/garminmountainfestival.com\/ca\/wp-json\/wp\/v2\/media?parent=5795"}],"curies":[{"name":"wp","href":"https:\/\/api.w.org\/{rel}","templated":true}]}}