{"id":4981,"date":"2025-06-18T09:34:00","date_gmt":"2025-06-18T07:34:00","guid":{"rendered":"https:\/\/garminmountainfestival.com\/charla-vida-en-himalaia-y-trekking\/"},"modified":"2025-06-18T10:57:28","modified_gmt":"2025-06-18T08:57:28","slug":"xerrada-vida-a-l-himalaia-i-trekking","status":"publish","type":"page","link":"https:\/\/garminmountainfestival.com\/ca\/xerrada-vida-a-l-himalaia-i-trekking\/","title":{"rendered":"Xerrada &#8220;Vida a l&#8217;Him\u00e0laia i trekking&#8221;"},"content":{"rendered":"<div class=\"wpb-content-wrapper\">[vc_row full_width=&#8221;stretch_row_content&#8221; gap=&#8221;35&#8243;][vc_column width=&#8221;2\/3&#8243;][vc_row_inner][vc_column_inner width=&#8221;1\/3&#8243;]<figure class=\"vcex-image vcex-module\"><div class=\"vcex-image-inner wpex-relative wpex-inline-block\"><img width=\"500\" height=\"450\" src=\"https:\/\/garminmountainfestival.com\/wp-content\/uploads\/2025\/06\/sherpa-guia-trekking-nepal-garmin-mountain-festival.jpg\" class=\"vcex-image-img wpex-align-middle\" alt=\"\" loading=\"lazy\" decoding=\"async\" srcset=\"https:\/\/garminmountainfestival.com\/wp-content\/uploads\/2025\/06\/sherpa-guia-trekking-nepal-garmin-mountain-festival.jpg 500w, https:\/\/garminmountainfestival.com\/wp-content\/uploads\/2025\/06\/sherpa-guia-trekking-nepal-garmin-mountain-festival-300x270.jpg 300w\" sizes=\"auto, (max-width: 500px) 100vw, 500px\" \/><\/div><\/figure>[\/vc_column_inner][vc_column_inner width=&#8221;2\/3&#8243;]<style>.vcex-heading.vcex_69d7bfcda745c{font-size:30px;}<\/style><h2 class=\"vcex-heading vcex-heading-plain vcex-module wpex-heading wpex-text-2xl vcex_69d7bfcda745c\"><span class=\"vcex-heading-inner wpex-inline-block\">Coneixerem l'exper\u00e8ncia d'un guia de trekking de les muntanyes del Nepal<\/span><\/h2>[vc_column_text css=&#8221;&#8221;]Un guia Nepal\u00e8s visita la Vall de Bo\u00ed i ens explica com es viu a uns quants quil\u00f2metres de Katmand\u00fa.<\/p>\n<p>Com es va fer guia de muntanya gr\u00e0cies a la seva relaci\u00f3 amb Carlos Soria i ens descriu l&#8217;experi\u00e8ncia de fer un Trekking a la seva terra.[\/vc_column_text][\/vc_column_inner][\/vc_row_inner][\/vc_column][vc_column wpex_shadow=&#8221;shadow-lg&#8221; width=&#8221;1\/3&#8243; css=&#8221;.vc_custom_1699437972929{padding-left: 40px !important;background-color: #eeeeee !important;}&#8221;][vc_column_text css=&#8221;&#8221;]\n<h2>Agenda<\/h2>\n<ul>\n<li><strong>DIA:<\/strong> dissabte, 28 Juny<\/li>\n<li><strong>HORA:<\/strong> 17:30h &#8211; 18:30h<\/li>\n<li><strong>UBICACI\u00d3:<\/strong> Zona Village<\/li>\n<\/ul>\n[\/vc_column_text]<div class=\"vcex-spacing wpex-w-100 wpex-clear\"><\/div><div class=\"templatera_shortcode\"><div class=\"vc_row wpb_row vc_row-fluid wpex-relative\"><div class=\"wpb_column vc_column_container vc_col-sm-12\"><div class=\"vc_column-inner\"><div class=\"wpb_wrapper\"><a href=\"https:\/\/garminmountainfestival.com\/ca\/programa\/\" class=\"vcex-button theme-button inline\"><span class=\"vcex-button-inner theme-button-inner wpex-flex wpex-flex-wrap wpex-items-center wpex-justify-center\">VEURE EL PROGRAMA DEL FESTIVAL<\/span><\/a> <\/div><\/div><\/div><\/div><\/div>[\/vc_column][\/vc_row][vc_row full_width=&#8221;stretch_row_content&#8221; gap=&#8221;35&#8243;][vc_column]<style>.vcex-heading.vcex_69d7bfcdaa644{font-size:30px;font-weight:700;}<\/style><div class=\"vcex-heading vcex-heading-plain vcex-module wpex-heading wpex-text-2xl vcex_69d7bfcdaa644\"><span class=\"vcex-heading-inner wpex-inline-block\">Tika Lamichhane<\/span><\/div>[vc_column_text css=&#8221;&#8221;]Hi ha pocs llocs a la Terra com el Nepal, on es pot practicar senderisme per una natura exuberant sota les muntanyes m\u00e9s altes del planeta, viure experi\u00e8ncies inoblidables sobre un elefant en algun dels Parcs Nacionals o passejar pels carrers bulliciosos i places d&#8217;una vibrant ciutat que atresora set llocs declarats Patrimoni Mundial.<\/p>\n<p>Al Nepal hi conviuen una gran varietat de grups \u00e8tnics i per a molts excursionistes \u00e9s la calidesa, l&#8217;hospitalitat i el sentit de l&#8217;humor del poble nepal\u00e8s, cosa que fa tornar a aquest meravell\u00f3s pa\u00eds.<\/p>\n<p>Sento l&#8217;orgull de compartir el meu pa\u00eds, la seva naturalesa i cultura i ofereixo la meva experi\u00e8ncia per explorar les regions m\u00e9s apassionants de les muntanyes del Nepal.[\/vc_column_text]<div class=\"vcex-spacing wpex-w-100 wpex-clear\"><\/div><a href=\"https:\/\/www.tikaguiadenepal.com\/\" class=\"vcex-button theme-button inline\" target=\"_blank\" rel=\"noopener noreferrer\"><span class=\"vcex-button-inner theme-button-inner wpex-flex wpex-flex-wrap wpex-items-center wpex-justify-center\">VISITA LA SEVA WEB<\/span><\/a> [\/vc_column][\/vc_row][vc_row full_width=&#8221;stretch_row_content&#8221;][vc_column width=&#8221;1\/3&#8243;]<figure class=\"vcex-image vcex-module\"><div class=\"vcex-image-inner wpex-relative wpex-inline-block\"><img width=\"500\" height=\"450\" src=\"https:\/\/garminmountainfestival.com\/wp-content\/uploads\/2025\/06\/sherpa-guia-trekking-nepal-garmin-mountain-festival-project-2.jpg\" class=\"vcex-image-img wpex-align-middle\" alt=\"\" loading=\"lazy\" decoding=\"async\" srcset=\"https:\/\/garminmountainfestival.com\/wp-content\/uploads\/2025\/06\/sherpa-guia-trekking-nepal-garmin-mountain-festival-project-2.jpg 500w, https:\/\/garminmountainfestival.com\/wp-content\/uploads\/2025\/06\/sherpa-guia-trekking-nepal-garmin-mountain-festival-project-2-300x270.jpg 300w\" sizes=\"auto, (max-width: 500px) 100vw, 500px\" \/><\/div><\/figure>[\/vc_column][vc_column width=&#8221;1\/3&#8243;]<figure class=\"vcex-image vcex-module\"><div class=\"vcex-image-inner wpex-relative wpex-inline-block\"><img width=\"500\" height=\"450\" src=\"https:\/\/garminmountainfestival.com\/wp-content\/uploads\/2025\/06\/sherpa-guia-trekking-nepal-garmin-mountain-festival-project-10.jpg\" class=\"vcex-image-img wpex-align-middle\" alt=\"\" loading=\"lazy\" decoding=\"async\" srcset=\"https:\/\/garminmountainfestival.com\/wp-content\/uploads\/2025\/06\/sherpa-guia-trekking-nepal-garmin-mountain-festival-project-10.jpg 500w, https:\/\/garminmountainfestival.com\/wp-content\/uploads\/2025\/06\/sherpa-guia-trekking-nepal-garmin-mountain-festival-project-10-300x270.jpg 300w\" sizes=\"auto, (max-width: 500px) 100vw, 500px\" \/><\/div><\/figure>[\/vc_column][vc_column width=&#8221;1\/3&#8243;]<figure class=\"vcex-image vcex-module\"><div class=\"vcex-image-inner wpex-relative wpex-inline-block\"><img width=\"500\" height=\"450\" src=\"https:\/\/garminmountainfestival.com\/wp-content\/uploads\/2025\/06\/sherpa-guia-trekking-nepal-garmin-mountain-festival-project.jpg\" class=\"vcex-image-img wpex-align-middle\" alt=\"\" loading=\"lazy\" decoding=\"async\" srcset=\"https:\/\/garminmountainfestival.com\/wp-content\/uploads\/2025\/06\/sherpa-guia-trekking-nepal-garmin-mountain-festival-project.jpg 500w, https:\/\/garminmountainfestival.com\/wp-content\/uploads\/2025\/06\/sherpa-guia-trekking-nepal-garmin-mountain-festival-project-300x270.jpg 300w\" sizes=\"auto, (max-width: 500px) 100vw, 500px\" \/><\/div><\/figure>[\/vc_column][\/vc_row]\n<\/div>","protected":false},"excerpt":{"rendered":"Coneixerem l'exper\u00e8ncia d'un guia de trekking de les muntanyes del Nepal Un guia Nepal\u00e8s visita la Vall de Bo\u00ed i ens explica com es viu a uns quants quil\u00f2metres de Katmand\u00fa. Com es va fer guia de muntanya gr\u00e0cies a la seva relaci\u00f3 amb Carlos Soria i ens descriu l'experi\u00e8ncia de fer un Trekking a&hellip;","protected":false},"author":6,"featured_media":4942,"parent":0,"menu_order":0,"comment_status":"closed","ping_status":"closed","template":"","meta":{"footnotes":""},"class_list":["post-4981","page","type-page","status-publish","has-post-thumbnail","hentry","entry","has-media"],"_links":{"self":[{"href":"https:\/\/garminmountainfestival.com\/ca\/wp-json\/wp\/v2\/pages\/4981","targetHints":{"allow":["GET"]}}],"collection":[{"href":"https:\/\/garminmountainfestival.com\/ca\/wp-json\/wp\/v2\/pages"}],"about":[{"href":"https:\/\/garminmountainfestival.com\/ca\/wp-json\/wp\/v2\/types\/page"}],"author":[{"embeddable":true,"href":"https:\/\/garminmountainfestival.com\/ca\/wp-json\/wp\/v2\/users\/6"}],"replies":[{"embeddable":true,"href":"https:\/\/garminmountainfestival.com\/ca\/wp-json\/wp\/v2\/comments?post=4981"}],"version-history":[{"count":2,"href":"https:\/\/garminmountainfestival.com\/ca\/wp-json\/wp\/v2\/pages\/4981\/revisions"}],"predecessor-version":[{"id":4983,"href":"https:\/\/garminmountainfestival.com\/ca\/wp-json\/wp\/v2\/pages\/4981\/revisions\/4983"}],"wp:featuredmedia":[{"embeddable":true,"href":"https:\/\/garminmountainfestival.com\/ca\/wp-json\/wp\/v2\/media\/4942"}],"wp:attachment":[{"href":"https:\/\/garminmountainfestival.com\/ca\/wp-json\/wp\/v2\/media?parent=4981"}],"curies":[{"name":"wp","href":"https:\/\/api.w.org\/{rel}","templated":true}]}}