{"id":4676,"date":"2025-04-30T11:51:20","date_gmt":"2025-04-30T09:51:20","guid":{"rendered":"https:\/\/garminmountainfestival.com\/festival\/prueba-las-zapatillas-joma\/"},"modified":"2025-05-22T11:01:39","modified_gmt":"2025-05-22T09:01:39","slug":"prova-les-sabatilles-joma","status":"publish","type":"page","link":"https:\/\/garminmountainfestival.com\/ca\/festival\/prova-les-sabatilles-joma\/","title":{"rendered":"Prova les sabatilles JOMA"},"content":{"rendered":"<div class=\"wpb-content-wrapper\">[vc_row full_width=&#8221;stretch_row_content&#8221; gap=&#8221;35&#8243;][vc_column width=&#8221;2\/3&#8243;][vc_row_inner][vc_column_inner width=&#8221;1\/3&#8243;]<figure class=\"vcex-image vcex-module\"><div class=\"vcex-image-inner wpex-relative wpex-inline-block\"><img width=\"2560\" height=\"635\" src=\"https:\/\/garminmountainfestival.com\/wp-content\/uploads\/2025\/04\/joma_lema_v-scaled.png\" class=\"vcex-image-img wpex-align-middle\" alt=\"\" loading=\"lazy\" decoding=\"async\" srcset=\"https:\/\/garminmountainfestival.com\/wp-content\/uploads\/2025\/04\/joma_lema_v-scaled.png 2560w, https:\/\/garminmountainfestival.com\/wp-content\/uploads\/2025\/04\/joma_lema_v-300x74.png 300w, https:\/\/garminmountainfestival.com\/wp-content\/uploads\/2025\/04\/joma_lema_v-1024x254.png 1024w, https:\/\/garminmountainfestival.com\/wp-content\/uploads\/2025\/04\/joma_lema_v-768x191.png 768w, https:\/\/garminmountainfestival.com\/wp-content\/uploads\/2025\/04\/joma_lema_v-1536x381.png 1536w, https:\/\/garminmountainfestival.com\/wp-content\/uploads\/2025\/04\/joma_lema_v-2048x508.png 2048w\" sizes=\"auto, (max-width: 2560px) 100vw, 2560px\" \/><\/div><\/figure>[\/vc_column_inner][vc_column_inner width=&#8221;2\/3&#8243;]<style>.vcex-heading.vcex_69d7bfa2b6239{font-size:30px;}<\/style><h2 class=\"vcex-heading vcex-heading-plain vcex-module wpex-heading wpex-text-2xl vcex_69d7bfa2b6239\"><span class=\"vcex-heading-inner wpex-inline-block\">Descobreix els circuits JOMA: dues formes de sentir la muntanya<\/span><\/h2>[\/vc_column_inner][\/vc_row_inner][vc_row_inner][vc_column_inner][vc_column_text css=&#8221;&#8221;]Juntament amb JOMA, et convidem a provar els seus dos models estrella de sabatilles de trail en recorreguts dissenyats especialment per a treure el millor partit de cada petjada i terreny.<\/p>\n<div class=\"x_elementToProof\" data-olk-copy-source=\"MessageBody\">\n<p>Els dos circuits estaran disponibles durant tot el cap de setmana del festival.<\/p>\n<p><span style=\"font-size: 21px;\"><strong>Activitat gratu\u00efta<\/strong><\/span><\/p>\n<blockquote><p><strong><span style=\"color: #000000;\">Tria la teva sabatilla i \u2026 surt a provar-la!<\/span><\/strong><\/p><\/blockquote>\n<\/div>\n[\/vc_column_text][\/vc_column_inner][\/vc_row_inner][\/vc_column][vc_column wpex_shadow=&#8221;shadow-lg&#8221; width=&#8221;1\/3&#8243; css=&#8221;.vc_custom_1699437972929{padding-left: 40px !important;background-color: #eeeeee !important;}&#8221;][vc_widget_sidebar sidebar_id=&#8221;horario-actividad-joma&#8221;]<div class=\"templatera_shortcode\"><div class=\"vc_row wpb_row vc_row-fluid wpex-relative\"><div class=\"wpb_column vc_column_container vc_col-sm-12\"><div class=\"vc_column-inner\"><div class=\"wpb_wrapper\"><a href=\"https:\/\/garminmountainfestival.com\/ca\/programa\/\" class=\"vcex-button theme-button inline\"><span class=\"vcex-button-inner theme-button-inner wpex-flex wpex-flex-wrap wpex-items-center wpex-justify-center\">VEURE EL PROGRAMA DEL FESTIVAL<\/span><\/a> <\/div><\/div><\/div><\/div><\/div>[\/vc_column][\/vc_row][vc_row full_width=&#8221;stretch_row_content&#8221; gap=&#8221;35&#8243;][vc_column width=&#8221;1\/3&#8243;]<figure class=\"vcex-image vcex-module\"><div class=\"vcex-image-inner wpex-relative wpex-inline-block\"><img width=\"1365\" height=\"2048\" src=\"https:\/\/garminmountainfestival.com\/wp-content\/uploads\/2025\/05\/2505_cordada.outdoor_JOMA_Domusa_40mlk_029.jpg\" class=\"vcex-image-img wpex-align-middle\" alt=\"\" loading=\"lazy\" decoding=\"async\" srcset=\"https:\/\/garminmountainfestival.com\/wp-content\/uploads\/2025\/05\/2505_cordada.outdoor_JOMA_Domusa_40mlk_029.jpg 1365w, https:\/\/garminmountainfestival.com\/wp-content\/uploads\/2025\/05\/2505_cordada.outdoor_JOMA_Domusa_40mlk_029-200x300.jpg 200w, https:\/\/garminmountainfestival.com\/wp-content\/uploads\/2025\/05\/2505_cordada.outdoor_JOMA_Domusa_40mlk_029-683x1024.jpg 683w, https:\/\/garminmountainfestival.com\/wp-content\/uploads\/2025\/05\/2505_cordada.outdoor_JOMA_Domusa_40mlk_029-768x1152.jpg 768w, https:\/\/garminmountainfestival.com\/wp-content\/uploads\/2025\/05\/2505_cordada.outdoor_JOMA_Domusa_40mlk_029-1024x1536.jpg 1024w\" sizes=\"auto, (max-width: 1365px) 100vw, 1365px\" \/><\/div><\/figure>[\/vc_column][vc_column width=&#8221;1\/3&#8243;]<style>.vcex-heading.vcex_69d7bfa2b9fba{font-size:30px;font-weight:700;}<\/style><div class=\"vcex-heading vcex-heading-plain vcex-module wpex-heading wpex-text-2xl vcex_69d7bfa2b9fba\"><span class=\"vcex-heading-inner wpex-inline-block\">Circuit TR-7 | Trail t\u00e8cnic i exigent<\/span><\/div>[vc_column_text css=&#8221;&#8221;]Un tra\u00e7at curt per\u00f2 intens que es desenvolupa sobre un terreny t\u00e8cnic, on podr\u00e0s tastar la TR-7, la sabatilla m\u00e9s completa de JOMA per a trail d&#8217;alta exig\u00e8ncia. Amb una sola JOMA Durability, amortiment reactiva i gran estabilitat, \u00e9s ideal per a zones amb pedra solta, canvis de desnivell i passos m\u00e9s t\u00e8cnics.[\/vc_column_text]<div class=\"vcex-spacing wpex-w-100 wpex-clear\" style=\"height:30px;\"><\/div>[vc_column_text css=&#8221;&#8221;]\n<ul data-editing-info=\"{&quot;applyListStyleFromLevel&quot;:false,&quot;unorderedStyleType&quot;:2}\">\n<li>\n<div data-olk-copy-source=\"MessageBody\">Recomanat per a qui cerca tracci\u00f3, control i protecci\u00f3 a la muntanya.<\/div>\n<\/li>\n<li>\n<div>Sent l&#8217;agressivitat del terreny \u2026 amb la m\u00e0xima seguretat.<\/div>\n<\/li>\n<\/ul>\n[\/vc_column_text][\/vc_column][vc_column width=&#8221;1\/3&#8243;][vc_raw_html css=&#8221;&#8221;]JTNDaWZyYW1lJTIwZnJhbWVCb3JkZXIlM0QlMjIwJTIyJTIwc2Nyb2xsaW5nJTNEJTIybm8lMjIlMjBzcmMlM0QlMjJodHRwcyUzQSUyRiUyRmNhLndpa2lsb2MuY29tJTJGd2lraWxvYyUyRmVtYmVkdjIuZG8lM0ZpZCUzRDIxMTIxMjE4NiUyNmVsZXZhdGlvbiUzRG9mZiUyNmltYWdlcyUzRG9mZiUyNm1hcHR5cGUlM0RIJTIyJTIwd2lkdGglM0QlMjI2MDAlMjIlMjBoZWlnaHQlM0QlMjI1MDAlMjIlM0UlM0MlMkZpZnJhbWUlM0UlM0NkaXYlMjBzdHlsZSUzRCUyMmNvbG9yJTNBJTIzNzc3JTNCZm9udC1zaXplJTNBMTFweCUzQmxpbmUtaGVpZ2h0JTNBMTZweCUzQiUyMiUzRVBvd2VyZWQlMjBieSUyNm5ic3AlM0IlM0NhJTIwc3R5bGUlM0QlMjJjb2xvciUzQSUyMzRDOEMyQiUzQmZvbnQtc2l6ZSUzQTExcHglM0JsaW5lLWhlaWdodCUzQTE2cHglM0IlMjIlMjB0YXJnZXQlM0QlMjJfYmxhbmslMjIlMjBocmVmJTNEJTIyaHR0cHMlM0ElMkYlMkZjYS53aWtpbG9jLmNvbSUyMiUzRVdpa2lsb2MlM0MlMkZhJTNFJTNDJTJGZGl2JTNF[\/vc_raw_html][\/vc_column][\/vc_row][vc_row full_width=&#8221;stretch_row_content&#8221; gap=&#8221;35&#8243;][vc_column width=&#8221;1\/3&#8243;]<figure class=\"vcex-image vcex-module\"><div class=\"vcex-image-inner wpex-relative wpex-inline-block\"><img width=\"1200\" height=\"1800\" src=\"https:\/\/garminmountainfestival.com\/wp-content\/uploads\/2025\/05\/2504_cordada.outdoor_JOMA_UTSN-206.jpg\" class=\"vcex-image-img wpex-align-middle\" alt=\"\" loading=\"lazy\" decoding=\"async\" srcset=\"https:\/\/garminmountainfestival.com\/wp-content\/uploads\/2025\/05\/2504_cordada.outdoor_JOMA_UTSN-206.jpg 1200w, https:\/\/garminmountainfestival.com\/wp-content\/uploads\/2025\/05\/2504_cordada.outdoor_JOMA_UTSN-206-200x300.jpg 200w, https:\/\/garminmountainfestival.com\/wp-content\/uploads\/2025\/05\/2504_cordada.outdoor_JOMA_UTSN-206-683x1024.jpg 683w, https:\/\/garminmountainfestival.com\/wp-content\/uploads\/2025\/05\/2504_cordada.outdoor_JOMA_UTSN-206-768x1152.jpg 768w, https:\/\/garminmountainfestival.com\/wp-content\/uploads\/2025\/05\/2504_cordada.outdoor_JOMA_UTSN-206-1024x1536.jpg 1024w\" sizes=\"auto, (max-width: 1200px) 100vw, 1200px\" \/><\/div><\/figure>[\/vc_column][vc_column width=&#8221;1\/3&#8243;]<style>.vcex-heading.vcex_69d7bfa2bae47{font-size:30px;font-weight:700;}<\/style><div class=\"vcex-heading vcex-heading-plain vcex-module wpex-heading wpex-text-2xl vcex_69d7bfa2bae47\"><span class=\"vcex-heading-inner wpex-inline-block\">Circuito TR-6 | R\u00e1pido y fluido<\/span><\/div>[vc_column_text css=&#8221;&#8221;]Si preferiu un circuit m\u00e9s amable i amb ritme, proveu la TR-6 en un recorregut de pista forestal, perfecte per als qui gaudeixen d&#8217;un trail m\u00e9s rodador. Aquest model destaca per la seva lleugeresa, amortiment i reactivitat, ideal per als que entrenen en terrenys mixtos i busquen comoditat en dist\u00e0ncies mitjanes.[\/vc_column_text]<div class=\"vcex-spacing wpex-w-100 wpex-clear\" style=\"height:30px;\"><\/div>[vc_column_text css=&#8221;&#8221;]\n<ul data-editing-info=\"{&quot;applyListStyleFromLevel&quot;:false,&quot;unorderedStyleType&quot;:2}\">\n<li>\n<div class=\"x_elementToProof\" data-olk-copy-source=\"MessageBody\">Perfecte per iniciar-se al trail o per qui venen del running sobre l&#8217;asfalt.<\/div>\n<\/li>\n<li>\n<div class=\"x_elementToProof\">Corre amb comoditat i bon ritme.<\/div>\n<\/li>\n<li><span data-olk-copy-source=\"MessageBody\">Model amb placa de carboni dissenyat per a competicions a ritmes alts.<\/span><\/li>\n<\/ul>\n[\/vc_column_text][\/vc_column][vc_column width=&#8221;1\/3&#8243;][vc_raw_html css=&#8221;&#8221;]JTNDaWZyYW1lJTIwZnJhbWVCb3JkZXIlM0QlMjIwJTIyJTIwc2Nyb2xsaW5nJTNEJTIybm8lMjIlMjBzcmMlM0QlMjJodHRwcyUzQSUyRiUyRmNhLndpa2lsb2MuY29tJTJGd2lraWxvYyUyRmVtYmVkdjIuZG8lM0ZpZCUzRDIxMTIxMjUwOCUyNmVsZXZhdGlvbiUzRG9mZiUyNmltYWdlcyUzRG9mZiUyNm1hcHR5cGUlM0RIJTIyJTIwd2lkdGglM0QlMjI2MDAlMjIlMjBoZWlnaHQlM0QlMjI1MDAlMjIlM0UlM0MlMkZpZnJhbWUlM0UlM0NkaXYlMjBzdHlsZSUzRCUyMmNvbG9yJTNBJTIzNzc3JTNCZm9udC1zaXplJTNBMTFweCUzQmxpbmUtaGVpZ2h0JTNBMTZweCUzQiUyMiUzRVBvd2VyZWQlMjBieSUyNm5ic3AlM0IlM0NhJTIwc3R5bGUlM0QlMjJjb2xvciUzQSUyMzRDOEMyQiUzQmZvbnQtc2l6ZSUzQTExcHglM0JsaW5lLWhlaWdodCUzQTE2cHglM0IlMjIlMjB0YXJnZXQlM0QlMjJfYmxhbmslMjIlMjBocmVmJTNEJTIyaHR0cHMlM0ElMkYlMkZjYS53aWtpbG9jLmNvbSUyMiUzRVdpa2lsb2MlM0MlMkZhJTNFJTNDJTJGZGl2JTNF[\/vc_raw_html][\/vc_column][\/vc_row][vc_row full_width=&#8221;stretch_row_content_no_spaces&#8221;][vc_column][\/vc_column][\/vc_row]\n<\/div>","protected":false},"excerpt":{"rendered":"Descobreix els circuits JOMA: dues formes de sentir la muntanya Juntament amb JOMA, et convidem a provar els seus dos models estrella de sabatilles de trail en recorreguts dissenyats especialment per a treure el millor partit de cada petjada i terreny. Els dos circuits estaran disponibles durant tot el cap de setmana del festival. Activitat&hellip;","protected":false},"author":6,"featured_media":4655,"parent":2556,"menu_order":0,"comment_status":"closed","ping_status":"closed","template":"","meta":{"footnotes":""},"class_list":["post-4676","page","type-page","status-publish","has-post-thumbnail","hentry","entry","has-media"],"_links":{"self":[{"href":"https:\/\/garminmountainfestival.com\/ca\/wp-json\/wp\/v2\/pages\/4676","targetHints":{"allow":["GET"]}}],"collection":[{"href":"https:\/\/garminmountainfestival.com\/ca\/wp-json\/wp\/v2\/pages"}],"about":[{"href":"https:\/\/garminmountainfestival.com\/ca\/wp-json\/wp\/v2\/types\/page"}],"author":[{"embeddable":true,"href":"https:\/\/garminmountainfestival.com\/ca\/wp-json\/wp\/v2\/users\/6"}],"replies":[{"embeddable":true,"href":"https:\/\/garminmountainfestival.com\/ca\/wp-json\/wp\/v2\/comments?post=4676"}],"version-history":[{"count":6,"href":"https:\/\/garminmountainfestival.com\/ca\/wp-json\/wp\/v2\/pages\/4676\/revisions"}],"predecessor-version":[{"id":4781,"href":"https:\/\/garminmountainfestival.com\/ca\/wp-json\/wp\/v2\/pages\/4676\/revisions\/4781"}],"up":[{"embeddable":true,"href":"https:\/\/garminmountainfestival.com\/ca\/wp-json\/wp\/v2\/pages\/2556"}],"wp:featuredmedia":[{"embeddable":true,"href":"https:\/\/garminmountainfestival.com\/ca\/wp-json\/wp\/v2\/media\/4655"}],"wp:attachment":[{"href":"https:\/\/garminmountainfestival.com\/ca\/wp-json\/wp\/v2\/media?parent=4676"}],"curies":[{"name":"wp","href":"https:\/\/api.w.org\/{rel}","templated":true}]}}