{"id":4618,"date":"2025-04-23T13:54:14","date_gmt":"2025-04-23T11:54:14","guid":{"rendered":"https:\/\/garminmountainfestival.com\/festival\/garmin-epic-trail-family\/"},"modified":"2025-09-29T09:12:10","modified_gmt":"2025-09-29T07:12:10","slug":"garmin-epic-trail-family","status":"publish","type":"page","link":"https:\/\/garminmountainfestival.com\/ca\/festival\/garmin-epic-trail-family\/","title":{"rendered":"Garmin Epic Trail Family"},"content":{"rendered":"<div class=\"wpb-content-wrapper\">[vc_row full_width=&#8221;stretch_row_content&#8221; gap=&#8221;35&#8243;][vc_column width=&#8221;2\/3&#8243;]<style>.vcex-heading.vcex_69e6db4d79fe9{font-size:30px;}<\/style><h2 class=\"vcex-heading vcex-heading-plain vcex-module wpex-heading wpex-text-2xl vcex_69e6db4d79fe9\"><span class=\"vcex-heading-inner wpex-inline-block\">Descripci\u00f3<\/span><\/h2>[vc_row_inner][vc_column_inner width=&#8221;1\/3&#8243;]<figure class=\"vcex-image vcex-module\"><div class=\"vcex-image-inner wpex-relative wpex-inline-block\"><img width=\"2242\" height=\"1733\" src=\"https:\/\/garminmountainfestival.com\/wp-content\/uploads\/2025\/05\/gmf-family-b.png\" class=\"vcex-image-img wpex-align-middle skip-lazy\" alt=\"\" fetchpriority=\"high\" data-no-lazy=\"1\" srcset=\"https:\/\/garminmountainfestival.com\/wp-content\/uploads\/2025\/05\/gmf-family-b.png 2242w, https:\/\/garminmountainfestival.com\/wp-content\/uploads\/2025\/05\/gmf-family-b-300x232.png 300w, https:\/\/garminmountainfestival.com\/wp-content\/uploads\/2025\/05\/gmf-family-b-1024x792.png 1024w, https:\/\/garminmountainfestival.com\/wp-content\/uploads\/2025\/05\/gmf-family-b-768x594.png 768w, https:\/\/garminmountainfestival.com\/wp-content\/uploads\/2025\/05\/gmf-family-b-1536x1187.png 1536w, https:\/\/garminmountainfestival.com\/wp-content\/uploads\/2025\/05\/gmf-family-b-2048x1583.png 2048w\" sizes=\"(max-width: 2242px) 100vw, 2242px\" \/><\/div><\/figure><div class=\"vcex-spacing wpex-w-100 wpex-clear\"><\/div>[vc_column_text css=&#8221;&#8221;]<span style=\"font-size: 18px; color: #ff0000;\"><strong>PLACES LIMITADES PER CURSA<\/strong><\/span>[\/vc_column_text][\/vc_column_inner][vc_column_inner width=&#8221;2\/3&#8243;][vc_column_text css=&#8221;&#8221;]Aquest 2025, el Garmin Mountain Festival presenta un nou concepte per a les carreres infantils: Garmin Family Race, una experi\u00e8ncia \u00fanica on pares, mares i fills competeixen junts en un emocionant circuit de relleus amb obstacles.<\/p>\n<p>La cursa est\u00e0 dissenyada perqu\u00e8 els adults i els fills treballin en equip i comparteixin l&#8217;emoci\u00f3 de l&#8217;esport. Cada equip estar\u00e0 format per un adult i un nen o 3 persones a la categoria Sub13 (1 nen + 2 adults o 2 nens + 1 adult), i junts hauran de superar un circuit adaptat a l&#8217;edat del menor.<\/p>\n<p>L&#8217;edat dels participants s&#8217;estableix fins al 31 de desembre de l&#8217;any de la prova.[\/vc_column_text][\/vc_column_inner][\/vc_row_inner][\/vc_column][vc_column wpex_shadow=&#8221;shadow-lg&#8221; width=&#8221;1\/3&#8243; css=&#8221;.vc_custom_1699438708117{padding-left: 40px !important;background-color: #eeeeee !important;}&#8221;][vc_widget_sidebar sidebar_id=&#8221;horario-garmin-epic-trail-family&#8221;]<div class=\"templatera_shortcode\"><div class=\"vc_row wpb_row vc_row-fluid wpex-relative\"><div class=\"wpb_column vc_column_container vc_col-sm-12\"><div class=\"vc_column-inner\"><div class=\"wpb_wrapper\"><a href=\"https:\/\/garminmountainfestival.com\/ca\/programa\/\" class=\"vcex-button theme-button inline\"><span class=\"vcex-button-inner theme-button-inner wpex-flex wpex-flex-wrap wpex-items-center wpex-justify-center\">VEURE EL PROGRAMA DEL FESTIVAL<\/span><\/a> <\/div><\/div><\/div><\/div><\/div>[\/vc_column][\/vc_row][vc_row full_width=&#8221;stretch_row_content&#8221; gap=&#8221;35&#8243;][vc_column width=&#8221;1\/2&#8243;]<style>.vcex-heading.vcex_69e6db4d7edd1{font-size:30px;font-weight:700;}<\/style><div class=\"vcex-heading vcex-heading-plain vcex-module wpex-heading wpex-text-2xl vcex_69e6db4d7edd1\"><span class=\"vcex-heading-inner wpex-inline-block\">Desenvolupament de la prova<\/span><\/div>[vc_column_text css=&#8221;&#8221;]<strong>1. SORTIDA INFANTIL<br \/>\n<\/strong>El nen\/a comen\u00e7a el recorregut superant diferents obstacles.<\/p>\n<p><strong>2. RELLEU A L&#8217;ADULT<br \/>\n<\/strong>A l&#8217;arribar a la zona del relleu, en nen\/a donar\u00e0 el testimoni al seu acompanyant, qui completar\u00e0 el seu tram del circuit.<\/p>\n<p><strong>3. META EN EQUIP<br \/>\n<\/strong>En l&#8217;\u00faltim tram, adult i fill\/a correran junts per a creuar la meta amb equip.[\/vc_column_text]<div class=\"vcex-spacing wpex-w-100 wpex-clear\"><\/div>[vc_column_text css=&#8221;&#8221;]El circuit inclour\u00e0 obstacles din\u00e0mics i segurs com petits <strong>murs de palla, zones de zigzag, rampes i proves d&#8217;equilibri<\/strong>, assegurant una experi\u00e8ncia emocionant per a tots.[\/vc_column_text][\/vc_column][vc_column width=&#8221;1\/2&#8243;][vc_tta_tabs][vc_tta_section title=&#8221;Sub 7&#8243; tab_id=&#8221;1749721924616-aeba9510-e913&#8243;]<figure class=\"vcex-image vcex-module\"><div class=\"vcex-image-inner wpex-relative wpex-inline-block\"><img width=\"1748\" height=\"1240\" src=\"https:\/\/garminmountainfestival.com\/wp-content\/uploads\/2025\/06\/recorreguts_25_garmin_epic_trail_family-sub7.jpg\" class=\"vcex-image-img wpex-align-middle\" alt=\"\" loading=\"lazy\" decoding=\"async\" srcset=\"https:\/\/garminmountainfestival.com\/wp-content\/uploads\/2025\/06\/recorreguts_25_garmin_epic_trail_family-sub7.jpg 1748w, https:\/\/garminmountainfestival.com\/wp-content\/uploads\/2025\/06\/recorreguts_25_garmin_epic_trail_family-sub7-300x213.jpg 300w, https:\/\/garminmountainfestival.com\/wp-content\/uploads\/2025\/06\/recorreguts_25_garmin_epic_trail_family-sub7-1024x726.jpg 1024w, https:\/\/garminmountainfestival.com\/wp-content\/uploads\/2025\/06\/recorreguts_25_garmin_epic_trail_family-sub7-768x545.jpg 768w, https:\/\/garminmountainfestival.com\/wp-content\/uploads\/2025\/06\/recorreguts_25_garmin_epic_trail_family-sub7-1536x1090.jpg 1536w\" sizes=\"auto, (max-width: 1748px) 100vw, 1748px\" \/><\/div><\/figure>[\/vc_tta_section][vc_tta_section title=&#8221;Sub 10&#8243; tab_id=&#8221;1749721924597-65706916-e5f6&#8243;]<figure class=\"vcex-image vcex-module\"><div class=\"vcex-image-inner wpex-relative wpex-inline-block\"><img width=\"1748\" height=\"1240\" src=\"https:\/\/garminmountainfestival.com\/wp-content\/uploads\/2025\/06\/recorreguts_25_garmin_epic_trail_family-sub10.jpg\" class=\"vcex-image-img wpex-align-middle\" alt=\"\" loading=\"lazy\" decoding=\"async\" srcset=\"https:\/\/garminmountainfestival.com\/wp-content\/uploads\/2025\/06\/recorreguts_25_garmin_epic_trail_family-sub10.jpg 1748w, https:\/\/garminmountainfestival.com\/wp-content\/uploads\/2025\/06\/recorreguts_25_garmin_epic_trail_family-sub10-300x213.jpg 300w, https:\/\/garminmountainfestival.com\/wp-content\/uploads\/2025\/06\/recorreguts_25_garmin_epic_trail_family-sub10-1024x726.jpg 1024w, https:\/\/garminmountainfestival.com\/wp-content\/uploads\/2025\/06\/recorreguts_25_garmin_epic_trail_family-sub10-768x545.jpg 768w, https:\/\/garminmountainfestival.com\/wp-content\/uploads\/2025\/06\/recorreguts_25_garmin_epic_trail_family-sub10-1536x1090.jpg 1536w\" sizes=\"auto, (max-width: 1748px) 100vw, 1748px\" \/><\/div><\/figure>[\/vc_tta_section][vc_tta_section title=&#8221;Sub 13&#8243; tab_id=&#8221;1749721958025-6c629d77-7f91&#8243;]<figure class=\"vcex-image vcex-module\"><div class=\"vcex-image-inner wpex-relative wpex-inline-block\"><img width=\"1748\" height=\"1240\" src=\"https:\/\/garminmountainfestival.com\/wp-content\/uploads\/2025\/06\/recorreguts_25_garmin_epic_trail_family-sub13.jpg\" class=\"vcex-image-img wpex-align-middle\" alt=\"\" loading=\"lazy\" decoding=\"async\" srcset=\"https:\/\/garminmountainfestival.com\/wp-content\/uploads\/2025\/06\/recorreguts_25_garmin_epic_trail_family-sub13.jpg 1748w, https:\/\/garminmountainfestival.com\/wp-content\/uploads\/2025\/06\/recorreguts_25_garmin_epic_trail_family-sub13-300x213.jpg 300w, https:\/\/garminmountainfestival.com\/wp-content\/uploads\/2025\/06\/recorreguts_25_garmin_epic_trail_family-sub13-1024x726.jpg 1024w, https:\/\/garminmountainfestival.com\/wp-content\/uploads\/2025\/06\/recorreguts_25_garmin_epic_trail_family-sub13-768x545.jpg 768w, https:\/\/garminmountainfestival.com\/wp-content\/uploads\/2025\/06\/recorreguts_25_garmin_epic_trail_family-sub13-1536x1090.jpg 1536w\" sizes=\"auto, (max-width: 1748px) 100vw, 1748px\" \/><\/div><\/figure>[\/vc_tta_section][\/vc_tta_tabs][\/vc_column][\/vc_row][vc_row full_width=&#8221;stretch_row_content&#8221; gap=&#8221;35&#8243;][vc_column width=&#8221;1\/3&#8243;]<style>.vcex-heading.vcex_69e6db4d809de{font-size:30px;font-weight:700;}<\/style><div class=\"vcex-heading vcex-heading-plain vcex-module wpex-heading wpex-text-2xl vcex_69e6db4d809de\"><span class=\"vcex-heading-inner wpex-inline-block\">Categor\u00edas y distancias<\/span><\/div>[vc_column_text css=&#8221;&#8221;]\n<h4><span data-contrast=\"auto\"><strong>Sub 7 (2019-2021)<\/strong><\/span><\/h4>\n<p><span data-contrast=\"auto\">Recorregut curts sense relleus<\/span><span data-contrast=\"auto\">. Es pot realitzar acompanyat d&#8217;un o m\u00e9s familiars. La meta s&#8217;ha de creuar, estant tot l&#8217;equip agafat de la m\u00e0.<\/span><\/p>\n<p><strong>DIST\u00c0NCIA:<\/strong> 600m[\/vc_column_text][\/vc_column][vc_column width=&#8221;1\/3&#8243;]<div class=\"vcex-spacing wpex-w-100 wpex-clear visible-desktop-large\" style=\"height:50px;\"><\/div>[vc_column_text css=&#8221;&#8221;]\n<h4><span data-contrast=\"auto\"><strong>Sub 10 (2016-2018)<\/strong><\/span><\/h4>\n<p><span data-contrast=\"auto\">Cursa amb una primera volta infantil, relleu a l&#8217;adult i tram final junts.<\/span><\/p>\n<p><strong>DIST\u00c0NCIA:<\/strong> 900m[\/vc_column_text][\/vc_column][vc_column width=&#8221;1\/3&#8243;]<div class=\"vcex-spacing wpex-w-100 wpex-clear visible-desktop-large\" style=\"height:50px;\"><\/div>[vc_column_text css=&#8221;&#8221;]\n<h4><span data-contrast=\"auto\"><strong>Sub 13 (2012-2015)<\/strong><\/span><\/h4>\n<p><span data-contrast=\"auto\">Cursa amb dues voltes, relleu a l&#8217;adult i tram final junts. <\/span><span data-contrast=\"auto\">Aqu\u00ed poden participar 3 membres de la fam\u00edlia.<\/span><span data-ccp-props=\"{}\">\u00a0<\/span><\/p>\n<p><strong>DIST\u00c0NCIA:<\/strong> 1200m[\/vc_column_text][\/vc_column][\/vc_row][vc_row full_width=&#8221;stretch_row_content&#8221; gap=&#8221;35&#8243;][vc_column width=&#8221;1\/3&#8243;]<style>.vcex-heading.vcex_69e6db4d81076{font-size:30px;font-weight:700;}<\/style><div class=\"vcex-heading vcex-heading-plain vcex-module wpex-heading wpex-text-2xl vcex_69e6db4d81076\"><span class=\"vcex-heading-inner wpex-inline-block\">Apunta't a l'activitat:<br \/>\nGarmin Epic Trail Family<\/span><\/div><div class=\"vcex-spacing wpex-w-100 wpex-clear\"><\/div>[vc_column_text css=&#8221;&#8221;]<span style=\"font-size: 18px; color: #ff0000;\"><strong>PLACES LIMITADES PER CURSA<\/strong><\/span>[\/vc_column_text][\/vc_column][vc_column width=&#8221;1\/3&#8243;][vc_column_text css=&#8221;&#8221;]La inscripci\u00f3 inclou:<\/p>\n<ul>\n<li>Dorsals<\/li>\n<li>Medalla<\/li>\n<li>Avituallament l\u00edquid final<\/li>\n<\/ul>\n[\/vc_column_text][\/vc_column][vc_column width=&#8221;1\/3&#8243;][vc_column_text css=&#8221;&#8221; visibility=&#8221;hidden&#8221;]<strong><span style=\"font-size: 32px;\">Gratuita<\/span><\/strong><br \/>\n<span style=\"font-size: 14px;\">AMB PR\u00c8VIA INSCRIPCI\u00d3<\/span>[\/vc_column_text]<div class=\"templatera_shortcode\"><style type=\"text\/css\" data-type=\"vc_shortcodes-custom-css\">.vc_custom_1758887153964{padding-top: 20px !important;}<\/style><div class=\"vc_row wpb_row vc_row-fluid wpex-relative\"><div class=\"wpb_column vc_column_container vc_col-sm-12\"><div class=\"vc_column-inner\"><div class=\"wpb_wrapper\"><div class=\"vc_custom_1758887153964 wpex-clr\"><div class=\"theme-button-wrap textcenter wpex-clr\"><a href=\"https:\/\/www.rockthesport.com\/ca\/esdeveniment\/garmin-epic-trail-family-2025\" class=\"vcex-button theme-button medium align-center inline\" target=\"_blank\" rel=\"noopener noreferrer\"><span class=\"vcex-button-inner theme-button-inner wpex-flex wpex-flex-wrap wpex-items-center wpex-justify-center\">INSCRIPCIONS PROPERAMENT<\/span><\/a><\/div><\/div> <\/div><\/div><\/div><\/div><\/div>[\/vc_column][\/vc_row][vc_row][vc_column][vc_column_text css=&#8221;&#8221;]\n<h2 style=\"text-align: center;\">Diversi\u00f3 garantitzada per a tota la fam\u00edlia<\/h2>\n<p style=\"text-align: center;\">Despr\u00e9s de la cursa, els m\u00e9s petits podran seguir gaudint amb animaci\u00f3 infantil i activitats al Pumptrack, completant una jornada plena d&#8217;esport i diversi\u00f3 a la Vall de Bo\u00ed.<\/p>\n[\/vc_column_text]<div class=\"vcex-spacing wpex-w-100 wpex-clear\"><\/div><div class=\"theme-button-wrap textcenter wpex-clr\"><a href=\"https:\/\/garminmountainfestival.com\/ca\/festival\/activitats-d-aventura\/\" class=\"vcex-button theme-button align-center inline\"><span class=\"vcex-button-inner theme-button-inner wpex-flex wpex-flex-wrap wpex-items-center wpex-justify-center\">VEURE M\u00c9S ACTIVITATS<\/span><\/a><\/div> [\/vc_column][\/vc_row][vc_row full_width=&#8221;stretch_row_content_no_spaces&#8221;][vc_column]<style class=\"vcex-carousel-preload-css\">.vcex_69e6db4d84975{--wpex-carousel-gap:15px;}.vcex_69e6db4d84975{--wpex-carousel-columns:1;}.vcex_69e6db4d84975.wpex-carousel:not(.wpex-carousel--loaded) > *:not(:nth-child(1n+2)){display:flex!important;}@media only screen and (min-width: 480px) {.vcex_69e6db4d84975{--wpex-carousel-columns:2;}.vcex_69e6db4d84975.wpex-carousel:not(.wpex-carousel--loaded) > *:not(:nth-child(1n+3)){display:flex!important;}}@media only screen and (min-width: 768px) {.vcex_69e6db4d84975{--wpex-carousel-columns:3;}.vcex_69e6db4d84975.wpex-carousel:not(.wpex-carousel--loaded) > *:not(:nth-child(1n+4)){display:flex!important;}}@media only screen and (min-width: 960px) {.vcex_69e6db4d84975{--wpex-carousel-columns:4;}.vcex_69e6db4d84975.wpex-carousel:not(.wpex-carousel--loaded) > *:not(:nth-child(1n+5)){display:flex!important;}}<\/style><div class=\"vcex-image-carousel wpex-carousel wpex-carousel-images wpex-clr vcex-module owl-carousel wpex-carousel--render-onload vcex_69e6db4d84975 wpex-carousel-lightbox\" data-wpex-carousel=\"{&quot;nav&quot;:&quot;false&quot;,&quot;dots&quot;:&quot;true&quot;,&quot;autoplay&quot;:&quot;true&quot;,&quot;slideBy&quot;:1,&quot;items&quot;:4,&quot;responsive&quot;:{&quot;0&quot;:{&quot;items&quot;:&quot;1&quot;},&quot;480&quot;:{&quot;items&quot;:&quot;2&quot;},&quot;768&quot;:{&quot;items&quot;:&quot;3&quot;},&quot;960&quot;:{&quot;items&quot;:4}}}\"><div class=\"wpex-carousel-slide\"><figure class=\"wpex-carousel-entry-media entry-media wpex-relative\"><a href=\"https:\/\/garminmountainfestival.com\/wp-content\/uploads\/2023\/12\/garmin-epic-trail-youth-vall-de-boi-2-scaled.jpg\" class=\"wpex-carousel-entry-img wpex-carousel-lightbox-item\" data-count=\"1\" data-show_title=\"false\"><img width=\"2560\" height=\"1707\" src=\"https:\/\/garminmountainfestival.com\/wp-content\/uploads\/2023\/12\/garmin-epic-trail-youth-vall-de-boi-2-scaled.jpg\" class=\"wpex-align-middle skip-lazy\" alt=\"\" data-no-lazy=\"1\" srcset=\"https:\/\/garminmountainfestival.com\/wp-content\/uploads\/2023\/12\/garmin-epic-trail-youth-vall-de-boi-2-scaled.jpg 2560w, https:\/\/garminmountainfestival.com\/wp-content\/uploads\/2023\/12\/garmin-epic-trail-youth-vall-de-boi-2-300x200.jpg 300w, https:\/\/garminmountainfestival.com\/wp-content\/uploads\/2023\/12\/garmin-epic-trail-youth-vall-de-boi-2-1024x683.jpg 1024w, https:\/\/garminmountainfestival.com\/wp-content\/uploads\/2023\/12\/garmin-epic-trail-youth-vall-de-boi-2-768x512.jpg 768w, https:\/\/garminmountainfestival.com\/wp-content\/uploads\/2023\/12\/garmin-epic-trail-youth-vall-de-boi-2-1536x1024.jpg 1536w, https:\/\/garminmountainfestival.com\/wp-content\/uploads\/2023\/12\/garmin-epic-trail-youth-vall-de-boi-2-2048x1365.jpg 2048w\" sizes=\"(max-width: 2560px) 100vw, 2560px\" \/><\/a><\/figure><\/div><div class=\"wpex-carousel-slide\"><figure class=\"wpex-carousel-entry-media entry-media wpex-relative\"><a href=\"https:\/\/garminmountainfestival.com\/wp-content\/uploads\/2023\/12\/garmin-epic-trail-youth-vall-de-boi-3.jpg\" class=\"wpex-carousel-entry-img wpex-carousel-lightbox-item\" data-count=\"2\" data-show_title=\"false\"><img width=\"2052\" height=\"1368\" src=\"https:\/\/garminmountainfestival.com\/wp-content\/uploads\/2023\/12\/garmin-epic-trail-youth-vall-de-boi-3.jpg\" class=\"wpex-align-middle skip-lazy\" alt=\"\" data-no-lazy=\"1\" srcset=\"https:\/\/garminmountainfestival.com\/wp-content\/uploads\/2023\/12\/garmin-epic-trail-youth-vall-de-boi-3.jpg 2052w, https:\/\/garminmountainfestival.com\/wp-content\/uploads\/2023\/12\/garmin-epic-trail-youth-vall-de-boi-3-300x200.jpg 300w, https:\/\/garminmountainfestival.com\/wp-content\/uploads\/2023\/12\/garmin-epic-trail-youth-vall-de-boi-3-1024x683.jpg 1024w, https:\/\/garminmountainfestival.com\/wp-content\/uploads\/2023\/12\/garmin-epic-trail-youth-vall-de-boi-3-768x512.jpg 768w, https:\/\/garminmountainfestival.com\/wp-content\/uploads\/2023\/12\/garmin-epic-trail-youth-vall-de-boi-3-1536x1024.jpg 1536w, https:\/\/garminmountainfestival.com\/wp-content\/uploads\/2023\/12\/garmin-epic-trail-youth-vall-de-boi-3-2048x1365.jpg 2048w\" sizes=\"(max-width: 2052px) 100vw, 2052px\" \/><\/a><\/figure><\/div><div class=\"wpex-carousel-slide\"><figure class=\"wpex-carousel-entry-media entry-media wpex-relative\"><a href=\"https:\/\/garminmountainfestival.com\/wp-content\/uploads\/2023\/12\/garmin-epic-trail-youth-vall-de-boi-4-scaled.jpg\" class=\"wpex-carousel-entry-img wpex-carousel-lightbox-item\" data-count=\"3\" data-show_title=\"false\"><img width=\"2560\" height=\"1707\" src=\"https:\/\/garminmountainfestival.com\/wp-content\/uploads\/2023\/12\/garmin-epic-trail-youth-vall-de-boi-4-scaled.jpg\" class=\"wpex-align-middle skip-lazy\" alt=\"\" data-no-lazy=\"1\" srcset=\"https:\/\/garminmountainfestival.com\/wp-content\/uploads\/2023\/12\/garmin-epic-trail-youth-vall-de-boi-4-scaled.jpg 2560w, https:\/\/garminmountainfestival.com\/wp-content\/uploads\/2023\/12\/garmin-epic-trail-youth-vall-de-boi-4-300x200.jpg 300w, https:\/\/garminmountainfestival.com\/wp-content\/uploads\/2023\/12\/garmin-epic-trail-youth-vall-de-boi-4-1024x683.jpg 1024w, https:\/\/garminmountainfestival.com\/wp-content\/uploads\/2023\/12\/garmin-epic-trail-youth-vall-de-boi-4-768x512.jpg 768w, https:\/\/garminmountainfestival.com\/wp-content\/uploads\/2023\/12\/garmin-epic-trail-youth-vall-de-boi-4-1536x1024.jpg 1536w, https:\/\/garminmountainfestival.com\/wp-content\/uploads\/2023\/12\/garmin-epic-trail-youth-vall-de-boi-4-2048x1365.jpg 2048w\" sizes=\"(max-width: 2560px) 100vw, 2560px\" \/><\/a><\/figure><\/div><div class=\"wpex-carousel-slide\"><figure class=\"wpex-carousel-entry-media entry-media wpex-relative\"><a href=\"https:\/\/garminmountainfestival.com\/wp-content\/uploads\/2023\/12\/garmin-epic-trail-youth-vall-de-boi-1-scaled.jpg\" class=\"wpex-carousel-entry-img wpex-carousel-lightbox-item\" data-count=\"4\" data-show_title=\"false\"><img width=\"2560\" height=\"1712\" src=\"https:\/\/garminmountainfestival.com\/wp-content\/uploads\/2023\/12\/garmin-epic-trail-youth-vall-de-boi-1-scaled.jpg\" class=\"wpex-align-middle skip-lazy\" alt=\"\" data-no-lazy=\"1\" srcset=\"https:\/\/garminmountainfestival.com\/wp-content\/uploads\/2023\/12\/garmin-epic-trail-youth-vall-de-boi-1-scaled.jpg 2560w, https:\/\/garminmountainfestival.com\/wp-content\/uploads\/2023\/12\/garmin-epic-trail-youth-vall-de-boi-1-300x201.jpg 300w, https:\/\/garminmountainfestival.com\/wp-content\/uploads\/2023\/12\/garmin-epic-trail-youth-vall-de-boi-1-1024x685.jpg 1024w, https:\/\/garminmountainfestival.com\/wp-content\/uploads\/2023\/12\/garmin-epic-trail-youth-vall-de-boi-1-768x514.jpg 768w, https:\/\/garminmountainfestival.com\/wp-content\/uploads\/2023\/12\/garmin-epic-trail-youth-vall-de-boi-1-1536x1027.jpg 1536w, https:\/\/garminmountainfestival.com\/wp-content\/uploads\/2023\/12\/garmin-epic-trail-youth-vall-de-boi-1-2048x1370.jpg 2048w\" sizes=\"(max-width: 2560px) 100vw, 2560px\" \/><\/a><\/figure><\/div><\/div>[\/vc_column][\/vc_row]\n<\/div>","protected":false},"excerpt":{"rendered":"","protected":false},"author":6,"featured_media":2340,"parent":2556,"menu_order":0,"comment_status":"closed","ping_status":"closed","template":"","meta":{"footnotes":""},"class_list":["post-4618","page","type-page","status-publish","has-post-thumbnail","hentry","entry","no-media"],"_links":{"self":[{"href":"https:\/\/garminmountainfestival.com\/ca\/wp-json\/wp\/v2\/pages\/4618","targetHints":{"allow":["GET"]}}],"collection":[{"href":"https:\/\/garminmountainfestival.com\/ca\/wp-json\/wp\/v2\/pages"}],"about":[{"href":"https:\/\/garminmountainfestival.com\/ca\/wp-json\/wp\/v2\/types\/page"}],"author":[{"embeddable":true,"href":"https:\/\/garminmountainfestival.com\/ca\/wp-json\/wp\/v2\/users\/6"}],"replies":[{"embeddable":true,"href":"https:\/\/garminmountainfestival.com\/ca\/wp-json\/wp\/v2\/comments?post=4618"}],"version-history":[{"count":15,"href":"https:\/\/garminmountainfestival.com\/ca\/wp-json\/wp\/v2\/pages\/4618\/revisions"}],"predecessor-version":[{"id":5263,"href":"https:\/\/garminmountainfestival.com\/ca\/wp-json\/wp\/v2\/pages\/4618\/revisions\/5263"}],"up":[{"embeddable":true,"href":"https:\/\/garminmountainfestival.com\/ca\/wp-json\/wp\/v2\/pages\/2556"}],"wp:featuredmedia":[{"embeddable":true,"href":"https:\/\/garminmountainfestival.com\/ca\/wp-json\/wp\/v2\/media\/2340"}],"wp:attachment":[{"href":"https:\/\/garminmountainfestival.com\/ca\/wp-json\/wp\/v2\/media?parent=4618"}],"curies":[{"name":"wp","href":"https:\/\/api.w.org\/{rel}","templated":true}]}}