{"id":3814,"date":"2024-06-11T12:43:49","date_gmt":"2024-06-11T10:43:49","guid":{"rendered":"https:\/\/garminmountainfestival.com\/cine-al-aire-libre\/"},"modified":"2025-05-28T16:32:03","modified_gmt":"2025-05-28T14:32:03","slug":"cinema-a-l-aire-lliure","status":"publish","type":"page","link":"https:\/\/garminmountainfestival.com\/ca\/festival\/cinema-a-l-aire-lliure\/","title":{"rendered":"Cinema a l&#8217;aire lliure"},"content":{"rendered":"<div class=\"wpb-content-wrapper\">[vc_row full_width=&#8221;stretch_row_content&#8221;][vc_column]<style>.vcex-heading.vcex_69d7bfa239d28{font-size:35px;}<\/style><div class=\"vcex-heading vcex-heading-plain vcex-module wpex-heading wpex-text-2xl wpex-text-center vcex_69d7bfa239d28\"><span class=\"vcex-heading-inner wpex-inline-block\">ABRIENDO CAMINO, GROENLANDIA<\/span><\/div>[vc_column_text css=&#8221;&#8221;]\n<p style=\"text-align: center;\"><span style=\"font-size: 21px;\"><strong>Documental sobre escalada, dintre del programa del Equipo Femenino de Alpinismo FEDME.<\/strong><\/span><\/p>\n[\/vc_column_text][\/vc_column][\/vc_row][vc_row full_width=&#8221;stretch_row_content&#8221; gap=&#8221;35&#8243;][vc_column width=&#8221;1\/3&#8243;][vc_column_text css=&#8221;&#8221;]\n<h2>Agenda<\/h2>\n<ul>\n<li><strong>DIA:<\/strong> divendres, 27 Juny<\/li>\n<li><strong>DURADA:<\/strong> 29&#8242;<\/li>\n<li><strong>HORA:<\/strong> 20:30h<\/li>\n<li><strong>UBICACI\u00d3:<\/strong> Zona Village<\/li>\n<\/ul>\n[\/vc_column_text]<div class=\"vcex-spacing wpex-w-100 wpex-clear\"><\/div><figure class=\"vcex-image vcex-module\"><div class=\"vcex-image-inner wpex-relative wpex-inline-block\"><img width=\"1920\" height=\"2560\" src=\"https:\/\/garminmountainfestival.com\/wp-content\/uploads\/2025\/05\/cartel_GROENLANDIA-min-scaled.jpg\" class=\"vcex-image-img wpex-align-middle\" alt=\"\" loading=\"lazy\" decoding=\"async\" srcset=\"https:\/\/garminmountainfestival.com\/wp-content\/uploads\/2025\/05\/cartel_GROENLANDIA-min-scaled.jpg 1920w, https:\/\/garminmountainfestival.com\/wp-content\/uploads\/2025\/05\/cartel_GROENLANDIA-min-225x300.jpg 225w, https:\/\/garminmountainfestival.com\/wp-content\/uploads\/2025\/05\/cartel_GROENLANDIA-min-768x1024.jpg 768w, https:\/\/garminmountainfestival.com\/wp-content\/uploads\/2025\/05\/cartel_GROENLANDIA-min-1152x1536.jpg 1152w, https:\/\/garminmountainfestival.com\/wp-content\/uploads\/2025\/05\/cartel_GROENLANDIA-min-1536x2048.jpg 1536w\" sizes=\"auto, (max-width: 1920px) 100vw, 1920px\" \/><\/div><\/figure><div class=\"vcex-spacing wpex-w-100 wpex-clear\"><\/div>[vc_column_text css=&#8221;&#8221;]\n<h2>Teaser<\/h2>\n[\/vc_column_text][vc_video link=&#8221;https:\/\/youtu.be\/ASg_2iAcaPM?feature=shared&#8221; css=&#8221;&#8221;][\/vc_column][vc_column width=&#8221;2\/3&#8243;][vc_column_text css=&#8221;&#8221;]\n<h2>Sinopsi<\/h2>\n<p style=\"text-align: justify;\">En aquest segon cap\u00edtol del projecte &#8220;Abriendo Camino&#8221;, el valent Equip Femen\u00ed d&#8217;Alpinisme de la FEDME s&#8217;endinsa en una expedici\u00f3 apassionant per explorar les majestuoses muntanyes que s&#8217;alcen al llarg de la costa est de Groenl\u00e0ndia.<br \/>\nDurant aquest emocionant viatge, les alpinistes se submergeixen en la bellesa ind\u00f2mita de la regi\u00f3, enfrontant-se als desafiaments \u00fanics que presenta el terreny polar.<\/p>\n<p style=\"text-align: justify;\">L&#8217;expedici\u00f3 es fa en un campament base autogestionat que abasta un per\u00edode impressionant de 30 dies. Aquest campament s&#8217;erigeix \u200b\u200bcom a epicentre estrat\u00e8gic des del qual les intr\u00e8pides muntanyistes planifiquen i executen els seus incursions als imponents cims de la regi\u00f3.<\/p>\n<p style=\"text-align: justify;\">L&#8217;autogesti\u00f3 afegeix un component addicional de destresa i resist\u00e8ncia al desafiament, destacant l\u00b4habilitat de l\u00b4equip per adaptar-se i sobresortir en condicions adverses. Una fita significativa d&#8217;aquesta travessa intr\u00e8pida \u00e9s l&#8217;obertura de rutes de escalada en big wall al circ glacera conegut com &#8220;Mythic Circus&#8221;.<\/p>\n<p style=\"text-align: justify;\">Aquest desafiament extraordinari porta les alpinistes a explorar noves fronteres, desafiant no nom\u00e9s la geografia implacable de Groenl\u00e0ndia, sin\u00f3 tamb\u00e9 els seus propis l\u00edmits f\u00edsics i mentals. L&#8217;obertura d&#8217;aquestes vies d&#8217;escalada no nom\u00e9s representa un \u00e8xit t\u00e8cnic, sin\u00f3 tamb\u00e9 un testimoni de l&#8217;esperit pioner i la determinaci\u00f3 de l&#8217;equip femen\u00ed d&#8217;alpinisme.<\/p>\n<p style=\"text-align: justify;\">Enmig de la vastedat glacera i els imponents cims, aquestes dones alpinistes d&#8217;\u00e8lit no nom\u00e9s desafien la natura, sin\u00f3 que tamb\u00e9 inspiren futures generacions d&#8217;aventureres i aventurers a seguir explorant i obrint cam\u00ed als llocs m\u00e9s remots i desafiadors del planeta.<\/p>\n[\/vc_column_text][vc_column_text css=&#8221;&#8221;]\n<h2>Protagonistes presents al festival<\/h2>\n<p>L\u2019Equip d&#8217;alpinisme femen\u00ed de la FEDME format per <strong>Amaia Segurola, Maialen Rojo, Rut Fornos, \u00c0ngela Altaba, Uxue Loizu i J\u00falia Casanovas<\/strong> representa una nova generaci\u00f3 d\u2019alpinistes.<\/p>\n<p>El film, dirigit per Juanmi Ponce i produ\u00eft per la FEDME amb el suport d\u2019<strong>Universo Mujer<\/strong>, recull una experi\u00e8ncia col\u00b7lectiva de natura, superaci\u00f3 i complicitat.<\/p>\n<p><strong>Rut Fornos i Uxue Loizu seran presents a la projecci\u00f3 del documental, que tindr\u00e0 lloc a Barruera, el poble de la pr\u00f2pia Rut.<\/strong> Una ocasi\u00f3 especial per compartir en primera persona tot el que ha significat aquest projecte per a elles i per a l\u2019equip.[\/vc_column_text][\/vc_column][\/vc_row]\n<\/div>","protected":false},"excerpt":{"rendered":"<p>[vc_row full_width=&#8221;stretch_row_content&#8221;][vc_column][vc_column_text css=&#8221;&#8221;] Documental sobre escalada, dintre del programa del Equipo Femenino de Alpinismo FEDME. [\/vc_column_text][\/vc_column][\/vc_row][vc_row full_width=&#8221;stretch_row_content&#8221; gap=&#8221;35&#8243;][vc_column width=&#8221;1\/3&#8243;][vc_column_text css=&#8221;&#8221;] Agenda DIA: divendres, 27 Juny DURADA: 29&#8242; HORA: 20:30h UBICACI\u00d3: Zona Village [\/vc_column_text][vc_column_text css=&#8221;&#8221;] Teaser [\/vc_column_text][vc_video link=&#8221;https:\/\/youtu.be\/ASg_2iAcaPM?feature=shared&#8221; css=&#8221;&#8221;][\/vc_column][vc_column width=&#8221;2\/3&#8243;][vc_column_text css=&#8221;&#8221;] Sinopsi En aquest segon cap\u00edtol del projecte &#8220;Abriendo Camino&#8221;, el valent Equip Femen\u00ed d&#8217;Alpinisme de&hellip;<\/p>\n","protected":false},"author":6,"featured_media":4788,"parent":2556,"menu_order":0,"comment_status":"closed","ping_status":"closed","template":"","meta":{"footnotes":""},"class_list":["post-3814","page","type-page","status-publish","has-post-thumbnail","hentry","entry","has-media"],"_links":{"self":[{"href":"https:\/\/garminmountainfestival.com\/ca\/wp-json\/wp\/v2\/pages\/3814","targetHints":{"allow":["GET"]}}],"collection":[{"href":"https:\/\/garminmountainfestival.com\/ca\/wp-json\/wp\/v2\/pages"}],"about":[{"href":"https:\/\/garminmountainfestival.com\/ca\/wp-json\/wp\/v2\/types\/page"}],"author":[{"embeddable":true,"href":"https:\/\/garminmountainfestival.com\/ca\/wp-json\/wp\/v2\/users\/6"}],"replies":[{"embeddable":true,"href":"https:\/\/garminmountainfestival.com\/ca\/wp-json\/wp\/v2\/comments?post=3814"}],"version-history":[{"count":29,"href":"https:\/\/garminmountainfestival.com\/ca\/wp-json\/wp\/v2\/pages\/3814\/revisions"}],"predecessor-version":[{"id":4828,"href":"https:\/\/garminmountainfestival.com\/ca\/wp-json\/wp\/v2\/pages\/3814\/revisions\/4828"}],"up":[{"embeddable":true,"href":"https:\/\/garminmountainfestival.com\/ca\/wp-json\/wp\/v2\/pages\/2556"}],"wp:featuredmedia":[{"embeddable":true,"href":"https:\/\/garminmountainfestival.com\/ca\/wp-json\/wp\/v2\/media\/4788"}],"wp:attachment":[{"href":"https:\/\/garminmountainfestival.com\/ca\/wp-json\/wp\/v2\/media?parent=3814"}],"curies":[{"name":"wp","href":"https:\/\/api.w.org\/{rel}","templated":true}]}}