{"id":3316,"date":"2023-11-03T14:02:20","date_gmt":"2023-11-03T13:02:20","guid":{"rendered":"https:\/\/garminmountainfestival.com\/alojamiento\/"},"modified":"2025-05-30T12:31:07","modified_gmt":"2025-05-30T10:31:07","slug":"allotjament","status":"publish","type":"page","link":"https:\/\/garminmountainfestival.com\/ca\/allotjament\/","title":{"rendered":"Allotjament"},"content":{"rendered":"<div class=\"wpb-content-wrapper\">[vc_row][vc_column]<style>.vcex-heading.vcex_69e6dce13e0db{font-size:30px;font-weight:700;}<\/style><div class=\"vcex-heading vcex-heading-plain vcex-module wpex-heading wpex-text-2xl wpex-text-center vcex_69e6dce13e0db\"><span class=\"vcex-heading-inner wpex-inline-block\">Necessites allotjament?<\/span><\/div>[vc_column_text css=&#8221;&#8221;]\n<p style=\"text-align: center;\">Vols fer una reserva i\/o consultar preus?<\/p>\n[\/vc_column_text]<div class=\"vcex-spacing wpex-w-100 wpex-clear\"><\/div><div class=\"theme-button-wrap textcenter wpex-clr\"><a href=\"https:\/\/www.vallboi.cat\/ca\/allotjaments\" class=\"vcex-button theme-button align-center inline\" target=\"_blank\" rel=\"noopener noreferrer\"><span class=\"vcex-button-inner theme-button-inner wpex-flex wpex-flex-wrap wpex-items-center wpex-justify-center\">FES LA TEVA RESERVA<\/span><\/a><\/div> [\/vc_column][\/vc_row][vc_row full_width=&#8221;stretch_row_content&#8221; gap=&#8221;35&#8243; equal_height=&#8221;yes&#8221; disable_element=&#8221;yes&#8221;][vc_column width=&#8221;1\/2&#8243;]<div class=\"vcex-module vcex-feature-box vcex-feature-box--stackable wpex-flex wpex-flex-col wpex-sm-flex-row wpex-sm-justify-between wpex-gap-30 left-image-right-content\"><div class=\"vcex-feature-box-media wpex-sm-w-50 wpex-sm-text-left\"><div class=\"vcex-feature-box-image wpex-relative\"><img width=\"300\" height=\"215\" src=\"https:\/\/garminmountainfestival.com\/wp-content\/uploads\/2023\/11\/Hotel-Mestre-garmin-mountain-festival.jpeg\" class=\"wpex-align-middle wpex-object-contain\" alt=\"\" loading=\"lazy\" decoding=\"async\" \/><\/div><\/div><div class=\"vcex-feature-box-content wpex-sm-w-50\"><h2 class=\"vcex-feature-box-heading wpex-heading wpex-text-lg wpex-mb-20\">Hotel Can Mestre<\/h2><div class=\"vcex-feature-box-text wpex-last-mb-0 wpex-clr\"><p>\u00c9s un hotel familiar situat al Pont de Suert, a 14 minuts de Barruera. Disposa d&#8217;habitacions dobles, triples i algunes de familiars, totes equipades amb bany complet i acc\u00e9s a Wi-Fi.<\/p>\n<p>Altres serveis oferts a l&#8217;hotel s\u00f3n l&#8217;opci\u00f3 de bufet d&#8217;esmorzar, i mitja pensi\u00f3 amb sopar. Com que \u00e9s un hotel familiar, permet que hi hagi m\u00e9s flexibilitat d&#8217;horaris, i opci\u00f3 de batega check-out a petici\u00f3.<\/p>\n<p>Hi ha aparcament p\u00fablic al costat de l&#8217;hotel.<\/p>\n<\/div><div class=\"vcex-feature-box-button wpex-mt-25\"><a href=\"mailto:t&#114;a&#118;el&#064;&#111;ci&#115;po&#114;&#116;&#046;&#110;e&#116;\" class=\"theme-button\">FES LA TEVA RESERVA<\/a><\/div><\/div><\/div>[\/vc_column][vc_column width=&#8221;1\/2&#8243;]<div class=\"vcex-module vcex-feature-box vcex-feature-box--stackable wpex-flex wpex-flex-col wpex-sm-flex-row wpex-sm-justify-between wpex-gap-30 left-image-right-content\"><div class=\"vcex-feature-box-media wpex-sm-w-50 wpex-sm-text-left\"><div class=\"vcex-feature-box-image wpex-relative\"><img width=\"300\" height=\"215\" src=\"https:\/\/garminmountainfestival.com\/wp-content\/uploads\/2023\/11\/Hotel-Romanic-exterior-garmin-mountain-festival.jpeg\" class=\"wpex-align-middle wpex-object-cover\" alt=\"\" loading=\"lazy\" decoding=\"async\" \/><\/div><\/div><div class=\"vcex-feature-box-content wpex-sm-w-50\"><h2 class=\"vcex-feature-box-heading wpex-heading wpex-text-lg wpex-mb-20\">Hotel Rom\u00e0nic***<\/h2><div class=\"vcex-feature-box-text wpex-last-mb-0 wpex-clr\"><p>Hotel de 3 estrelles situat a la Vall de Bo\u00ed (Pl\u00e0 de l\u2019Ermita), a 14 minuts de Barruera. Disposa d&#8217;habitacions dobles, triples i qu\u00e0druples que poden estar ocupades per fam\u00edlies amb nens o nom\u00e9s per adults.<\/p>\n<p>Les habitacions estan equipades amb bany complet i acc\u00e9s a Wi-Fi. S&#8217;ofereix servei de bufet d&#8217;esmorzar i de mitja pensi\u00f3 amb sopar.<\/p>\n<p>Estada m\u00ednima de 3 nits.<\/p>\n<\/div><div class=\"vcex-feature-box-button wpex-mt-25\"><a href=\"mailto:&#116;ra&#118;e&#108;&#064;ocis&#112;ort&#046;&#110;et\" class=\"theme-button\" target=\"_blank\" rel=\"noopener noreferrer\">FES LA TEVA RESERVA<\/a><\/div><\/div><\/div>[\/vc_column][\/vc_row][vc_row full_width=&#8221;stretch_row_content&#8221; gap=&#8221;35&#8243; equal_height=&#8221;yes&#8221; disable_element=&#8221;yes&#8221;][vc_column width=&#8221;1\/2&#8243;]<div class=\"vcex-module vcex-feature-box vcex-feature-box--stackable wpex-flex wpex-flex-col wpex-sm-flex-row-reverse wpex-sm-justify-between wpex-gap-30 left-content-right-image\"><div class=\"vcex-feature-box-media wpex-sm-w-50 wpex-sm-text-right\"><div class=\"vcex-feature-box-image wpex-relative\"><img width=\"300\" height=\"215\" src=\"https:\/\/garminmountainfestival.com\/wp-content\/uploads\/2023\/11\/Hotel-Farre-Avall-garmin-mountain-festival.jpeg\" class=\"wpex-align-middle wpex-object-fill\" alt=\"\" loading=\"lazy\" decoding=\"async\" \/><\/div><\/div><div class=\"vcex-feature-box-content wpex-sm-w-50\"><h2 class=\"vcex-feature-box-heading wpex-heading wpex-text-lg wpex-mb-20\">Hotel Farr\u00e9 d\u2019Avall<\/h2><div class=\"vcex-feature-box-text wpex-last-mb-0 wpex-clr\"><p>Se situa a la mateixa seu de Garmin Mountain Festival, Barruera. Disposa d&#8217;habitacions dobles, triples i qu\u00e0druples amb opci\u00f3 de desdejuni incl\u00f2s o mitja pensi\u00f3 amb sopar.<\/p>\n<p>L&#8217;hotel ofereix flexibilitat d&#8217;horaris que millor s&#8217;adaptin a les prefer\u00e8ncies de cadasc\u00fa, i opcions de dietes per a intoler\u00e0ncies o men\u00fas especials, com ara dietes esportistes.<\/p>\n<p>Estada m\u00ednima de 3 nits.<\/p>\n<\/div><div class=\"vcex-feature-box-button wpex-mt-25\"><a href=\"https:\/\/www.farredavall.com\/\" class=\"theme-button\" target=\"_blank\" rel=\"noopener noreferrer\">RESERVAR<\/a><\/div><\/div><\/div>[\/vc_column][vc_column width=&#8221;1\/2&#8243;]<div class=\"vcex-module vcex-feature-box vcex-feature-box--stackable wpex-flex wpex-flex-col wpex-sm-flex-row-reverse wpex-sm-justify-between wpex-gap-30 left-content-right-image\"><div class=\"vcex-feature-box-media wpex-sm-w-50 wpex-sm-text-right\"><div class=\"vcex-feature-box-image wpex-relative\"><img width=\"300\" height=\"219\" src=\"https:\/\/garminmountainfestival.com\/wp-content\/uploads\/2023\/11\/Hotel-Sno-Barruera-exterior-garmin-mountain-festival.jpeg\" class=\"wpex-align-middle wpex-object-cover\" alt=\"\" loading=\"lazy\" decoding=\"async\" \/><\/div><\/div><div class=\"vcex-feature-box-content wpex-sm-w-50\"><h2 class=\"vcex-feature-box-heading wpex-heading wpex-text-lg wpex-mb-20\">Hotel Sn\u00f6 Vall de Bo\u00ed***<\/h2><div class=\"vcex-feature-box-text wpex-last-mb-0 wpex-clr\"><p>Se situa a Pla de l\u2019Ermita, a 14 minuts de Barruera. T\u00e9 una \u00e0mplia varietat d&#8217;habitacions que tenen capacitat d&#8217;1 fins a 5 persones. Tamb\u00e9 disposa d&#8217;apartaments per a 2 a 8 persones. Habitacions equipades amb bany complet i acc\u00e9s Wi-Fi.<\/p>\n<p>Ofereix opci\u00f3 d&#8217;esmorzar americ\u00e0 o mitja pensi\u00f3 i disposa de p\u00e0rquing gratu\u00eft.<\/p>\n<p>Acc\u00e9s mascotes adm\u00e8s.<\/p>\n<\/div><div class=\"vcex-feature-box-button wpex-mt-25\"><a href=\"https:\/\/www.snovalldeboi.com\/\" class=\"theme-button\" target=\"_blank\" rel=\"noopener noreferrer\">RESERVAR<\/a><\/div><\/div><\/div>[\/vc_column][\/vc_row]\n<\/div>","protected":false},"excerpt":{"rendered":"<p>[vc_row][vc_column][vc_column_text css=&#8221;&#8221;] Vols fer una reserva i\/o consultar preus? [\/vc_column_text][\/vc_column][\/vc_row][vc_row full_width=&#8221;stretch_row_content&#8221; gap=&#8221;35&#8243; equal_height=&#8221;yes&#8221; disable_element=&#8221;yes&#8221;][vc_column width=&#8221;1\/2&#8243;][\/vc_column][vc_column width=&#8221;1\/2&#8243;][\/vc_column][\/vc_row][vc_row full_width=&#8221;stretch_row_content&#8221; gap=&#8221;35&#8243; equal_height=&#8221;yes&#8221; disable_element=&#8221;yes&#8221;][vc_column width=&#8221;1\/2&#8243;][\/vc_column][vc_column width=&#8221;1\/2&#8243;][\/vc_column][\/vc_row]<\/p>\n","protected":false},"author":6,"featured_media":2336,"parent":0,"menu_order":0,"comment_status":"closed","ping_status":"closed","template":"","meta":{"footnotes":""},"class_list":["post-3316","page","type-page","status-publish","has-post-thumbnail","hentry","entry","has-media"],"_links":{"self":[{"href":"https:\/\/garminmountainfestival.com\/ca\/wp-json\/wp\/v2\/pages\/3316","targetHints":{"allow":["GET"]}}],"collection":[{"href":"https:\/\/garminmountainfestival.com\/ca\/wp-json\/wp\/v2\/pages"}],"about":[{"href":"https:\/\/garminmountainfestival.com\/ca\/wp-json\/wp\/v2\/types\/page"}],"author":[{"embeddable":true,"href":"https:\/\/garminmountainfestival.com\/ca\/wp-json\/wp\/v2\/users\/6"}],"replies":[{"embeddable":true,"href":"https:\/\/garminmountainfestival.com\/ca\/wp-json\/wp\/v2\/comments?post=3316"}],"version-history":[{"count":14,"href":"https:\/\/garminmountainfestival.com\/ca\/wp-json\/wp\/v2\/pages\/3316\/revisions"}],"predecessor-version":[{"id":4849,"href":"https:\/\/garminmountainfestival.com\/ca\/wp-json\/wp\/v2\/pages\/3316\/revisions\/4849"}],"wp:featuredmedia":[{"embeddable":true,"href":"https:\/\/garminmountainfestival.com\/ca\/wp-json\/wp\/v2\/media\/2336"}],"wp:attachment":[{"href":"https:\/\/garminmountainfestival.com\/ca\/wp-json\/wp\/v2\/media?parent=3316"}],"curies":[{"name":"wp","href":"https:\/\/api.w.org\/{rel}","templated":true}]}}