{"id":3076,"date":"2023-07-27T15:58:59","date_gmt":"2023-07-27T13:58:59","guid":{"rendered":"https:\/\/wpprovis.com\/politica-privacidad\/"},"modified":"2024-01-26T10:24:55","modified_gmt":"2024-01-26T09:24:55","slug":"politica-privacidad","status":"publish","type":"page","link":"https:\/\/garminmountainfestival.com\/ca\/politica-privacidad\/","title":{"rendered":"Politica de privacitat"},"content":{"rendered":"\r\n<p><strong>RESPONSABLE DEL TRACTAMENT<\/strong><\/p>\r\n<table width=\"919\">\r\n<tbody>\r\n<tr>\r\n<td><em>Titular<\/em><\/td>\r\n<td colspan=\"2\">OCISPORT SERVEIS ESPORTIUS, S.L.U.<\/td>\r\n<\/tr>\r\n<tr>\r\n<td><em>CIF<\/em><\/td>\r\n<td>B-63941843<\/td>\r\n<td>\u00a0<\/td>\r\n<\/tr>\r\n<tr>\r\n<td><em>Adre\u00e7a<\/em><\/td>\r\n<td colspan=\"2\">C\/Alemanya 60 \u2013 Igualada (08700).<\/td>\r\n<\/tr>\r\n<tr>\r\n<td><em>Correu electr\u00f2nic<\/em><\/td>\r\n<td colspan=\"2\"><a href=\"mailto:hola@ocisport.net\" target=\"_blank\" rel=\"noopener\">hola@ocisport.net<\/a><\/td>\r\n<\/tr>\r\n<tr>\r\n<td><em>Tel\u00e8fon de contacte<\/em><\/td>\r\n<td colspan=\"2\">+34 93 808 80 91<\/td>\r\n<\/tr>\r\n<tr>\r\n<td><em>Dades registrals<\/em><\/td>\r\n<td colspan=\"2\">Registre Mercantil de Barcelona, \u200b\u200bTom 34684, Foli 108, Full n\u00famero B-254862<\/td>\r\n<\/tr>\r\n<\/tbody>\r\n<\/table>\r\n<p><strong>FINALITAT DEL TRACTAMENT<\/strong><\/p>\r\n<p>Les vostres dades personals nom\u00e9s s&#8217;utilitzaran per a les seg\u00fcents finalitats: Gesti\u00f3 i desenvolupament de l&#8217;esdeveniment; Enviament d&#8217;informaci\u00f3 comercial, per via electr\u00f2nica o no electr\u00f2nica, relacionada amb els productes i serveis d&#8217;OCISPORT a t\u00edtol merament enunciatiu per\u00f2 no limitatiu, ofertes promocions, newsletter, etc.; i Servei datenci\u00f3 al client, resoluci\u00f3 de dubtes, presentaci\u00f3 de queixes o suggeriments. Les dades personals proporcionades es conservaran mentre no se sol\u00b7liciti la supressi\u00f3 per l&#8217;interessat, i en qualsevol cas, mentre es mantingui la relaci\u00f3 mercantil.<\/p>\r\n<p><strong>LEGITIMACI\u00d3 DEL TRACTAMENT<\/strong><\/p>\r\n<p>La base legal per al tractament de les dades \u00e9s la legitimaci\u00f3 per consentiment de l&#8217;interessat per a la finalitat principal que consisteix en la participaci\u00f3 a l&#8217;esdeveniment en qu\u00e8 s&#8217;hagi inscrit l&#8217;usuari.<\/p>\r\n<p><strong>DESTINATARIS DE CESSIONS O TRANSFER\u00c8NCIES<\/strong><\/p>\r\n<p>Les dades personals facilitades per l&#8217;usuari podran comunicar-se a OCISPORT SERVEIS ESPORTIUS, S.L.U. la titular dels drets de l&#8217;esdeveniment. Les dades cedides seran incorporades a un fitxer, del qual \u00e9s responsable OCISPORT SERVEIS ESPORTIUS, S.L.U. i seran dedicats per aquesta a les seg\u00fcents finalitats: enviar informaci\u00f3 comercial dels seus productes o serveis, i enviar informaci\u00f3 sobre altres Esdeveniments organitzats o patrocinats per OCISPORT SERVEIS ESPORTIUS, S.L.U. En el cas de no acceptar la cessi\u00f3 de les seves dades personals als destinataris esmentats a la present cl\u00e0usula, preguem NO marqueu la casella \u201c\u25a1 accepto la cessi\u00f3 de les meves dades personals als destinataris esmentats a la present cl\u00e0usula\u201d que figura al peu del formulari de recollida de dades per fer la inscripci\u00f3.<\/p>\r\n<p><strong>DRETS DE LES PERSONES INTERESSADES<\/strong><\/p>\r\n<p>Qualsevol persona t\u00e9 dret a obtenir confirmaci\u00f3 sobre si a OCISPORT es tracten dades personals que li concerneixin, o no. D&#8217;altra banda, qualsevol interessat podr\u00e0 sol\u00b7licitar l&#8217;exercici dels seg\u00fcents drets davant d&#8217;OCISPORT presentant un escrit a l&#8217;adre\u00e7a postal de l&#8217;encap\u00e7alament:<\/p>\r\n<ul>\r\n<li>Dret d&#8217;acc\u00e9s: permet a l&#8217;interessat con\u00e8ixer i obtenir informaci\u00f3 sobre les vostres dades de car\u00e0cter personal sotmeses a tractament.<\/li>\r\n<li>Dret de rectificaci\u00f3 o supressi\u00f3: permet corregir errors, modificar les dades que resultin ser inexactes o incompletes i garantir la certesa de la informaci\u00f3 objecte del tractament.<\/li>\r\n<li>Dret de cancel\u00b7laci\u00f3: permet que se suprimeixin les dades que resultin ser inadequades o excessives.<\/li>\r\n<li>Dret d&#8217;oposici\u00f3: dret de l&#8217;interessat que no es dugui a terme el tractament de les vostres dades de car\u00e0cter personal o s&#8217;hi cessi.<\/li>\r\n<li>Limitaci\u00f3 del tractament: comporta el marcatge de les dades personals conservades, amb la finalitat de limitar-ne el futur tractament.<\/li>\r\n<li>Portabilitat de les dades: facilitaci\u00f3 de les dades objecte de tractament a l&#8217;interessat, per tal que aquesta pugui transmetre-les a un altre responsable, sense impediments.<\/li>\r\n<li>Dret a no ser objecte de decisions individuals automatitzades (inclosa l&#8217;elaboraci\u00f3 de perfils): dret a no ser objecte d&#8217;una decisi\u00f3 basada en el tractament automatitzat que produeixi efectes o afecti significativament.<\/li>\r\n<\/ul>\r\n<p>L&#8217;interessat pot, en qualsevol moment, revocar el consentiment pr\u00e8viament atorgat. En cas que revoqui el consentiment per emmagatzemar i processar les dades, OCISPORT no podr\u00e0 proporcionar-li determinats serveis.<\/p>\r\n<p>En cas de desatenci\u00f3 d&#8217;algun dels drets esmentats, l&#8217;interessat podr\u00e0 interposar la reclamaci\u00f3 de tutela corresponent davant l&#8217;Ag\u00e8ncia Espanyola de Protecci\u00f3 de Dades. La conservaci\u00f3 de les dades queda subjecta al termini de prescripci\u00f3 de les diferents obligacions legals.<\/p>\r\n<p>En cap cas no es contempla per part d&#8217;OCISPORT la presa de decisions automatitzades per a l&#8217;elaboraci\u00f3 de perfils o la transfer\u00e8ncia internacional a tercers pa\u00efsos.<\/p>\r\n<p>OCISPORT es compromet al compliment de la seva obligaci\u00f3 de secret de les dades de car\u00e0cter personal i del seu deure de tractar-les amb confidencialitat, i adoptar\u00e0, a aquests efectes, les mesures necess\u00e0ries per evitar-ne l&#8217;alteraci\u00f3, la p\u00e8rdua, el tractament o l&#8217;acc\u00e9s no autoritzat.<\/p>\r\n<p>Autoritzo la publicaci\u00f3 del meu nom al llistat d&#8217;inscrits per a la carrera aix\u00ed com dels meus resultats i classificaci\u00f3 a la p\u00e0gina web en acabar la carrera.<\/p>","protected":false},"excerpt":{"rendered":"<p>RESPONSABLE DEL TRACTAMENT Titular OCISPORT SERVEIS ESPORTIUS, S.L.U. CIF B-63941843 \u00a0 Adre\u00e7a C\/Alemanya 60 \u2013 Igualada (08700). Correu electr\u00f2nic hola@ocisport.net Tel\u00e8fon de contacte +34 93 808 80 91 Dades registrals Registre Mercantil de Barcelona, \u200b\u200bTom 34684, Foli 108, Full n\u00famero B-254862 FINALITAT DEL TRACTAMENT Les vostres dades personals nom\u00e9s s&#8217;utilitzaran per a les seg\u00fcents finalitats:&hellip;<\/p>\n","protected":false},"author":6,"featured_media":0,"parent":0,"menu_order":0,"comment_status":"closed","ping_status":"closed","template":"","meta":{"footnotes":""},"class_list":["post-3076","page","type-page","status-publish","hentry","entry","no-media"],"_links":{"self":[{"href":"https:\/\/garminmountainfestival.com\/ca\/wp-json\/wp\/v2\/pages\/3076","targetHints":{"allow":["GET"]}}],"collection":[{"href":"https:\/\/garminmountainfestival.com\/ca\/wp-json\/wp\/v2\/pages"}],"about":[{"href":"https:\/\/garminmountainfestival.com\/ca\/wp-json\/wp\/v2\/types\/page"}],"author":[{"embeddable":true,"href":"https:\/\/garminmountainfestival.com\/ca\/wp-json\/wp\/v2\/users\/6"}],"replies":[{"embeddable":true,"href":"https:\/\/garminmountainfestival.com\/ca\/wp-json\/wp\/v2\/comments?post=3076"}],"version-history":[{"count":3,"href":"https:\/\/garminmountainfestival.com\/ca\/wp-json\/wp\/v2\/pages\/3076\/revisions"}],"predecessor-version":[{"id":3150,"href":"https:\/\/garminmountainfestival.com\/ca\/wp-json\/wp\/v2\/pages\/3076\/revisions\/3150"}],"wp:attachment":[{"href":"https:\/\/garminmountainfestival.com\/ca\/wp-json\/wp\/v2\/media?parent=3076"}],"curies":[{"name":"wp","href":"https:\/\/api.w.org\/{rel}","templated":true}]}}