{"id":2722,"date":"2023-11-03T11:59:28","date_gmt":"2023-11-03T10:59:28","guid":{"rendered":"https:\/\/wpprovis.com\/reglamento\/"},"modified":"2025-11-25T13:18:21","modified_gmt":"2025-11-25T12:18:21","slug":"reglament","status":"publish","type":"page","link":"https:\/\/garminmountainfestival.com\/ca\/reglament\/","title":{"rendered":"Reglament"},"content":{"rendered":"<div class=\"wpb-content-wrapper\">[vc_row][vc_column][vc_column_text css=&#8221;&#8221;]\n<h2>1. GARMIN EPIC TRAIL<\/h2>\n<p>El GARMIN Epic Trail \u00e9s un esdeveniment esportiu de trail running que compta amb diverses curses de dist\u00e0ncies diferents: MARATHON, SKY, SPEED<\/p>\n<h2>2. ORGANITZACI\u00d3<\/h2>\n<p>El Comit\u00e8 organitzador de l\u2019esdeveniment est\u00e0 format per l\u2019Ajuntament de la Vall de Bo\u00ed i Ocisport.<\/p>\n<h2>3. ENTORN NATURAL<\/h2>\n<p>El Parc Nacional d\u2019Aig\u00fcestortes i Estany de Sant Maurici es troba situat en un dels paratges m\u00e9s privilegiats de la serralada dels Pirineus. La seva superf\u00edcie de m\u00e9s de 40.000 ha est\u00e0 repartida entre quatre comarques que tenen un ric patrimoni natural i cultural: l\u2019Alta Ribagor\u00e7a, el Pallars Sobir\u00e0, el Pallars Juss\u00e0 i la Val d\u2019Aran. El Parc est\u00e0 incl\u00f2s a la Xarxa de Parcs Nacionals Espanyols i \u00e9s l\u2019\u00fanic de la seva categoria a Catalunya.<\/p>\n<p>Les seves valls, envoltades de cims de m\u00e9s de 3.000 m d\u2019al\u00e7ada, atresoren una magn\u00edfica representaci\u00f3 de tots els elements que caracteritzen l\u2019alta muntanya pirinenca, tant en les seves formacions geol\u00f2giques com en la seva flora i fauna. L\u2019aigua \u00e9s potser l\u2019element m\u00e9s caracter\u00edstic de Parc, ja sigui en forma de neu, rius, cascades o formant part dels m\u00e9s de 200 llacs que estan repartits per la seva geografia i que donen a aquest espai natural de protecci\u00f3 especial un car\u00e0cter \u00fanic i irrepetible.<\/p>\n<p>El Parc rep m\u00e9s de mig mili\u00f3 de visitants cada any: un dels seus principals objectius \u00e9s fer compatible l\u2019acc\u00e9s de les persones amb la conservaci\u00f3 \u00edntegra de tots els seus valors naturals. Aquest objectiu \u00e9s impossible d\u2019aconseguir sense la implicaci\u00f3 efectiva de tots els seus visitants. Per aix\u00f2, li preguem la seva col\u00b7laboraci\u00f3 i respecte per la normativa de protecci\u00f3 establerta.<\/p>\n<p>Per aquest motiu, cal recordar que:<br \/>\nPer obtenir m\u00e9s informaci\u00f3 sobre les bones pr\u00e0ctiques mediambientals que han de respectar durant l\u2019escalfament i la competici\u00f3, visita el Manual de Bones Pr\u00e0ctiques (FEDME)<\/p>\n<p>ENLLA\u00c7: <a href=\"https:\/\/www.gencat.cat\/mediamb\/publicacions\/monografies\/codi_bones_practiques.pdf\" target=\"_blank\" rel=\"noopener\">https:\/\/www.gencat.cat\/mediamb\/publicacions\/monografies\/codi_bones_practiques.pdf<\/a><\/p>\n<h2>4. \u00c8TICA I VALORS:<\/h2>\n<p>El GARMIN Epic Trail es basa en una \u00e8tica i uns valors essencials que comparteixen corredors, patrocinadors, voluntaris i organitzadors. I aquest comprom\u00eds queda certificat amb el segell Biosphere.<\/p>\n<p>ENLLA\u00c7: <a href=\"https:\/\/www.biospheresustainable.com\/en\/community\/ocisport\/2594\" target=\"_blank\" rel=\"noopener\">https:\/\/www.biospheresustainable.com\/en\/community\/ocisport\/2594<\/a><\/p>\n<p><strong>4.1 L\u2019eco-responsabilitat<\/strong><\/p>\n<p>No deixar escombraries a la natura, utilitzar els contenidors disponibles, respectar la flora i fauna, i seguir estrictament el recorregut marcat sense utilitzar dreceres. L\u2019organitzaci\u00f3 far\u00e0 servir, sempre que sigui possible, material reutilitzable o reciclable i procedir\u00e0 a la recollida selectiva (piles, paper, pl\u00e0stic, etc.). El marcatge del recorregut, efectuat a peu, es recollir\u00e0 el mateix dia. La neteja del recorregut es realitzar\u00e0 immediatament despr\u00e9s de l\u2019\u00faltim corredor. La comunicaci\u00f3 sobre paper es reduir\u00e0 al m\u00ednim, prioritzant el suport electr\u00f2nic.<\/p>\n<p><strong>4.2 Solidaritat<\/strong><br \/>\nEl respecte dels corredors, dels voluntaris, dels patrocinadors i del p\u00fablic s\u00f3n elements primordials del GARMIN Epic Trail.<\/p>\n<p><strong>4.3 Controls antidopatge<\/strong><br \/>\n4.3.1. Es podran realitzar controls antidopatge en qualsevol de les curses segons les normes de cada naci\u00f3, el protocol de l\u2019AMA i d\u2019acord amb la federaci\u00f3 nacional corresponent.<br \/>\n4.3.2. Els competidors estan obligats a assistir als controls antidopatge que se\u2019ls assignin, d\u2019acord amb les normes de cada naci\u00f3 i el protocol de l\u2019AMA.<\/p>\n<h2>5. CONDICIONS DE PARTICIPACI\u00d3<\/h2>\n<p>5.1. Edat m\u00ednima:<br \/>\n5.1.1. Cada dist\u00e0ncia presenta una edat m\u00ednima per poder participar:<br \/>\n5.1.2. Per la dist\u00e0ncia SPEED, ser\u00e0 requisit tenir complerts 15 anys a 31 de desembre de l\u2019any de la prova.<br \/>\n5.1.3. Les modalitats SKY, MARATHON l\u2019edat m\u00ednima ser\u00e0 de 18 anys al dia de la prova.<\/p>\n<p>5.2. Inscripci\u00f3: Haver realitzat la inscripci\u00f3 de forma correcta. El fet de realitzar la inscripci\u00f3 mostra la conformitat del participant amb aquest reglament.<\/p>\n<p>5.2. Material: Cada corredor haur\u00e0 de portar el material obligatori que sol\u00b7licita l\u2019organitzaci\u00f3 m\u00e9s el que cregui adequat per suportar les condicions pr\u00f2pies de la muntanya i de la travessa en funci\u00f3 de les seves condicions, la meteorologia i el recorregut.<\/p>\n<p><strong>MARATHON MATERIAL A (obligatori)<\/strong><br \/>\n\u2022 Sabatilles esportives de tipus trail que cobreixin totalment el peu.<br \/>\n\u2022 Manta te\u0300rmica o de supervive\u0300ncia (mida mi\u0301nima de 2 x 1,2 m).<br \/>\n\u2022 Sistema d\u2019hidratacio\u0301 (com a mi\u0301nim d\u20191 l).<br \/>\n\u2022 Motxilla o pec\u0327a equivalent.<br \/>\n\u2022 Tele\u0300fon mo\u0300bil ence\u0300s i no en mode avio\u0301.<br \/>\n\u2022 Jaqueta paravent amb caputxa de teixit impermeable (com a mi\u0301nim de 10.000 mm de columna d\u2019aigua) i transpirable, de tipus Gore-Tex\u00ae, Membrain\u00ae, H2NO\u00ae, HyVent\u00ae o similar, amb costures termosegellades i de la talla del corredor.<br \/>\n\u2022 Reserva de menjar calo\u0300ric adequat al recorregut i al nombre i tipus d\u2019avituallaments de la prova.<br \/>\n\u2022 Segona capa te\u0300rmica de com mi\u0301nim 180 g, de la talla del corredor.<br \/>\n\u2022 Malles llargues o malles pirates combinades amb camal.<br \/>\n\u2022 Gorra, tubular o pec\u0327a similar.<\/p>\n<p><strong>MATERIAL B (segons previsi\u00f3 metereol\u00f2gica)<\/strong><br \/>\n\u2022 Pantalons impermeables.<br \/>\n\u2022 Guants.<\/p>\n<p><strong>SKY MATERIAL A (obligatori)<\/strong><br \/>\n\u2022 Sabatilles esportives de tipus trail que cobreixin totalment el peu.<br \/>\n\u2022 Manta te\u0300rmica o de supervive\u0300ncia (mida mi\u0301nima de 2 x 1,2 m).<br \/>\n\u2022 Sistema d\u2019hidratacio\u0301 (com a mi\u0301nim d\u20191 l).<br \/>\n\u2022 Motxilla o pec\u0327a equivalent.<br \/>\n\u2022 Tele\u0300fon mo\u0300bil ence\u0300s i no en mode avio\u0301.<br \/>\n\u2022 Jaqueta paravent amb caputxa de teixit impermeable (com a mi\u0301nim de 10.000 mm de columna d\u2019aigua) i transpirable, de tipus Gore-Tex\u00ae, Membrain\u00ae, H2NO\u00ae, HyVent\u00ae o similar, amb costures termosegellades i de la talla del corredor.<br \/>\n\u2022 Reserva de menjar calo\u0300ric adequat al recorregut i al nombre i tipus d\u2019avituallaments de la prova.<br \/>\n\u2022 Gorra, tubular o pec\u0327a similar.<br \/>\nMATERIAL B (segons previsi\u00f3 metereol\u00f2gica)<br \/>\n\u2022 Segona capa te\u0300rmica de com mi\u0301nim 180 g, de la talla del corredor.<br \/>\n\u2022 Malles llargues o malles pirates combinades amb camal.<\/p>\n<p><strong>SPEED MATERIAL A (obligatori)<\/strong><br \/>\n\u2022 Sabatilles esportives de tipus trail que cobreixin totalment el peu.<br \/>\n\u2022 Sistema d\u2019hidratacio\u0301 que es pugui omlir a l\u2019avituallament (no hi ha gots als 2 avitualllaments de cursa).<br \/>\n\u2022 Tele\u0300fon mo\u0300bil ence\u0300s i no en mode avio\u0301.<\/p>\n<p><strong>MATERIAL B (segons previsi\u00f3 metereol\u00f2gica)<\/strong><br \/>\n\u2022 Jaqueta paravent amb caputxa de teixit impermeable (com a mi\u0301nim de 10.000 mm de columna d\u2019aigua) i transpirable, de tipus Gore-Tex\u00ae, Membrain\u00ae, H2NO\u00ae, HyVent\u00ae o similar, amb costures termosegellades i de la talla del corredor.<\/p>\n<p>5.4. Asseguran\u00e7a:<br \/>\n5.4.1 L\u2019organitzaci\u00f3 comptar\u00e0 amb una asseguran\u00e7a de responsabilitat civil a tercers vigent segons la normativa actual.<br \/>\n5.4.2 Els participants hauran de disposar d\u2019una asseguran\u00e7a m\u00ednima d\u2019accidents que cobreixi l\u2019activitat (Llic\u00e8ncia FEEC \u2013 Modalitat C). Els participants que no disposin de llic\u00e8ncia federativa d\u2019aquesta modalitat hauran de contractar-la en el moment de realitzar la inscripci\u00f3.<\/p>\n<p>5.5 Categories<\/p>\n<p>Es definiran categories masculina i femenina:<\/p>\n<p>SKY, MARATHON:<br \/>\n\u2022 Absoluta<br \/>\n\u2022 Junior (18, 19 i 20 anys a 31 de desembre de l&#8217;any de la prova)<br \/>\n\u2022 S\u00e8nior (de 21 a 39 anys a 31 de desembre de l&#8217;any de la prova)<br \/>\n\u2022 Veterans (de 40 a 49 anys a 31 de desembre de l&#8217;any de la prova)<br \/>\n\u2022 M\u00e0ster 50 (de 50 a 59 anys a 31 de desembre de l&#8217;any de la prova)<br \/>\n\u2022 M\u00e0ster 60 (a partir de 60 a 31 de desembre de l&#8217;any de la prova)<\/p>\n<p>SPEED:<br \/>\n\u2022 Absoluta<br \/>\n\u2022 Cadet (15 i 16 anys a 31 de desembre de l&#8217;any de la prova)<br \/>\n\u2022 Juvenil (17 i 18 anys a 31 de desembre de l&#8217;any de la prova)<br \/>\n\u2022 Junior (19 i 20 anys a 31 de desembre de l&#8217;any de la prova)<br \/>\n\u2022 S\u00e8nior (de 21 a 39 anys a 31 de desembre de l&#8217;any de la prova)<br \/>\n\u2022 Veterans (de 40 a 49 anys a 31 de desembre de l&#8217;any de la prova)<br \/>\n\u2022 M\u00e0ster 50 (de 50 a 59 anys a 31 de desembre de l&#8217;any de la prova)<br \/>\n\u2022 M\u00e0ster 60 (a partir de 60 anys a 31 de desembre de l&#8217;any de la prova)<\/p>\n<p>5.6 Garantia de devoluci\u00f3<br \/>\nL\u2019organitzaci\u00f3 ofereix una Garantia de Devoluci\u00f3 segons la qual es retornar\u00e0 el 100% de la inscripci\u00f3 a tots aquells corredors que hagin contractat aquest servei en el moment de fer la inscripci\u00f3, mitjan\u00e7ant notificaci\u00f3 fins a 7 dies abans de la cursa.<\/p>\n<h2>6. ANUL\u00b7LACI\u00d3 DE LA INSCRIPCI\u00d3<\/h2>\n<p>6.1 Condicions d\u2019anul\u00b7laci\u00f3: Qualsevol anul\u00b7laci\u00f3 d\u2019inscripci\u00f3 s\u2019ha de fer per correu electr\u00f2nic a: hola@ocisport.net. No s\u2019admetran anul\u00b7lacions per tel\u00e8fon. El pagament del reemborsament de la inscripci\u00f3 s\u2019efectuar\u00e0 mitjan\u00e7ant abonament a la targeta utilitzada en el moment de la inscripci\u00f3, atenent les seg\u00fcents condicions.<\/p>\n<p>Data de sol\u00b7licitud Percentatge de reemborsament<br \/>\nFins a 30 dies abans 80%<br \/>\nDe 29 a 15 dies 50%<br \/>\nDe 14 a 8 dies 25%<br \/>\nMenys de 8 dies 0%<\/p>\n<h2>7. RESPONSABILITATS<\/h2>\n<p>7.1 Els participants i els organitzadors queden sotmesos al compliment del Reial Decret 1428\/2003, de l\u201921 de Novembre, que regula el Reglament General de Circulaci\u00f3, i m\u00e9s concretament l\u2019article 14 de l\u2019annex 2.<\/p>\n<p>7.2 Els participants accepten el reglament i eximeixen als organitzadors de tota responsabilitat en cas d\u2019accident o danys materials o corporals soferts durant la competici\u00f3, abans o despr\u00e9s de la mateixa.<\/p>\n<p>7.3 Els participants competeixen en tot moment sota la seva pr\u00f2pia i lliure voluntat. Aix\u00ed i se\u2019ls informa que la participaci\u00f3 en aquest esdeveniment esportiu implica un risc de lesions als participants, des de lesions lleus fins i tot la mort.<\/p>\n<p>Qualsevol tipus de dany sofert durant la cursa, posant com a exemple i sense que siguin motius excloents d\u2019altres, els causats per les caigudes (sigui quin sigui el motiu), atropellaments, problemes de salut derivats de la pr\u00e0ctica esportiva, malalties, defalliment, ferides ( sigui quina sigui la seva gravetat) causades per fauna o flora, etc., o danys en el material incloent la p\u00e8rdua, destrucci\u00f3, trencament, robatori o p\u00e8rdua, a causa d\u2019accidents esportius o b\u00e9 per la pr\u00f2pia din\u00e0mica de l\u2019activitat.<\/p>\n<p>7.4 Ser\u00e0 obligaci\u00f3 dels participants progressar amb seguretat en tot moment, sent els responsables de les seves accions i els responsables a la vegada d\u2019assumir el risc de l\u2019activitat i de l\u2019entorn. Aquest tipus de competicions, al desenvolupar-se en el medi natural, en llocs de dif\u00edcil control i acc\u00e9s, porta impl\u00edcit un risc addicional per als participants. En virtut d\u2019aix\u00f2, els participants assisteixen a voluntat i iniciativa pr\u00f2pies, sent conscients i assumint els riscos i conseq\u00fc\u00e8ncies inherents a la participaci\u00f3 en aquesta prova.<\/p>\n<h2>8. SEGURETAT<\/h2>\n<p>8.1 L\u2019organitzaci\u00f3 situar\u00e0, en determinats punts del recorregut i en els controls de pas, personal especialitzat encarregat de vetllar per la seguretat dels participants. \u00c9s obligatori seguir les indicacions d\u2019aquest personal que estar\u00e0 convenientment identificat.<br \/>\n8.2 Es disposar\u00e0 de personal m\u00e8dic i ambul\u00e0ncies en punts estrat\u00e8gics del recorregut per intervenir en cas de necessitat. Al mapa oficial de la cursa estaran indicats aquests llocs d\u2019assist\u00e8ncia m\u00e8dica.<br \/>\n8.3 Hi haur\u00e0 un equip escombra encarregat de tancar la cursa i recollir totes les marques d\u2019aquesta, despr\u00e9s del seu pas. Pel que si un participant ha estat sobrepassat per l\u2019equip escombra, no trobar\u00e0 marques.<br \/>\n8.4 En cas de condicions meteorol\u00f2giques adverses o causes de for\u00e7a major, l\u2019organitzaci\u00f3 es reserva el dret a suspendre, neutralitzar o modificar les franges hor\u00e0ries i \/ o el recorregut i avituallaments. En aquest cas no es retornar\u00e0 l\u2019import de la inscripci\u00f3.<\/p>\n<h2>9. DIRECCI\u00d3 DE CURSA<\/h2>\n<p>9.1 Els Directors de Cursa i jutges \u00e0rbitres de competici\u00f3 podran retirar de la competici\u00f3 a un corredor quan considerin que aquest tingui minvades les seves capacitats f\u00edsiques o t\u00e8cniques a causa de la fatiga, no disposi del material obligatori, o les seves condicions no siguin les apropiades per continuar en cursa.<\/p>\n<p>9.2 El jurat de competici\u00f3 podr\u00e0 suspendre, escur\u00e7ar, neutralitzar o aturar la cursa, per seguretat o causes de for\u00e7a major alienes a la seva voluntat (climatologia, causes externes, etc.).<\/p>\n<p>9.3 Els Comissaris dels CP s\u00f3n els responsables dels Punts de Control de Pas Obligats. Els participants no podran reclamar o interrogar pel reglament, classificacions i itineraris als comissaris.<\/p>\n<p>9.4 L\u2019organitzaci\u00f3 es reserva el dret de modificar les bases de la Garmin Epic Trail o suspendre aquestes, davant d\u2019una eventualitat o causa de for\u00e7a major.<\/p>\n<h2>10. CONTROLS<\/h2>\n<p>10.1 Tots els Controls de pas s\u00f3n obligatoris. Els participants s\u00f3n els responsables de registrar el seu pas per cada un d\u2019ells i per meta. La p\u00e8rdua del xip o el deteriorament implica la sanci\u00f3 corresponent. En els controls de pas hi haur\u00e0 personal de l\u2019organitzaci\u00f3.<\/p>\n<p>10.2 Al mapa estaran marcats tots els controls de pas obligatoris, per\u00f2 podr\u00e0 haver altres controls sorpresa durant el recorregut per tal que tots els participants segueixin l\u2019itinerari marcat i es respecti el reglament. Tots els Controls de Pas tenen la mateixa validesa d\u2019obligatorietat, per la qual cosa no passar per un d\u2019ells implica la sanci\u00f3 corresponent.<\/p>\n<p>10.3 El recorregut entre controls ha de fer-se seguint el marcatge abalisat i en direcci\u00f3 establerta. Per motius de seguretat, esportivitat i medi ambient, no es pot sortir del recorregut senyalitzat.<\/p>\n<h2>11. CONTROL SORTIDA \/ META<\/h2>\n<p>11.1 Previ a la sortida, s\u2019efectuar\u00e0 un control per poder accedir a recinte tancat de sortida:<br \/>\n\u2022 Verificaci\u00f3 de dorsals.<br \/>\n\u2022 Es podr\u00e0 verificar tot o part del material obligatori per part dels \u00e0rbitres.<br \/>\n\u2022 Els participants que no aportin el material obligatori, o que el presenti inutilitzable o defectu\u00f3s, se li aplicar\u00e0 la penalitzaci\u00f3 corresponent.<\/p>\n<p>11.2 Posteriorment a el pas per meta, s\u2019efectuar\u00e0 un control per sortir del recinte tancat de meta:<br \/>\n\u2022 Es podr\u00e0 verificar tot o part del material obligatori per parts dels \u00e0rbitres.<\/p>\n<h2>12. DORSALS<\/h2>\n<p>12.1 \u00c9s necess\u00e0ria la presentaci\u00f3 d\u2019un document d\u2019identitat amb fotografia per poder retirar el dorsal. En cap cas es podr\u00e0 canviar el dorsal amb una tercera persona. En cap cas s\u2019enviaran a el domicili del corredor ni el dorsal ni els obsequis en cas de no haver participat en la carrera.<\/p>\n<p>12.2 Els participants hauran de portar en tot moment el dorsal facilitat per l\u2019organitzaci\u00f3. El dorsal s\u2019ha de col\u00b7locar a la part davantera i ha d\u2019estar sempre visible, no es pot retallar, doblegar, tapar ni modificar.<\/p>\n<h2>13. FINISHER<\/h2>\n<p>A tots els participants que acabin la dist\u00e0ncia en la qual es van inscriure al GARMIN Epic Trail dins del temps establert se\u2019ls considerar\u00e0 Finishers i se\u2019ls far\u00e0 entrega d\u2019un obsequi corresponent a la seva dist\u00e0ncia.<\/p>\n<h2>14. DRETS D\u2019IMATGE<\/h2>\n<p>Amb la inscripci\u00f3 tot participant renuncia a utilitzar els seus drets d\u2019imatge i autoritza a l\u2019organitzaci\u00f3 i als seus patrocinadors a utilitzar i publicar lliurement qualsevol fotografia o v\u00eddeo gravat en el context de la cursa.<\/p>\n<h2>15. CRONOMETRATGE<\/h2>\n<p>15.1 \u00c9s obligatori el pas correcte per tots els punts de control previstos a aquest efecte, sortida i meta incloses.<\/p>\n<p>15.2 Si s\u2019hagu\u00e9s de interrompre i suspendre la prova en un punt del recorregut, la classificaci\u00f3 es determinar\u00e0 segons l\u2019ordre i temps d\u2019arribada en el punt d\u2019interrupci\u00f3 o, si no, en l\u2019\u00faltim control realitzat.<\/p>\n<h2>16. AVITUALLAMENTS<\/h2>\n<p>16.1 Hi ha diferents tipus d\u2019avituallaments distribu\u00efts al llarg del recorregut:<br \/>\n\u2022 L\u00edquids<br \/>\n\u2022 S\u00f2lid \/ lleuger (begudes, aliments dol\u00e7os, aliments salats)<br \/>\n\u2022 S\u00f2lids (begudes, aliments dol\u00e7os, aliments salats, pasta\u2026)<br \/>\n16.2 Got reutilitzable. A la cursa no hi haur\u00e0 gots de pl\u00e0stic d\u2019un sol \u00fas. Cada corredor ha de portar amb si un recipient per poder beure als avituallaments.<\/p>\n<h2>17. METEOROLOGIA<\/h2>\n<p>En cas de condicions meteorol\u00f2giques adverses o causes de for\u00e7a major, l\u2019organitzaci\u00f3 es reserva el dret a suspendre, neutralitzar o modificar les franges hor\u00e0ries i \/ o el recorregut i avituallaments. En aquest cas no es retornar\u00e0 l\u2019import de la inscripci\u00f3<\/p>\n<h2>18. ASSIST\u00c8NCIA<\/h2>\n<p>18.1 L\u2019assist\u00e8ncia personal est\u00e0 permesa exclusivament en els punts d\u2019avituallament establerts per l\u2019organitzaci\u00f3. Excepte en aquestes zones espec\u00edfiques, est\u00e0 prohibit comptar amb l\u2019assist\u00e8ncia, companyia o avituallament extern d\u2019una persona no inscrita a la cursa.<\/p>\n<p>18.2 Bossa de vida: en la dist\u00e0ncia que s\u2019habiliti la bossa de vida, aquesta es lliurar\u00e0 en la recollida de dorsal i es podr\u00e0 posar material esportiu. L\u2019organitzaci\u00f3 nom\u00e9s transportar\u00e0 aquesta bossa i no altres, i ha d\u2019estar ben marcada amb el dorsal del corredor aix\u00ed com estar ben tancada sense material que sobresurti.<\/p>\n<h2>19. ABANDONAMENTS<\/h2>\n<p>19.1 Voluntaris: Excepte en cas de ferida, nom\u00e9s \u00e9s possible abandonar en un punt de control. Si aquest punt no fos accessible en vehicle, el corredor haur\u00e0 d\u2019accedir pels seus propis mitjans a punt d\u2019evacuaci\u00f3 m\u00e9s proper. Est\u00e0 prohibit abandonar el recorregut marcat sense haver informat a l\u2019organitzaci\u00f3 i sense estar degudament autoritzat. \u00c9s obligatori fitxar si es tracta d\u2019un punt de control de cronometratge.<\/p>\n<p>19.2 Obligats: L\u2019organitzaci\u00f3 pot aturar moment\u00e0niament a un corredor o obligar-lo a abandonar la cursa si considera que el seu estat posa en perill la seva integritat f\u00edsica o la seva seguretat.<\/p>\n<h2>20. PENALITZACIONS<\/h2>\n<p>20.1 Es pot aplicar una penalitzaci\u00f3 de tres minuts fins a la desqualificaci\u00f3:<br \/>\n\u2022 Tirar escombraries fora de les zones de control (100m +\/-);<br \/>\n\u2022 Rebre qualsevol tipus d\u2019assist\u00e8ncia en zones no autoritzades (no en punts especificats com els llocs de socors);<br \/>\n\u2022 No seguir la senyalitzaci\u00f3 del recorregut, volunt\u00e0riament o no;<br \/>\n\u2022 El dorsal no est\u00e0 a la vista o ha estat manipulat;<br \/>\n\u2022 Falsejar la sortida;<br \/>\n\u2022 No passar pels llocs de control obligatoris;<br \/>\n\u2022 Comportament antiesportiu: no assistir a un altre competidor que necessiti ajuda;<br \/>\n\u2022 No portar o utilitzar el material requerit;<br \/>\n\u2022 No respectar les indicacions dels organitzadors o dels jutges.<\/p>\n<p>20.2 La desqualificaci\u00f3 s\u2019aplicar\u00e0 per:<br \/>\n\u2022 No participar en el lliurament de premis sense causa justificada;<br \/>\n\u2022 Negar-se a sotmetre a les proves antidopatge o donar un resultat positiu en una prova antidopatge<\/p>\n<h2>21. RECLAMACIONS<\/h2>\n<p>21.1 Han de ser escrites i ratificades amb el nom i n\u00famero de dorsal del reclamant en la l\u00ednia de meta o a la publicaci\u00f3 dels resultats provisionals. Pot exigir-se un dip\u00f2sit de fins a 20 euros que es reemborsar\u00e0 si s\u2019accepta el cas.<\/p>\n<p>Les reclamacions poden fer-se fins a una hora de la publicaci\u00f3 dels resultats provisionals.<\/p>\n<h2>22. NORMATIVES ESPEC\u00cdFIQUES<\/h2>\n<p>22.1 Aquest reglament \u00e9s gen\u00e8ric a l\u2019esdeveniment GARMIN EPIC TRAIL i afecta a totes les curses que es realitzin.<\/p>\n<p>22.2 Cada cursa podr\u00e0 disposar de la pr\u00f2pia normativa espec\u00edfica on es defineix concretament aspectes m\u00e9s t\u00e8cnics del reglament i \u00e9s una extensi\u00f3 d\u2019aquest reglament en relaci\u00f3 als temps de tall, temps m\u00e0xim de cursa, el material obligatori i les categories.[\/vc_column_text][\/vc_column][\/vc_row]\n<\/div>","protected":false},"excerpt":{"rendered":"<p>[vc_row][vc_column][vc_column_text css=&#8221;&#8221;] 1. GARMIN EPIC TRAIL El GARMIN Epic Trail \u00e9s un esdeveniment esportiu de trail running que compta amb diverses curses de dist\u00e0ncies diferents: MARATHON, SKY, SPEED 2. ORGANITZACI\u00d3 El Comit\u00e8 organitzador de l\u2019esdeveniment est\u00e0 format per l\u2019Ajuntament de la Vall de Bo\u00ed i Ocisport. 3. ENTORN NATURAL El Parc Nacional d\u2019Aig\u00fcestortes i Estany&hellip;<\/p>\n","protected":false},"author":6,"featured_media":2250,"parent":0,"menu_order":0,"comment_status":"closed","ping_status":"closed","template":"","meta":{"footnotes":""},"class_list":["post-2722","page","type-page","status-publish","has-post-thumbnail","hentry","entry","has-media"],"_links":{"self":[{"href":"https:\/\/garminmountainfestival.com\/ca\/wp-json\/wp\/v2\/pages\/2722","targetHints":{"allow":["GET"]}}],"collection":[{"href":"https:\/\/garminmountainfestival.com\/ca\/wp-json\/wp\/v2\/pages"}],"about":[{"href":"https:\/\/garminmountainfestival.com\/ca\/wp-json\/wp\/v2\/types\/page"}],"author":[{"embeddable":true,"href":"https:\/\/garminmountainfestival.com\/ca\/wp-json\/wp\/v2\/users\/6"}],"replies":[{"embeddable":true,"href":"https:\/\/garminmountainfestival.com\/ca\/wp-json\/wp\/v2\/comments?post=2722"}],"version-history":[{"count":14,"href":"https:\/\/garminmountainfestival.com\/ca\/wp-json\/wp\/v2\/pages\/2722\/revisions"}],"predecessor-version":[{"id":5319,"href":"https:\/\/garminmountainfestival.com\/ca\/wp-json\/wp\/v2\/pages\/2722\/revisions\/5319"}],"wp:featuredmedia":[{"embeddable":true,"href":"https:\/\/garminmountainfestival.com\/ca\/wp-json\/wp\/v2\/media\/2250"}],"wp:attachment":[{"href":"https:\/\/garminmountainfestival.com\/ca\/wp-json\/wp\/v2\/media?parent=2722"}],"curies":[{"name":"wp","href":"https:\/\/api.w.org\/{rel}","templated":true}]}}