{"id":2695,"date":"2023-10-26T09:15:09","date_gmt":"2023-10-26T07:15:09","guid":{"rendered":"https:\/\/wpprovis.com\/programa\/"},"modified":"2025-09-26T13:38:26","modified_gmt":"2025-09-26T11:38:26","slug":"programa","status":"publish","type":"page","link":"https:\/\/garminmountainfestival.com\/ca\/programa\/","title":{"rendered":"Programa"},"content":{"rendered":"<div class=\"wpb-content-wrapper\">[vc_row][vc_column][vc_column_text css=&#8221;&#8221;]\n<p style=\"text-align: center;\">El <strong>GARMIN MOUNTAIN FESTIVAL<\/strong> ofereix un programa d\u2019activitats ampli i divers que vol oferir possibilitats a tots els amants dels esports a l\u2019aire lliure. Tres dies d\u2019esport i natura a la Vall de Bo\u00ed on gaudir de diferents propostes que van des de la marxa n\u00f3rdica i el ioga a l\u2018aire lliure, passant per les curses infantils, la m\u00fasica i el cinema de muntanya.<\/p>\n<p style=\"text-align: center;\">Les competicions tenen el seu protagonisme amb <a href=\"https:\/\/garminmountainfestival.com\/ca\/curses-garmin-epic-trail\/\"><strong>3 curses de muntanya<\/strong><\/a> que recorren els paisatges m\u00e9s espectaculars de la Vall per\u00f2 aprofiteu la resta de les propostes per treure el m\u00e0xim profit a un cap de setmana de somni.<\/p>\n[\/vc_column_text]<div class=\"vcex-spacing wpex-w-100 wpex-clear\"><\/div>[\/vc_column][\/vc_row][vc_row full_width=&#8221;stretch_row&#8221;][vc_column][vc_column_text css=&#8221;&#8221;]<strong>*Programa provisional subjecte a canvis*<\/strong>[\/vc_column_text]<div class=\"vcex-spacing wpex-w-100 wpex-clear\"><\/div><style>.vcex-toggle.vcex_69d7bfcc9433e .vcex-toggle__trigger{color:#000000;}.vcex-toggle.vcex_69d7bfcc9433e .vcex-toggle__heading{font-size:22px;font-weight:700;}<\/style><div class=\"vcex-toggle vcex-module vcex-toggle--active vcex_69d7bfcc9433e\" data-animate=\"true\" data-duration=\"300\"><div class=\"vcex-toggle__heading\"><a href=\"#divendres-26-juny-2026\" class=\"vcex-toggle__trigger wpex-transition-colors wpex-flex wpex-items-center wpex-gap-10\" aria-expanded=\"true\" aria-controls=\"divendres-26-juny-2026\"><div class=\"vcex-toggle__icon wpex-flex wpex-items-center wpex-justify-center\" aria-hidden=\"true\"><div class=\"vcex-toggle__icon-open wpex-flex wpex-flex-col wpex-items-center\"><svg xmlns=\"http:\/\/www.w3.org\/2000\/svg\" height=\"1.5em\" viewBox=\"0 0 24 24\" width=\"1.5em\" fill=\"currentColor\"><path d=\"M0 0h24v24H0V0z\" fill=\"none\"\/><path d=\"M24 24H0V0h24v24z\" fill=\"none\" opacity=\".87\"\/><path d=\"M16.59 8.59L12 13.17 7.41 8.59 6 10l6 6 6-6-1.41-1.41z\"\/><\/svg><\/div><div class=\"vcex-toggle__icon-close wpex-flex wpex-flex-col wpex-items-center\"><svg xmlns=\"http:\/\/www.w3.org\/2000\/svg\" height=\"1.5em\" viewBox=\"0 0 24 24\" width=\"1.5em\" fill=\"currentColor\" class=\"vcex-toggle__icon-close\"><path d=\"M0 0h24v24H0V0z\" fill=\"none\"\/><path d=\"M12 8l-6 6 1.41 1.41L12 10.83l4.59 4.58L18 14l-6-6z\"\/><\/svg><\/div><\/div><div class=\"vcex-toggle__title\">Divendres 26 Juny 2026<\/div><\/a><\/div><div id=\"divendres-26-juny-2026\" class=\"vcex-toggle__content wpex-clr wpex-last-mb-0 wpex-my-10\"><p><strong>12:00 &#8211; 20:00h<\/strong> | Entrega de dorsals (MARATHON, SKY, SPEED)<br \/>\n<strong>19:00h<\/strong> | Presentacio\u0301 Garmin Mountain Festival 2025<br \/>\n<strong>19:30h &#8211; 20:15h<\/strong> | Apre\u0300n a utilitzar el teu GARMIN amb Pedro Hidalgo (estand Garmin)<br \/>\n<strong>20:30h<\/strong> | Projeccio\u0301 d&#8217;un documental &#8220;Abriendo camino , Groenlandia&#8221;<\/p>\n<\/div><\/div><div class=\"vcex-spacing wpex-w-100 wpex-clear\"><\/div><style>.vcex-toggle.vcex_69d7bfcc94ca6 .vcex-toggle__trigger{color:#000000;}.vcex-toggle.vcex_69d7bfcc94ca6 .vcex-toggle__heading{font-size:22px;font-weight:700;}<\/style><div class=\"vcex-toggle vcex-module vcex_69d7bfcc94ca6\" data-animate=\"true\" data-duration=\"300\"><div class=\"vcex-toggle__heading\"><a href=\"#dissabte-27-juny-2026\" class=\"vcex-toggle__trigger wpex-transition-colors wpex-flex wpex-items-center wpex-gap-10\" aria-expanded=\"false\" aria-controls=\"dissabte-27-juny-2026\"><div class=\"vcex-toggle__icon wpex-flex wpex-items-center wpex-justify-center\" aria-hidden=\"true\"><div class=\"vcex-toggle__icon-open wpex-flex wpex-flex-col wpex-items-center\"><svg xmlns=\"http:\/\/www.w3.org\/2000\/svg\" height=\"1.5em\" viewBox=\"0 0 24 24\" width=\"1.5em\" fill=\"currentColor\"><path d=\"M0 0h24v24H0V0z\" fill=\"none\"\/><path d=\"M24 24H0V0h24v24z\" fill=\"none\" opacity=\".87\"\/><path d=\"M16.59 8.59L12 13.17 7.41 8.59 6 10l6 6 6-6-1.41-1.41z\"\/><\/svg><\/div><div class=\"vcex-toggle__icon-close wpex-flex wpex-flex-col wpex-items-center\"><svg xmlns=\"http:\/\/www.w3.org\/2000\/svg\" height=\"1.5em\" viewBox=\"0 0 24 24\" width=\"1.5em\" fill=\"currentColor\" class=\"vcex-toggle__icon-close\"><path d=\"M0 0h24v24H0V0z\" fill=\"none\"\/><path d=\"M12 8l-6 6 1.41 1.41L12 10.83l4.59 4.58L18 14l-6-6z\"\/><\/svg><\/div><\/div><div class=\"vcex-toggle__title\">Dissabte 27 Juny 2026<\/div><\/a><\/div><div id=\"dissabte-27-juny-2026\" class=\"vcex-toggle__content wpex-clr wpex-last-mb-0 wpex-my-10\"><p><strong>06:15 &#8211; 07:00h<\/strong> | Entrega de dorsals MARATHON<br \/>\n<strong>07:30h<\/strong> | Sortida Garmin Epic Trail MARATHON<br \/>\n<strong>09:00 &#8211; 19:00h<\/strong> | Entrega de dorsals SKY\/SPEED<br \/>\n<strong>10:00 &#8211; 12:00h<\/strong> | Activitat de ioga (1 i 2)<br \/>\n<strong>10:30h<\/strong> | Epic Trail FAMILY Sub 7<br \/>\n<strong>10:45h<\/strong> | Epic Trail FAMILY Sub 11<br \/>\n<strong>10:55h<\/strong> | Epic Trail FAMILY Sub 13<br \/>\n<strong>11:00h<\/strong> | Animaci\u00f3 infantil<br \/>\n<strong>12:00 &#8211; 13:30h<\/strong> | Activitat de marxa n\u00f2rdica (Iniciaci\u00f3 1)<br \/>\n<strong>12:20h<\/strong> | Arribada dels primers classificats MARATHON<br \/>\n<strong>14:45h<\/strong> | Lliurament de premis MARATHON<br \/>\n<strong>17:00 &#8211; 18:30h<\/strong> | Activitat d\u2019orientaci\u00f3 (1)<br \/>\n<strong>17:00 &#8211; 19:00h<\/strong> | Activitat de ioga (3 i 4)<br \/>\n<strong>17:30h <\/strong>| Sortida de la Marxa del Salencar &#8211; Copa Catalana<br \/>\n<span data-olk-copy-source=\"MessageBody\"><strong>17:30 &#8211; 18:30h<\/strong> | Xerrada &#8220;Vida a l&#8217;Him\u00e0laia i trekking&#8221;<\/span><br \/>\n<strong style=\"background-color: var(--wpex-surface-1)\">18:00 &#8211; 19:30h<\/strong><span style=\"background-color: var(--wpex-surface-1)\"> | Activitat de marxa n\u00f2rdica (Iniciaci\u00f3 2)<br \/>\n<\/span><strong style=\"background-color: var(--wpex-surface-1)\">18:30h<\/strong><span style=\"background-color: var(--wpex-surface-1)\"> | Tancament de cursa MARATHON<br \/>\n<\/span><strong>18:30 &#8211; 19:30h<\/strong> | Taller de prevenci\u00f3 i seguretat amb Pedro Hidalgo<br \/>\n<strong>19:30h<\/strong> | Lliurament de premis Marxa Salencar<br \/>\n<strong>20:15 &#8211; 22:30h<\/strong> | Sessi\u00f3 DJ<\/p>\n<div class=\"page\" title=\"Page 1\">\n<div class=\"section\">\n<div class=\"layoutArea\">\n<div class=\"column\">\n<p>El GUARDA-ROBA estara\u0300 habilitat el dissabte des de les 7:00h-21:00h (nome\u0301s participants)<\/p>\n<\/div>\n<\/div>\n<\/div>\n<\/div>\n<\/div><\/div><div class=\"vcex-spacing wpex-w-100 wpex-clear\"><\/div><style>.vcex-toggle.vcex_69d7bfcc95340 .vcex-toggle__trigger{color:#000000;}.vcex-toggle.vcex_69d7bfcc95340 .vcex-toggle__heading{font-size:22px;font-weight:700;}<\/style><div class=\"vcex-toggle vcex-module vcex_69d7bfcc95340\" data-animate=\"false\" data-duration=\"300\"><div class=\"vcex-toggle__heading\"><a href=\"#diumenge-28-juny-2026\" class=\"vcex-toggle__trigger wpex-transition-colors wpex-flex wpex-items-center wpex-gap-10\" aria-expanded=\"false\" aria-controls=\"diumenge-28-juny-2026\"><div class=\"vcex-toggle__icon wpex-flex wpex-items-center wpex-justify-center\" aria-hidden=\"true\"><div class=\"vcex-toggle__icon-open wpex-flex wpex-flex-col wpex-items-center\"><svg xmlns=\"http:\/\/www.w3.org\/2000\/svg\" height=\"1.5em\" viewBox=\"0 0 24 24\" width=\"1.5em\" fill=\"currentColor\"><path d=\"M0 0h24v24H0V0z\" fill=\"none\"\/><path d=\"M24 24H0V0h24v24z\" fill=\"none\" opacity=\".87\"\/><path d=\"M16.59 8.59L12 13.17 7.41 8.59 6 10l6 6 6-6-1.41-1.41z\"\/><\/svg><\/div><div class=\"vcex-toggle__icon-close wpex-flex wpex-flex-col wpex-items-center\"><svg xmlns=\"http:\/\/www.w3.org\/2000\/svg\" height=\"1.5em\" viewBox=\"0 0 24 24\" width=\"1.5em\" fill=\"currentColor\" class=\"vcex-toggle__icon-close\"><path d=\"M0 0h24v24H0V0z\" fill=\"none\"\/><path d=\"M12 8l-6 6 1.41 1.41L12 10.83l4.59 4.58L18 14l-6-6z\"\/><\/svg><\/div><\/div><div class=\"vcex-toggle__title\">Diumenge 28 Juny 2026<\/div><\/a><\/div><div id=\"diumenge-28-juny-2026\" class=\"vcex-toggle__content wpex-clr wpex-last-mb-0 wpex-my-10\"><p><strong>07:30 &#8211; 08:30h<\/strong> | Entrega de dorsals SKY<br \/>\n<strong>08:00 &#8211; 09:00h<\/strong> | Entrega de dorsals SPEED<br \/>\n<strong>08:50h<\/strong> | Sortida Garmin Epic Trail SKY \u00b7 Femeni\u0301<br \/>\n<strong>09:05h<\/strong> | Sortida Garmin Epic Trail SKY \u00b7 Masculi\u0301<br \/>\n<strong>09:30h<\/strong> | Sortida Garmin Epic Trail SPEED<br \/>\n<strong>09:35h<\/strong> | Sortida Caminada Vall de Bo\u00ed<br \/>\n<strong>10:00 &#8211; 12:00h<\/strong> | Activitat de ioga (5 i 6)<br \/>\n<strong>10:10h<\/strong> | Arribada dels primers classificats SPEED<br \/>\n<strong>11:00 &#8211; 12:30h<\/strong> | Activitat d\u2019orientacio\u0301 (2)<br \/>\n<strong>11:15h<\/strong> | Lliurament de premis SPEED<br \/>\n<strong>11:40h<\/strong> | Arribada dels primers classificats SKY<br \/>\n<strong>12:30h<\/strong> | Tancament de cursa SPEED<br \/>\n<strong>13:15h<\/strong> | Lliurament de premis SKY<br \/>\n<strong>15:00h<\/strong> | Tancament de cursa SKY<\/p>\n<div class=\"page\" title=\"Page 2\">\n<div class=\"layoutArea\">\n<div class=\"column\">\n<p>El GUARDA-ROBA estara\u0300 habilitat el diumenge des de les 7:00h-15:00h (nome\u0301s participants)<\/p>\n<\/div>\n<\/div>\n<\/div>\n<\/div><\/div>[\/vc_column][\/vc_row]\n<\/div>","protected":false},"excerpt":{"rendered":"<p>[vc_row][vc_column][vc_column_text css=&#8221;&#8221;] El GARMIN MOUNTAIN FESTIVAL ofereix un programa d\u2019activitats ampli i divers que vol oferir possibilitats a tots els amants dels esports a l\u2019aire lliure. Tres dies d\u2019esport i natura a la Vall de Bo\u00ed on gaudir de diferents propostes que van des de la marxa n\u00f3rdica i el ioga a l\u2018aire lliure, passant&hellip;<\/p>\n","protected":false},"author":6,"featured_media":2332,"parent":0,"menu_order":0,"comment_status":"closed","ping_status":"closed","template":"","meta":{"footnotes":""},"class_list":["post-2695","page","type-page","status-publish","has-post-thumbnail","hentry","entry","has-media"],"_links":{"self":[{"href":"https:\/\/garminmountainfestival.com\/ca\/wp-json\/wp\/v2\/pages\/2695","targetHints":{"allow":["GET"]}}],"collection":[{"href":"https:\/\/garminmountainfestival.com\/ca\/wp-json\/wp\/v2\/pages"}],"about":[{"href":"https:\/\/garminmountainfestival.com\/ca\/wp-json\/wp\/v2\/types\/page"}],"author":[{"embeddable":true,"href":"https:\/\/garminmountainfestival.com\/ca\/wp-json\/wp\/v2\/users\/6"}],"replies":[{"embeddable":true,"href":"https:\/\/garminmountainfestival.com\/ca\/wp-json\/wp\/v2\/comments?post=2695"}],"version-history":[{"count":83,"href":"https:\/\/garminmountainfestival.com\/ca\/wp-json\/wp\/v2\/pages\/2695\/revisions"}],"predecessor-version":[{"id":5250,"href":"https:\/\/garminmountainfestival.com\/ca\/wp-json\/wp\/v2\/pages\/2695\/revisions\/5250"}],"wp:featuredmedia":[{"embeddable":true,"href":"https:\/\/garminmountainfestival.com\/ca\/wp-json\/wp\/v2\/media\/2332"}],"wp:attachment":[{"href":"https:\/\/garminmountainfestival.com\/ca\/wp-json\/wp\/v2\/media?parent=2695"}],"curies":[{"name":"wp","href":"https:\/\/api.w.org\/{rel}","templated":true}]}}