{"id":2663,"date":"2023-08-02T13:41:10","date_gmt":"2023-08-02T11:41:10","guid":{"rendered":"https:\/\/wpprovis.com\/carreras-garmin-epic-trail\/"},"modified":"2024-09-26T10:22:05","modified_gmt":"2024-09-26T08:22:05","slug":"curses-garmin-epic-trail","status":"publish","type":"page","link":"https:\/\/garminmountainfestival.com\/ca\/curses-garmin-epic-trail\/","title":{"rendered":"Garmin Epic Trail"},"content":{"rendered":"<div class=\"wpb-content-wrapper\">[vc_row full_width=&#8221;stretch_row_content&#8221; gap=&#8221;35&#8243;][vc_column]<div class=\"vcex-spacing wpex-w-100 wpex-clear\"><\/div>[vc_row_inner][vc_column_inner width=&#8221;1\/4&#8243;][vc_single_image image=&#8221;2138&#8243; css=&#8221;&#8221;][\/vc_column_inner][vc_column_inner width=&#8221;3\/4&#8243;]<style>.vcex-heading.vcex_69d6e8b9004d9{font-size:30px;}<\/style><h2 class=\"vcex-heading vcex-heading-plain vcex-module wpex-heading wpex-text-2xl vcex_69d6e8b9004d9\"><span class=\"vcex-heading-inner wpex-inline-block\">La EPIC TRAIL VALL DE BO\u00cd<\/span><\/h2><div class=\"vcex-spacing wpex-w-100 wpex-clear\"><\/div>[vc_column_text css=&#8221;&#8221;]\n<p class=\"x_MsoNormal\">Nascuda \u00a0al \u00a0juliol de 2014, fou \u00a0un projecte promogut per la marca catalana <strong>BUFF<\/strong>, pioner en el seu format i\u00a0 amb la vocaci\u00f3 d\u2019esdevenir una refer\u00e8ncia internacional dels esports a l\u2019aire lliure. De la m\u00e0 de&#8217;n Joan Rojas (fundador de BUFF), i en Joan Paralada (Alcalde de la Vall de Bo\u00ed en aquell moment) arrencava un esdeveniment amb l\u2019esperit de posar en valor la Vall de Bo\u00ed on hi conflueixen patrimonis naturals i culturals com el Parc Nacional d\u2019Aig\u00fcestortes i Estanys de Sant Maurici i el Conjunt Rom\u00e0nic, declarat Patrimoni Mundial per la UNESCO. Aquella primera edici\u00f3 va tenir com guanyadors a Iker Carrera i N\u00faria Picas, que van completar els 105 kms de la cursa, en la que hi participaven un centenar de cooredors dels quals nom\u00e9s 17 en van poder completar el recorregut per culpa de dues tempestes que van obligar a neutralitzar la prova.<\/p>\n<p class=\"x_MsoNormal\">L\u2019any 2022, <strong>GARMIN<\/strong> va agafar el relleu de BUFF com a Title Sponsor garantint aix\u00ed la viabilitat de l\u2019esdeveniment que aposta per alt nivell de qualitat en la seva producci\u00f3. Tamb\u00e9 des del 2022, la EPIC TRAIL ha disposat d\u2019una producci\u00f3 televisiva en directe d\u2019una de les seves curses, possible gr\u00e0cies a una producci\u00f3 d\u2019altissim nivell de TV3 i el suport de Ferrocarrils de la Generalitat de Catalunya, com a propiet\u00e0ria de l\u2019Estaci\u00f3 de muntanya BOI-TAULL.<\/p>\n<p class=\"x_MsoNormal\">En aquests anys, la VALL DE BO\u00cd ha vist triomfar esportistes d\u2019\u00e8lit internacional com Iker Carrera, N\u00faria Picas, Zach Miller, Ruy Ueda, Luis Alberto Hernando, Caroline Chaverot, Marcela Vasinova, Maite Maiora, Sheila Avil\u00e9s, Manu Merllas, Christian Mathys, Holly Page, Tom Owens\u2026 i sobretot milers d\u2019esportistes populars que han pogut gaudir de les muntanyes, els rius i el cels d\u2019un indret espectacular.<\/p>\n[\/vc_column_text][\/vc_column_inner][\/vc_row_inner][\/vc_column][\/vc_row][vc_row][vc_column]<div class=\"templatera_shortcode\"><style type=\"text\/css\" data-type=\"vc_shortcodes-custom-css\">.vc_custom_1696838247280{background-image: url(https:\/\/garminmountainfestival.com\/wp-content\/uploads\/2023\/08\/garmin-epic-trail-42K.jpeg?id=386) !important;background-position: center !important;background-repeat: no-repeat !important;background-size: cover !important;}.vc_custom_1696838239972{background-image: url(https:\/\/garminmountainfestival.com\/wp-content\/uploads\/2023\/08\/garmin-epic-trail-24K.jpeg?id=385) !important;background-position: center !important;background-repeat: no-repeat !important;background-size: cover !important;}.vc_custom_1696838209316{background-image: url(https:\/\/garminmountainfestival.com\/wp-content\/uploads\/2023\/08\/garmin-epic-trail-12K.jpeg?id=384) !important;background-position: center !important;background-repeat: no-repeat !important;background-size: cover !important;}.vc_custom_1744101897690{padding-top: 20px !important;}.vc_custom_1744101905121{padding-top: 20px !important;}<\/style><div class=\"vc_row wpb_row vc_row-fluid vc_column-gap-15 vc_row-o-equal-height vc_row-flex wpex-vc-full-width-row wpex-relative no-bottom-margins\"><div class=\"wpb_column vc_column_container vc_col-sm-4 wpex-vc_col-has-fill wpex-has-overlay wpex-has-overlay--69d6e8b901d6f wpex-relative\"><div class=\"vc_column-inner vc_custom_1696838247280\"><div class=\"wpex-bg-overlay-wrap wpex-absolute wpex-inset-0 wpex-rounded-inherit\"><style class=\"wpex-bg-overlay-css\">.wpex-has-overlay--69d6e8b901d6f > .vc_column-inner > .wpex-bg-overlay-wrap .wpex-bg-overlay{opacity:0.30;}<\/style><span class=\"wpex-bg-overlay dark wpex-absolute wpex-inset-0 wpex-rounded-inherit wpex-duration-500 wpex-opacity-60 wpex-bg-black\"><\/span><\/div><div class=\"wpb_wrapper\">\n\t<div  class=\"wpb_single_image wpb_content_element vc_align_right wpb_content_element vc_custom_1744101897690\">\n\t\t\n\t\t<figure class=\"wpb_wrapper vc_figure\">\n\t\t\t<div class=\"vc_single_image-wrapper   vc_box_border_grey\"><img width=\"150\" height=\"150\" src=\"https:\/\/garminmountainfestival.com\/wp-content\/uploads\/2025\/04\/logo_XTERRA_Trail_Run_World_Series_Vall_de_boi_white.png\" class=\"vc_single_image-img attachment-medium\" alt=\"\" title=\"logo_XTERRA_Trail_Run_World_Series_Vall_de_boi_white\" \/><\/div>\n\t\t<\/figure>\n\t<\/div>\n<div class=\"vcex-spacing wpex-w-100 wpex-clear\" style=\"height:10px;\"><\/div>\n\t<div style=\"color:#ffffff;font-family:Roboto, sans-serif;font-size:40px;font-weight:700;line-height:var(--wpex-leading-tight);\" class=\"wpb_text_column has-custom-color wpex-child-inherit-color wpb_content_element\" >\n\t\t<div class=\"wpb_wrapper\">\n\t\t\t<p>MARATHON | +2800M<\/p>\n\n\t\t<\/div>\n\t<\/div>\n\n\t<div style=\"color:#ffffff;font-size:20px;font-weight:700;\" class=\"wpb_text_column has-custom-color wpex-child-inherit-color wpb_content_element\" >\n\t\t<div class=\"wpb_wrapper\">\n\t\t\t<p>Garmin Epic Trail Marathon<\/p>\n\n\t\t<\/div>\n\t<\/div>\n\n\t<div style=\"color:#ffffff;\" class=\"wpb_text_column has-custom-color wpex-child-inherit-color wpb_content_element\" >\n\t\t<div class=\"wpb_wrapper\">\n\t\t\t<p><strong>27 JUNY 2026<\/strong><\/p>\n\n\t\t<\/div>\n\t<\/div>\n<div class=\"vcex-spacing wpex-w-100 wpex-clear\" style=\"height:20px;\"><\/div><style>.vcex-multi-buttons.vcex_69d6e8b9046b2 .theme-button,.vcex-multi-buttons.vcex_69d6e8b9046b2 .theme-txt-link{border-radius:0px;}<\/style><div class=\"vcex-multi-buttons wpex-flex wpex-flex-wrap wpex-items-center wpex-gap-10 vcex_69d6e8b9046b2\"><a href=\"https:\/\/garminmountainfestival.com\/ca\/curses-garmin-epic-trail\/garmin-epic-trail-maraton-42k\/\" title=\"Garmin Epic Trail Maraton 42K\" class=\"theme-button flat outline-transparent wpex-text-center vcex-count-1\">DETALL<\/a><a href=\"https:\/\/www.rockthesport.com\/ca\/esdeveniment\/garmin-mountain-festival-2026\/inscripcio\/selecciona-tarifa?&#038;fee_tag=MARATON\" title=\"Garmin Epic Trail Maraton 42K\" class=\"theme-button flat outline-transparent wpex-text-center vcex-count-2\" target=\"_blank\" rel=\"noopener noreferrer\">INSCRIPCI\u00d3<\/a><\/div><div class=\"vcex-spacing wpex-w-100 wpex-clear\" style=\"height:15px;\"><\/div><\/div><\/div><\/div><div class=\"wpb_column vc_column_container vc_col-sm-4 wpex-vc_col-has-fill wpex-has-overlay wpex-has-overlay--69d6e8b904a42 wpex-relative\"><div class=\"vc_column-inner vc_custom_1696838239972\"><div class=\"wpex-bg-overlay-wrap wpex-absolute wpex-inset-0 wpex-rounded-inherit\"><style class=\"wpex-bg-overlay-css\">.wpex-has-overlay--69d6e8b904a42 > .vc_column-inner > .wpex-bg-overlay-wrap .wpex-bg-overlay{opacity:0.30;}<\/style><span class=\"wpex-bg-overlay dark wpex-absolute wpex-inset-0 wpex-rounded-inherit wpex-duration-500 wpex-opacity-60 wpex-bg-black\"><\/span><\/div><div class=\"wpb_wrapper\">\n\t<div  class=\"wpb_single_image wpb_content_element vc_align_right wpb_content_element vc_custom_1744101905121\">\n\t\t\n\t\t<figure class=\"wpb_wrapper vc_figure\">\n\t\t\t<div class=\"vc_single_image-wrapper   vc_box_border_grey\"><img width=\"150\" height=\"150\" src=\"https:\/\/garminmountainfestival.com\/wp-content\/uploads\/2025\/04\/logo_XTERRA_Trail_Run_World_Series_Vall_de_boi_white.png\" class=\"vc_single_image-img attachment-medium\" alt=\"\" title=\"logo_XTERRA_Trail_Run_World_Series_Vall_de_boi_white\" \/><\/div>\n\t\t<\/figure>\n\t<\/div>\n<div class=\"vcex-spacing wpex-w-100 wpex-clear\" style=\"height:10px;\"><\/div>\n\t<div style=\"color:#ffffff;font-family:Roboto, sans-serif;font-size:40px;font-weight:700;line-height:var(--wpex-leading-tight);\" class=\"wpb_text_column has-custom-color wpex-child-inherit-color wpb_content_element\" >\n\t\t<div class=\"wpb_wrapper\">\n\t\t\t<p>SKY | +1900M<\/p>\n\n\t\t<\/div>\n\t<\/div>\n\n\t<div style=\"color:#ffffff;font-size:20px;font-weight:700;\" class=\"wpb_text_column has-custom-color wpex-child-inherit-color wpb_content_element\" >\n\t\t<div class=\"wpb_wrapper\">\n\t\t\t<p>Garmin Epic Trail Sky<\/p>\n\n\t\t<\/div>\n\t<\/div>\n\n\t<div style=\"color:#ffffff;\" class=\"wpb_text_column has-custom-color wpex-child-inherit-color wpb_content_element\" >\n\t\t<div class=\"wpb_wrapper\">\n\t\t\t<p><strong>28 JUNY 2026<\/strong><\/p>\n\n\t\t<\/div>\n\t<\/div>\n<div class=\"vcex-spacing wpex-w-100 wpex-clear\" style=\"height:20px;\"><\/div><style>.vcex-multi-buttons.vcex_69d6e8b905298 .theme-button,.vcex-multi-buttons.vcex_69d6e8b905298 .theme-txt-link{border-radius:0px;}<\/style><div class=\"vcex-multi-buttons wpex-flex wpex-flex-wrap wpex-items-center wpex-gap-10 vcex_69d6e8b905298\"><a href=\"https:\/\/garminmountainfestival.com\/ca\/curses-garmin-epic-trail\/garmin-epic-trail-sky-24k\/\" title=\"Garmin Epic Trail Sky 24K\" class=\"theme-button flat outline-transparent wpex-text-center vcex-count-1\">DETALL<\/a><a href=\"https:\/\/www.rockthesport.com\/ca\/esdeveniment\/garmin-mountain-festival-2026\/inscripcio\/selecciona-tarifa?&#038;fee_tag=SKY\" title=\"Garmin Epic Trail Sky 24K\" class=\"theme-button flat outline-transparent wpex-text-center vcex-count-2\" target=\"_blank\" rel=\"noopener noreferrer\">INSCRIPCI\u00d3<\/a><\/div><div class=\"vcex-spacing wpex-w-100 wpex-clear\" style=\"height:15px;\"><\/div><\/div><\/div><\/div><div class=\"wpb_column vc_column_container vc_col-sm-4 wpex-vc_col-has-fill wpex-has-overlay wpex-has-overlay--69d6e8b9055eb wpex-relative\"><div class=\"vc_column-inner vc_custom_1696838209316\"><div class=\"wpex-bg-overlay-wrap wpex-absolute wpex-inset-0 wpex-rounded-inherit\"><style class=\"wpex-bg-overlay-css\">.wpex-has-overlay--69d6e8b9055eb > .vc_column-inner > .wpex-bg-overlay-wrap .wpex-bg-overlay{opacity:0.30;}<\/style><span class=\"wpex-bg-overlay dark wpex-absolute wpex-inset-0 wpex-rounded-inherit wpex-duration-500 wpex-opacity-60 wpex-bg-black\"><\/span><\/div><div class=\"wpb_wrapper\"><div class=\"vcex-spacing wpex-w-100 wpex-clear\" style=\"height:180px;\"><\/div>\n\t<div style=\"color:#ffffff;font-family:Roboto, sans-serif;font-size:40px;font-weight:700;line-height:var(--wpex-leading-tight);\" class=\"wpb_text_column has-custom-color wpex-child-inherit-color wpb_content_element\" >\n\t\t<div class=\"wpb_wrapper\">\n\t\t\t<p>SPEED | +500M<\/p>\n\n\t\t<\/div>\n\t<\/div>\n\n\t<div style=\"color:#ffffff;font-size:20px;font-weight:700;\" class=\"wpb_text_column has-custom-color wpex-child-inherit-color wpb_content_element\" >\n\t\t<div class=\"wpb_wrapper\">\n\t\t\t<p>Garmin Epic Trail Speed<\/p>\n\n\t\t<\/div>\n\t<\/div>\n\n\t<div style=\"color:#ffffff;\" class=\"wpb_text_column has-custom-color wpex-child-inherit-color wpb_content_element\" >\n\t\t<div class=\"wpb_wrapper\">\n\t\t\t<p><strong>28 JUNY 2026<\/strong><\/p>\n\n\t\t<\/div>\n\t<\/div>\n<div class=\"vcex-spacing wpex-w-100 wpex-clear\" style=\"height:20px;\"><\/div><style>.vcex-multi-buttons.vcex_69d6e8b905d25 .theme-button,.vcex-multi-buttons.vcex_69d6e8b905d25 .theme-txt-link{border-radius:0px;}<\/style><div class=\"vcex-multi-buttons wpex-flex wpex-flex-wrap wpex-items-center wpex-gap-10 vcex_69d6e8b905d25\"><a href=\"https:\/\/garminmountainfestival.com\/ca\/curses-garmin-epic-trail\/garmin-epic-trail-speed-12k\/\" title=\"Garmin Epic Trail Speed 12K\" class=\"theme-button flat outline-transparent wpex-text-center vcex-count-1\">DETALL<\/a><a href=\"https:\/\/www.rockthesport.com\/ca\/esdeveniment\/garmin-mountain-festival-2026\/inscripcio\/selecciona-tarifa?&#038;fee_tag=SPEED\" title=\"Garmin Epic Trail Speed 12K\" class=\"theme-button flat outline-transparent wpex-text-center vcex-count-2\" target=\"_blank\" rel=\"noopener noreferrer\">INSCRIPCI\u00d3<\/a><\/div><div class=\"vcex-spacing wpex-w-100 wpex-clear\" style=\"height:15px;\"><\/div><\/div><\/div><\/div><\/div><\/div>[\/vc_column][\/vc_row]\n<\/div>","protected":false},"excerpt":{"rendered":"La EPIC TRAIL VALL DE BO\u00cd Nascuda \u00a0al \u00a0juliol de 2014, fou \u00a0un projecte promogut per la marca catalana BUFF, pioner en el seu format i\u00a0 amb la vocaci\u00f3 d\u2019esdevenir una refer\u00e8ncia internacional dels esports a l\u2019aire lliure. De la m\u00e0 de'n Joan Rojas (fundador de BUFF), i en Joan Paralada (Alcalde de la Vall&hellip;","protected":false},"author":6,"featured_media":2212,"parent":0,"menu_order":0,"comment_status":"closed","ping_status":"closed","template":"","meta":{"footnotes":""},"class_list":["post-2663","page","type-page","status-publish","has-post-thumbnail","hentry","entry","has-media"],"_links":{"self":[{"href":"https:\/\/garminmountainfestival.com\/ca\/wp-json\/wp\/v2\/pages\/2663","targetHints":{"allow":["GET"]}}],"collection":[{"href":"https:\/\/garminmountainfestival.com\/ca\/wp-json\/wp\/v2\/pages"}],"about":[{"href":"https:\/\/garminmountainfestival.com\/ca\/wp-json\/wp\/v2\/types\/page"}],"author":[{"embeddable":true,"href":"https:\/\/garminmountainfestival.com\/ca\/wp-json\/wp\/v2\/users\/6"}],"replies":[{"embeddable":true,"href":"https:\/\/garminmountainfestival.com\/ca\/wp-json\/wp\/v2\/comments?post=2663"}],"version-history":[{"count":15,"href":"https:\/\/garminmountainfestival.com\/ca\/wp-json\/wp\/v2\/pages\/2663\/revisions"}],"predecessor-version":[{"id":4208,"href":"https:\/\/garminmountainfestival.com\/ca\/wp-json\/wp\/v2\/pages\/2663\/revisions\/4208"}],"wp:featuredmedia":[{"embeddable":true,"href":"https:\/\/garminmountainfestival.com\/ca\/wp-json\/wp\/v2\/media\/2212"}],"wp:attachment":[{"href":"https:\/\/garminmountainfestival.com\/ca\/wp-json\/wp\/v2\/media?parent=2663"}],"curies":[{"name":"wp","href":"https:\/\/api.w.org\/{rel}","templated":true}]}}