{"id":2595,"date":"2023-11-06T10:49:15","date_gmt":"2023-11-06T09:49:15","guid":{"rendered":"https:\/\/wpprovis.com\/festival\/taller-de-iniciacion-a-la-orientacion\/"},"modified":"2025-03-12T11:08:01","modified_gmt":"2025-03-12T10:08:01","slug":"taller-d-iniciacio-a-l-orientacio","status":"publish","type":"page","link":"https:\/\/garminmountainfestival.com\/ca\/festival\/taller-d-iniciacio-a-l-orientacio\/","title":{"rendered":"Taller d&#8217;iniciaci\u00f3 a l&#8217;orientaci\u00f3"},"content":{"rendered":"<div class=\"wpb-content-wrapper\">[vc_row full_width=&#8221;stretch_row_content&#8221; gap=&#8221;35&#8243;][vc_column width=&#8221;2\/3&#8243;]<style>.vcex-heading.vcex_69d7c22fc2e16{font-size:30px;}<\/style><h2 class=\"vcex-heading vcex-heading-plain vcex-module wpex-heading wpex-text-2xl vcex_69d7c22fc2e16\"><span class=\"vcex-heading-inner wpex-inline-block\">Descripci\u00f3<\/span><\/h2>[vc_column_text]Activitat ideal per a tota la familia. Descobreix la Vall de Bo\u00ed a petita escala gr\u00e0cies als mapes d\u2019orientaci\u00f3 de la Vall de Bo\u00ed. Et proposem una immersi\u00f3 al territori amb l\u2019assessorament de T\u00e8cnics especialistes amb l\u2019incentiu de sortir a \u201cca\u00e7ar\u201d fites pels voltants de Barruera amb l\u2019ajuda del mapa i la bru\u00edxola. Recorre la llera del Riu Noguera de Tort i endinsat al paisatge de la Vall de Bo\u00ed. Apr\u00e8n a observar indicis que t\u2019ajudin a orientar, saber on \u00e9s el nord i com situar-te en un mapa.<\/p>\n<p>L&#8217;orientaci\u00f3 amb mapa i br\u00faixola \u00e9s una habilitat essencial per a aquells que gaudeixen d&#8217;activitats a l&#8217;aire lliure, com ara senderisme, trekking o simplement explorar \u00e0rees desconegudes.[\/vc_column_text]<div class=\"vcex-spacing wpex-w-100 wpex-clear\"><\/div><div class=\"vcex-module vcex-icon-box vcex-icon-box-one wpex-flex wpex-text-left\"><div class=\"vcex-icon-box-symbol vcex-icon-box-symbol--icon wpex-flex-shrink-0 wpex-mr-20\"><div class=\"vcex-icon-box-icon wpex-items-center wpex-justify-center wpex-child-inherit-color wpex-text-center wpex-leading-none wpex-flex wpex-text-1\"><span class=\"wpex-flex wpex-icon--w typcn typcn-compass\" aria-hidden=\"true\"><\/span><\/div><\/div><div class=\"vcex-icon-box-text wpex-flex-grow\"><h2 class=\"vcex-icon-box-heading wpex-heading wpex-text-md wpex-mb-10\">CONEIXEMENT B\u00c0SIC DE LA BR\u00daIXOLA<\/h2><div class=\"vcex-icon-box-content wpex-last-mb-0 wpex-clr\"><p><strong>Components:<\/strong> Familiaritza&#8217;t amb els components b\u00e0sics d&#8217;una br\u00faixola: agulla imantada, base, bisell i escala.<\/p>\n<p><strong>Lectura:<\/strong> Apr\u00e8n a llegir la direcci\u00f3 indicada per l&#8217;agulla imantada, assegurant-te de mantenir la br\u00faixola anivellada per a una lectura precisa.<\/p>\n<\/div><\/div><\/div><div class=\"vcex-spacing wpex-w-100 wpex-clear\"><\/div><div class=\"vcex-module vcex-icon-box vcex-icon-box-one wpex-flex wpex-text-left\"><div class=\"vcex-icon-box-symbol vcex-icon-box-symbol--icon wpex-flex-shrink-0 wpex-mr-20\"><div class=\"vcex-icon-box-icon wpex-items-center wpex-justify-center wpex-child-inherit-color wpex-text-center wpex-leading-none wpex-flex wpex-text-1\"><span class=\"wpex-flex wpex-icon--w wpex-icon\" aria-hidden=\"true\"><svg xmlns=\"http:\/\/www.w3.org\/2000\/svg\" viewBox=\"0 0 576 512\"><path d=\"M565.6 36.2C572.1 40.7 576 48.1 576 56V392c0 10-6.2 18.9-15.5 22.4l-168 64c-5.2 2-10.9 2.1-16.1 .3L192.5 417.5l-160 61c-7.4 2.8-15.7 1.8-22.2-2.7S0 463.9 0 456V120c0-10 6.1-18.9 15.5-22.4l168-64c5.2-2 10.9-2.1 16.1-.3L383.5 94.5l160-61c7.4-2.8 15.7-1.8 22.2 2.7zM48 136.5V421.2l120-45.7V90.8L48 136.5zM360 422.7V137.3l-144-48V374.7l144 48zm48-1.5l120-45.7V90.8L408 136.5V421.2z\"\/><\/svg><\/span><\/div><\/div><div class=\"vcex-icon-box-text wpex-flex-grow\"><h2 class=\"vcex-icon-box-heading wpex-heading wpex-text-md wpex-mb-10\">ENTENDRE EL MAPA<\/h2><div class=\"vcex-icon-box-content wpex-last-mb-0 wpex-clr\"><p><strong>Escales:<\/strong> Compr\u00e8n l&#8217;escala del mapa per determinar dist\u00e0ncies reals al terreny.<\/p>\n<p><strong>S\u00edmbols:<\/strong> Familiaritza&#8217;t amb els s\u00edmbols i llegendes del mapa, que indiquen caracter\u00edstiques com ara camins, rius, muntanyes i altres elements geogr\u00e0fics.<\/p>\n<\/div><\/div><\/div><div class=\"vcex-spacing wpex-w-100 wpex-clear\"><\/div><div class=\"vcex-module vcex-icon-box vcex-icon-box-one wpex-flex wpex-text-left\"><div class=\"vcex-icon-box-symbol vcex-icon-box-symbol--icon wpex-flex-shrink-0 wpex-mr-20\"><div class=\"vcex-icon-box-icon wpex-items-center wpex-justify-center wpex-child-inherit-color wpex-text-center wpex-leading-none wpex-flex wpex-text-1\"><span class=\"wpex-flex wpex-icon--w wpex-icon\" aria-hidden=\"true\"><svg xmlns=\"http:\/\/www.w3.org\/2000\/svg\" viewBox=\"0 0 512 512\"><path d=\"M320 64A64 64 0 1 0 192 64a64 64 0 1 0 128 0zm-96 96c-35.3 0-64 28.7-64 64v48c0 17.7 14.3 32 32 32h1.8l11.1 99.5c1.8 16.2 15.5 28.5 31.8 28.5h38.7c16.3 0 30-12.3 31.8-28.5L318.2 304H320c17.7 0 32-14.3 32-32V224c0-35.3-28.7-64-64-64H224zM132.3 394.2c13-2.4 21.7-14.9 19.3-27.9s-14.9-21.7-27.9-19.3c-32.4 5.9-60.9 14.2-82 24.8c-10.5 5.3-20.3 11.7-27.8 19.6C6.4 399.5 0 410.5 0 424c0 21.4 15.5 36.1 29.1 45c14.7 9.6 34.3 17.3 56.4 23.4C130.2 504.7 190.4 512 256 512s125.8-7.3 170.4-19.6c22.1-6.1 41.8-13.8 56.4-23.4c13.7-8.9 29.1-23.6 29.1-45c0-13.5-6.4-24.5-14-32.6c-7.5-7.9-17.3-14.3-27.8-19.6c-21-10.6-49.5-18.9-82-24.8c-13-2.4-25.5 6.3-27.9 19.3s6.3 25.5 19.3 27.9c30.2 5.5 53.7 12.8 69 20.5c3.2 1.6 5.8 3.1 7.9 4.5c3.6 2.4 3.6 7.2 0 9.6c-8.8 5.7-23.1 11.8-43 17.3C374.3 457 318.5 464 256 464s-118.3-7-157.7-17.9c-19.9-5.5-34.2-11.6-43-17.3c-3.6-2.4-3.6-7.2 0-9.6c2.1-1.4 4.8-2.9 7.9-4.5c15.3-7.7 38.8-14.9 69-20.5z\"\/><\/svg><\/span><\/div><\/div><div class=\"vcex-icon-box-text wpex-flex-grow\"><h2 class=\"vcex-icon-box-heading wpex-heading wpex-text-md wpex-mb-10\">ORIENTAR EL MAPA<\/h2><div class=\"vcex-icon-box-content wpex-last-mb-0 wpex-clr\"><p><strong>Punts de refer\u00e8ncia:<\/strong> Identifica punts de refer\u00e8ncia al terreny i al mapa, com ara turons, llacs o creus de camins.<\/p>\n<p><strong>Orientaci\u00f3 amb Br\u00faixola:<\/strong> Utilitza la br\u00faixola per orientar el mapa, alineant el nord del mapa amb el nord indicat per la br\u00faixola.<\/p>\n<\/div><\/div><\/div>[\/vc_column][vc_column wpex_shadow=&#8221;shadow-lg&#8221; width=&#8221;1\/3&#8243; css=&#8221;.vc_custom_1699437972929{padding-left: 40px !important;background-color: #eeeeee !important;}&#8221;][vc_widget_sidebar sidebar_id=&#8221;horario-taller-orientacion&#8221;]<div class=\"templatera_shortcode\"><div class=\"vc_row wpb_row vc_row-fluid wpex-relative\"><div class=\"wpb_column vc_column_container vc_col-sm-12\"><div class=\"vc_column-inner\"><div class=\"wpb_wrapper\"><a href=\"https:\/\/garminmountainfestival.com\/ca\/programa\/\" class=\"vcex-button theme-button inline\"><span class=\"vcex-button-inner theme-button-inner wpex-flex wpex-flex-wrap wpex-items-center wpex-justify-center\">VEURE EL PROGRAMA DEL FESTIVAL<\/span><\/a> <\/div><\/div><\/div><\/div><\/div>[\/vc_column][\/vc_row][vc_row full_width=&#8221;stretch_row_content&#8221; gap=&#8221;35&#8243;][vc_column width=&#8221;1\/3&#8243;]<style>.vcex-heading.vcex_69d7c22fc7c0b{font-size:30px;font-weight:700;}<\/style><div class=\"vcex-heading vcex-heading-plain vcex-module wpex-heading wpex-text-2xl vcex_69d7c22fc7c0b\"><span class=\"vcex-heading-inner wpex-inline-block\">Apunta't a l'activitat: Taller d\u00b4iniciaci\u00f3 a l'orientaci\u00f3<\/span><\/div>[vc_column_text]<strong>Sessi\u00f3 1 i 2<\/strong>[\/vc_column_text][\/vc_column][vc_column width=&#8221;1\/3&#8243;]<div class=\"vcex-spacing wpex-w-100 wpex-clear\" style=\"height:10px;\"><\/div>[vc_column_text]La inscripci\u00f3 inclou:<\/p>\n<ul>\n<li>Monitoratge<\/li>\n<li>Mapa per persona<\/li>\n<li>Obsequi commemoratiu per persona<\/li>\n<li>Asseguran\u00e7a accidents<\/li>\n<li>Avituallament l\u00edquid<\/li>\n<\/ul>\n[\/vc_column_text][\/vc_column][vc_column width=&#8221;1\/3&#8243;][vc_column_text]<strong><span style=\"font-size: 32px;\">12\u20ac<\/span><\/strong>[\/vc_column_text]<div class=\"templatera_shortcode\"><style type=\"text\/css\" data-type=\"vc_shortcodes-custom-css\">.vc_custom_1758888436441{padding-top: 20px !important;}<\/style><div class=\"vc_row wpb_row vc_row-fluid wpex-relative\"><div class=\"wpb_column vc_column_container vc_col-sm-12\"><div class=\"vc_column-inner\"><div class=\"wpb_wrapper\"><div class=\"vc_custom_1758888436441 wpex-clr\"><div class=\"theme-button-wrap textcenter wpex-clr\"><a href=\"https:\/\/www.rockthesport.com\/ca\/esdeveniment\/actividades-garmin-mountain-festival-2025\/inscripcio\/selecciona-tarifa?&#038;fee_tag=orientacion\" class=\"vcex-button theme-button medium align-center inline\" target=\"_blank\" rel=\"noopener noreferrer\"><span class=\"vcex-button-inner theme-button-inner wpex-flex wpex-flex-wrap wpex-items-center wpex-justify-center\">INSCRIPCIONS PROPERAMENT<\/span><\/a><\/div><\/div> <\/div><\/div><\/div><\/div><\/div>[\/vc_column][\/vc_row][vc_row full_width=&#8221;stretch_row_content_no_spaces&#8221;][vc_column]<div class=\"vcex-image-grid-wrap\"><div class=\"vcex-module vcex-image-grid grid-style-default wpex-row wpex-clr wpex-lightbox-group\"><div class=\"id-2360 vcex-image-grid-entry vcex-grid-item wpex-text-center span_1_of_4 col col-1\"><figure class=\"vcex-image-grid-entry-figure wpex-last-mb-0 wpex-clr\"><div class=\"vcex-image-grid-entry-img entry-media wpex-relative wpex-mb-20\"><a href=\"https:\/\/garminmountainfestival.com\/wp-content\/uploads\/2023\/12\/taller-de-orientacion-garmin-mountain-festival-vall-de-boi-2.jpg\" class=\"vcex-image-grid-entry-link wpex-lightbox-group-item\" ><img width=\"1500\" height=\"1000\" src=\"https:\/\/garminmountainfestival.com\/wp-content\/uploads\/2023\/12\/taller-de-orientacion-garmin-mountain-festival-vall-de-boi-2.jpg\" class=\"wpex-aspect-4-3 wpex-align-middle\" alt=\"\" loading=\"lazy\" decoding=\"async\" srcset=\"https:\/\/garminmountainfestival.com\/wp-content\/uploads\/2023\/12\/taller-de-orientacion-garmin-mountain-festival-vall-de-boi-2.jpg 1500w, https:\/\/garminmountainfestival.com\/wp-content\/uploads\/2023\/12\/taller-de-orientacion-garmin-mountain-festival-vall-de-boi-2-300x200.jpg 300w, https:\/\/garminmountainfestival.com\/wp-content\/uploads\/2023\/12\/taller-de-orientacion-garmin-mountain-festival-vall-de-boi-2-1024x683.jpg 1024w, https:\/\/garminmountainfestival.com\/wp-content\/uploads\/2023\/12\/taller-de-orientacion-garmin-mountain-festival-vall-de-boi-2-768x512.jpg 768w\" sizes=\"auto, (max-width: 1500px) 100vw, 1500px\" \/><\/a><\/div><\/figure><\/div><div class=\"id-2358 vcex-image-grid-entry vcex-grid-item wpex-text-center span_1_of_4 col col-2\"><figure class=\"vcex-image-grid-entry-figure wpex-last-mb-0 wpex-clr\"><div class=\"vcex-image-grid-entry-img entry-media wpex-relative wpex-mb-20\"><a href=\"https:\/\/garminmountainfestival.com\/wp-content\/uploads\/2023\/12\/taller-de-orientacion-garmin-mountain-festival-vall-de-boi-1.jpg\" class=\"vcex-image-grid-entry-link wpex-lightbox-group-item\" ><img width=\"1500\" height=\"1000\" src=\"https:\/\/garminmountainfestival.com\/wp-content\/uploads\/2023\/12\/taller-de-orientacion-garmin-mountain-festival-vall-de-boi-1.jpg\" class=\"wpex-aspect-4-3 wpex-align-middle\" alt=\"\" loading=\"lazy\" decoding=\"async\" srcset=\"https:\/\/garminmountainfestival.com\/wp-content\/uploads\/2023\/12\/taller-de-orientacion-garmin-mountain-festival-vall-de-boi-1.jpg 1500w, https:\/\/garminmountainfestival.com\/wp-content\/uploads\/2023\/12\/taller-de-orientacion-garmin-mountain-festival-vall-de-boi-1-300x200.jpg 300w, https:\/\/garminmountainfestival.com\/wp-content\/uploads\/2023\/12\/taller-de-orientacion-garmin-mountain-festival-vall-de-boi-1-1024x683.jpg 1024w, https:\/\/garminmountainfestival.com\/wp-content\/uploads\/2023\/12\/taller-de-orientacion-garmin-mountain-festival-vall-de-boi-1-768x512.jpg 768w\" sizes=\"auto, (max-width: 1500px) 100vw, 1500px\" \/><\/a><\/div><\/figure><\/div><\/div><\/div>[\/vc_column][\/vc_row]\n<\/div>","protected":false},"excerpt":{"rendered":"","protected":false},"author":6,"featured_media":2360,"parent":2556,"menu_order":0,"comment_status":"closed","ping_status":"closed","template":"","meta":{"footnotes":""},"class_list":["post-2595","page","type-page","status-publish","has-post-thumbnail","hentry","entry","no-media"],"_links":{"self":[{"href":"https:\/\/garminmountainfestival.com\/ca\/wp-json\/wp\/v2\/pages\/2595","targetHints":{"allow":["GET"]}}],"collection":[{"href":"https:\/\/garminmountainfestival.com\/ca\/wp-json\/wp\/v2\/pages"}],"about":[{"href":"https:\/\/garminmountainfestival.com\/ca\/wp-json\/wp\/v2\/types\/page"}],"author":[{"embeddable":true,"href":"https:\/\/garminmountainfestival.com\/ca\/wp-json\/wp\/v2\/users\/6"}],"replies":[{"embeddable":true,"href":"https:\/\/garminmountainfestival.com\/ca\/wp-json\/wp\/v2\/comments?post=2595"}],"version-history":[{"count":11,"href":"https:\/\/garminmountainfestival.com\/ca\/wp-json\/wp\/v2\/pages\/2595\/revisions"}],"predecessor-version":[{"id":4513,"href":"https:\/\/garminmountainfestival.com\/ca\/wp-json\/wp\/v2\/pages\/2595\/revisions\/4513"}],"up":[{"embeddable":true,"href":"https:\/\/garminmountainfestival.com\/ca\/wp-json\/wp\/v2\/pages\/2556"}],"wp:featuredmedia":[{"embeddable":true,"href":"https:\/\/garminmountainfestival.com\/ca\/wp-json\/wp\/v2\/media\/2360"}],"wp:attachment":[{"href":"https:\/\/garminmountainfestival.com\/ca\/wp-json\/wp\/v2\/media?parent=2595"}],"curies":[{"name":"wp","href":"https:\/\/api.w.org\/{rel}","templated":true}]}}