{"id":2563,"date":"2023-12-11T16:54:02","date_gmt":"2023-12-11T15:54:02","guid":{"rendered":"https:\/\/wpprovis.com\/festival\/actividades-de-aventura\/"},"modified":"2024-06-12T10:38:47","modified_gmt":"2024-06-12T08:38:47","slug":"activitats-d-aventura","status":"publish","type":"page","link":"https:\/\/garminmountainfestival.com\/ca\/festival\/activitats-d-aventura\/","title":{"rendered":"Activitats d&#8217;aventura"},"content":{"rendered":"<div class=\"wpb-content-wrapper\">[vc_row][vc_column][vc_column_text]\n<p style=\"text-align: center;\">Us proposem gaudir de la natura fent alguna de les activitats d&#8217;aventura que es poden fer a l&#8217;entorn de la Vall de Bo\u00ed. Es tracta d&#8217;activitats condu\u00efdes per guies professionals que us facilitaran tot el material necessari per realitzar l&#8217;activitat. El ventall \u00e9s molt ampli i us proposem moltes opcions per a tots els p\u00fablics.<\/p>\n[\/vc_column_text][\/vc_column][\/vc_row][vc_row][vc_column]<style>.vcex-image.vcex_69d7bf9cbbd69 .vcex-image-inner{max-width:200px;}<\/style><figure class=\"vcex-image vcex-module wpex-text-center vcex_69d7bf9cbbd69\"><div class=\"vcex-image-inner wpex-relative wpex-inline-block\"><a href=\"https:\/\/www.vallboi.cat\/es\/outdoor-park-vall-de-boi\" target=\"_blank\" rel=\"noopener noreferrer\"><img width=\"664\" height=\"432\" src=\"https:\/\/garminmountainfestival.com\/wp-content\/uploads\/2024\/02\/logo-outdoor-park-vall-boi.png\" class=\"vcex-image-img wpex-align-middle\" alt=\"\" loading=\"lazy\" decoding=\"async\" srcset=\"https:\/\/garminmountainfestival.com\/wp-content\/uploads\/2024\/02\/logo-outdoor-park-vall-boi.png 664w, https:\/\/garminmountainfestival.com\/wp-content\/uploads\/2024\/02\/logo-outdoor-park-vall-boi-300x195.png 300w\" sizes=\"auto, (max-width: 664px) 100vw, 664px\" \/><\/a><\/div><\/figure><div class=\"vcex-spacing wpex-w-100 wpex-clear\" style=\"height:20px;\"><\/div><div class=\"vcex-heading vcex-heading-plain vcex-module wpex-heading wpex-text-2xl wpex-text-center\"><span class=\"vcex-heading-inner wpex-inline-block\">Activitats d&apos;estiu<\/span><\/div><figure class=\"vcex-image vcex-module\"><div class=\"vcex-image-inner wpex-relative wpex-inline-block\"><a href=\"https:\/\/www.vallboi.cat\/ca\/outdoor-park-vall-de-boi\" target=\"_blank\" rel=\"noopener noreferrer\"><img width=\"1218\" height=\"358\" src=\"https:\/\/garminmountainfestival.com\/wp-content\/uploads\/2024\/02\/actividades-outdoor-park-vall-de-boi-garmin-mountain-festival-2.jpg\" class=\"vcex-image-img wpex-align-middle\" alt=\"\" loading=\"lazy\" decoding=\"async\" srcset=\"https:\/\/garminmountainfestival.com\/wp-content\/uploads\/2024\/02\/actividades-outdoor-park-vall-de-boi-garmin-mountain-festival-2.jpg 1218w, https:\/\/garminmountainfestival.com\/wp-content\/uploads\/2024\/02\/actividades-outdoor-park-vall-de-boi-garmin-mountain-festival-2-300x88.jpg 300w, https:\/\/garminmountainfestival.com\/wp-content\/uploads\/2024\/02\/actividades-outdoor-park-vall-de-boi-garmin-mountain-festival-2-1024x301.jpg 1024w, https:\/\/garminmountainfestival.com\/wp-content\/uploads\/2024\/02\/actividades-outdoor-park-vall-de-boi-garmin-mountain-festival-2-768x226.jpg 768w\" sizes=\"auto, (max-width: 1218px) 100vw, 1218px\" \/><\/a><\/div><\/figure><figure class=\"vcex-image vcex-module\"><div class=\"vcex-image-inner wpex-relative wpex-inline-block\"><a href=\"https:\/\/www.vallboi.cat\/ca\/outdoor-park-vall-de-boi\" target=\"_blank\" rel=\"noopener noreferrer\"><img width=\"1220\" height=\"353\" src=\"https:\/\/garminmountainfestival.com\/wp-content\/uploads\/2024\/02\/actividades-outdoor-park-vall-de-boi-garmin-mountain-festival.jpg\" class=\"vcex-image-img wpex-align-middle\" alt=\"\" loading=\"lazy\" decoding=\"async\" srcset=\"https:\/\/garminmountainfestival.com\/wp-content\/uploads\/2024\/02\/actividades-outdoor-park-vall-de-boi-garmin-mountain-festival.jpg 1220w, https:\/\/garminmountainfestival.com\/wp-content\/uploads\/2024\/02\/actividades-outdoor-park-vall-de-boi-garmin-mountain-festival-300x87.jpg 300w, https:\/\/garminmountainfestival.com\/wp-content\/uploads\/2024\/02\/actividades-outdoor-park-vall-de-boi-garmin-mountain-festival-1024x296.jpg 1024w, https:\/\/garminmountainfestival.com\/wp-content\/uploads\/2024\/02\/actividades-outdoor-park-vall-de-boi-garmin-mountain-festival-768x222.jpg 768w\" sizes=\"auto, (max-width: 1220px) 100vw, 1220px\" \/><\/a><\/div><\/figure><figure class=\"vcex-image vcex-module\"><div class=\"vcex-image-inner wpex-relative wpex-inline-block\"><a href=\"https:\/\/www.vallboi.cat\/ca\/outdoor-park-vall-de-boi\" target=\"_blank\" rel=\"noopener noreferrer\"><img width=\"1218\" height=\"358\" src=\"https:\/\/garminmountainfestival.com\/wp-content\/uploads\/2024\/02\/actividades-outdoor-park-vall-de-boi-garmin-mountain-festival-3.jpg\" class=\"vcex-image-img wpex-align-middle\" alt=\"\" loading=\"lazy\" decoding=\"async\" srcset=\"https:\/\/garminmountainfestival.com\/wp-content\/uploads\/2024\/02\/actividades-outdoor-park-vall-de-boi-garmin-mountain-festival-3.jpg 1218w, https:\/\/garminmountainfestival.com\/wp-content\/uploads\/2024\/02\/actividades-outdoor-park-vall-de-boi-garmin-mountain-festival-3-300x88.jpg 300w, https:\/\/garminmountainfestival.com\/wp-content\/uploads\/2024\/02\/actividades-outdoor-park-vall-de-boi-garmin-mountain-festival-3-1024x301.jpg 1024w, https:\/\/garminmountainfestival.com\/wp-content\/uploads\/2024\/02\/actividades-outdoor-park-vall-de-boi-garmin-mountain-festival-3-768x226.jpg 768w\" sizes=\"auto, (max-width: 1218px) 100vw, 1218px\" \/><\/a><\/div><\/figure>[\/vc_column][\/vc_row][vc_row full_width=&#8221;stretch_row_content&#8221; gap=&#8221;35&#8243; disable_element=&#8221;yes&#8221;][vc_column width=&#8221;1\/2&#8243;][vc_row_inner][vc_column_inner width=&#8221;1\/3&#8243;]<figure class=\"vcex-image vcex-module\"><div class=\"vcex-image-inner wpex-relative wpex-inline-block\"><a href=\"https:\/\/garminmountainfestival.com\/wp-content\/uploads\/2024\/01\/vias-ferratas-garmin-mountain-festival.jpg\" class=\"wpex-lightbox\"><img width=\"1920\" height=\"1440\" src=\"https:\/\/garminmountainfestival.com\/wp-content\/uploads\/2024\/01\/vias-ferratas-garmin-mountain-festival.jpg\" class=\"vcex-image-img wpex-align-middle\" alt=\"\" loading=\"lazy\" decoding=\"async\" srcset=\"https:\/\/garminmountainfestival.com\/wp-content\/uploads\/2024\/01\/vias-ferratas-garmin-mountain-festival.jpg 1920w, https:\/\/garminmountainfestival.com\/wp-content\/uploads\/2024\/01\/vias-ferratas-garmin-mountain-festival-300x225.jpg 300w, https:\/\/garminmountainfestival.com\/wp-content\/uploads\/2024\/01\/vias-ferratas-garmin-mountain-festival-1024x768.jpg 1024w, https:\/\/garminmountainfestival.com\/wp-content\/uploads\/2024\/01\/vias-ferratas-garmin-mountain-festival-768x576.jpg 768w, https:\/\/garminmountainfestival.com\/wp-content\/uploads\/2024\/01\/vias-ferratas-garmin-mountain-festival-1536x1152.jpg 1536w\" sizes=\"auto, (max-width: 1920px) 100vw, 1920px\" \/><\/a><\/div><\/figure>[\/vc_column_inner][vc_column_inner width=&#8221;2\/3&#8243;]<div class=\"vcex-heading vcex-heading-plain vcex-module wpex-heading wpex-text-2xl\"><span class=\"vcex-heading-inner wpex-inline-block\">VIA FERRADA<\/span><\/div>[vc_column_text]\n<p style=\"text-align: justify;\">Una via ferrada \u00e9s un itinerari esportiu situat a una paret rocosa equipat amb elements espec\u00edfics: graons, cables, etc\u2026El progr\u00e9s durant el recorregut es realitza seguint una l\u00ednia de vida per la qual ens assegurem a l\u2019arn\u00e8s mitjan\u00e7ant uns caps d\u2019ancoratge , dissipadors d\u2019energia, especials per a vies ferrades, destinats a optimitzar la seguretat i facilitar la progressi\u00f3. \u00c9s una activitat a cavall entre l\u2019excursionisme i l\u2019escalada. A la Vall de Bo\u00ed disposem de diferents Vies Ferrates aptes per a tots els nivells.<\/p>\n[\/vc_column_text][\/vc_column_inner][\/vc_row_inner][\/vc_column][vc_column width=&#8221;1\/2&#8243;][vc_row_inner][vc_column_inner width=&#8221;1\/3&#8243;][vc_single_image image=&#8221;2511&#8243; onclick=&#8221;link_image&#8221;][\/vc_column_inner][vc_column_inner width=&#8221;2\/3&#8243;]<div class=\"vcex-heading vcex-heading-plain vcex-module wpex-heading wpex-text-2xl\"><span class=\"vcex-heading-inner wpex-inline-block\">DESCENS DE BARRANCS<\/span><\/div>[vc_column_text]\n<p style=\"text-align: justify;\">El descens de barrancs \u00e9s una pr\u00e0ctica esportiva que consisteix en la progressi\u00f3 per barrancs o llits de torrents o rius de muntanya que realitzem a peu, nedant o saltant, utilitzant diferents t\u00e8cniques i materials propis ben diferenciats. Tot plegat en un entorn natural espectacular, amb unes formacions rocoses incre\u00efbles produ\u00efdes pel pas del temps. Cal entrar a dins i fluir amb l\u2019aigua. A l\u2019entorn de la Vall de Bo\u00ed disposem de diferents barrancs aptes per a tots els nivells.<\/p>\n[\/vc_column_text][\/vc_column_inner][\/vc_row_inner][\/vc_column][\/vc_row][vc_row full_width=&#8221;stretch_row_content&#8221; gap=&#8221;35&#8243; disable_element=&#8221;yes&#8221;][vc_column width=&#8221;1\/2&#8243;][vc_row_inner][vc_column_inner width=&#8221;1\/3&#8243;][vc_single_image image=&#8221;2517&#8243; onclick=&#8221;link_image&#8221;][\/vc_column_inner][vc_column_inner width=&#8221;2\/3&#8243;]<div class=\"vcex-heading vcex-heading-plain vcex-module wpex-heading wpex-text-2xl\"><span class=\"vcex-heading-inner wpex-inline-block\">R\u00c1FTING<\/span><\/div>[vc_column_text]\n<p style=\"text-align: justify;\">El r\u00e1fting est\u00e1 considerado como una de las actividades m\u00e1s populares entre los deportes de aguas bravas. Se trata del descenso por el r\u00edo utilizando una embarcaci\u00f3n neum\u00e1tica. Con la ayuda de los remos y del gu\u00eda bajaremos por el r\u00edo alegremente, superando obst\u00e1culos tales como oleadas, rulos y pasajes estrechos. El descenso del Noguera Ribagor\u00e7ana es apto para todos los p\u00fablicos.<\/p>\n[\/vc_column_text][\/vc_column_inner][\/vc_row_inner][\/vc_column][vc_column width=&#8221;1\/2&#8243;][vc_row_inner][vc_column_inner width=&#8221;1\/3&#8243;][vc_single_image image=&#8221;2514&#8243; onclick=&#8221;link_image&#8221;][\/vc_column_inner][vc_column_inner width=&#8221;2\/3&#8243;]<div class=\"vcex-heading vcex-heading-plain vcex-module wpex-heading wpex-text-2xl\"><span class=\"vcex-heading-inner wpex-inline-block\">BATEIG D\u2019ESCALADA<\/span><\/div>[vc_column_text]\n<p style=\"text-align: justify;\">L&#8217;escalada \u00e9s una activitat molt segura, apta per a tothom i tamb\u00e9 per anar en fam\u00edlia, des dels m\u00e9s petits fins als m\u00e9s grans. No cal experi\u00e8ncia pr\u00e8via, es pot practicar en diferents nivells. \u00c9s un esport que aporta molts beneficis: millora la resist\u00e8ncia muscular, flexibilitat, coordinaci\u00f3 i equilibri. L\u2019escalada fomenta el treball en equip, la responsabilitat envers els altres, permet enfrontar-se a les pr\u00f2pies pors, ajuda a guanyar confian\u00e7a en un mateix. Descobreix les sensacions que l\u2019escalada \u00e9s capa\u00e7 de donar-te.<\/p>\n[\/vc_column_text][\/vc_column_inner][\/vc_row_inner][\/vc_column][\/vc_row][vc_row full_width=&#8221;stretch_row_content&#8221; gap=&#8221;35&#8243; disable_element=&#8221;yes&#8221;][vc_column width=&#8221;1\/2&#8243;][vc_row_inner][vc_column_inner width=&#8221;1\/3&#8243;]<figure class=\"vcex-image vcex-module\"><div class=\"vcex-image-inner wpex-relative wpex-inline-block\"><a href=\"https:\/\/garminmountainfestival.com\/wp-content\/uploads\/2023\/12\/parapente-garmin-mountain-festival-vall-de-boi.jpeg\" class=\"wpex-lightbox\"><img width=\"850\" height=\"638\" src=\"https:\/\/garminmountainfestival.com\/wp-content\/uploads\/2023\/12\/parapente-garmin-mountain-festival-vall-de-boi.jpeg\" class=\"vcex-image-img wpex-align-middle\" alt=\"\" loading=\"lazy\" decoding=\"async\" srcset=\"https:\/\/garminmountainfestival.com\/wp-content\/uploads\/2023\/12\/parapente-garmin-mountain-festival-vall-de-boi.jpeg 850w, https:\/\/garminmountainfestival.com\/wp-content\/uploads\/2023\/12\/parapente-garmin-mountain-festival-vall-de-boi-300x225.jpeg 300w, https:\/\/garminmountainfestival.com\/wp-content\/uploads\/2023\/12\/parapente-garmin-mountain-festival-vall-de-boi-768x576.jpeg 768w\" sizes=\"auto, (max-width: 850px) 100vw, 850px\" \/><\/a><\/div><\/figure>[\/vc_column_inner][vc_column_inner width=&#8221;2\/3&#8243;]<div class=\"vcex-heading vcex-heading-plain vcex-module wpex-heading wpex-text-2xl\"><span class=\"vcex-heading-inner wpex-inline-block\">PARAPENT BIPLA\u00c7A<\/span><\/div>[vc_column_text]\nDescobreix la Vall de Bo\u00ed des de l\u2019aire fent un vol bipla\u00e7a en Parapent.<\/p>\n<p>Observa els paisatges que recorren les curses de La Garmin Epic Trail a vista d\u2019ocell amb l\u2019Enric, pilot de la Vall de Bo\u00ed, nascut i resident al poble de Durro, fa molts anys que vola per damunt d\u2019aquests pobles, valls i muntanyes.<\/p>\n<p>\u201cGol\u201d situat a Barruera, al vell mig del Festival, on els teus amics i acompanyants et veuran volar i aterrar all\u00e0 mateix.<br \/>\n[\/vc_column_text][\/vc_column_inner][\/vc_row_inner][\/vc_column][vc_column width=&#8221;1\/2&#8243;][vc_row_inner][vc_column_inner][vc_column_text]\n<p style=\"text-align: justify;\"><strong>10\u2032 min en el aire.<\/strong><br \/>\nUn descenso directo del Juego de la Pelota hasta Barruera. Durante todo el d\u00eda. Horario a concertar con Enric (651644135).<\/p>\n<p style=\"text-align: justify;\"><strong>20-30 min en el aire.<\/strong><br \/>\nA partir de las 12h del mediod\u00eda. Un paseo por el Valle para observar y conocer las cimas caracter\u00edsticas, r\u00edos y pueblos que configuran este lugar del Pirineo.<\/p>\n[\/vc_column_text]<div class=\"vcex-spacing wpex-w-100 wpex-clear\"><\/div>[vc_column_text]<em>Les condicions meteorol\u00f2giques condicionen les possibilitat de cada vol i l\u2019activitat s\u2019ha de confirmar 100% poques hores abans de dur-la a terme.<\/em>[\/vc_column_text][\/vc_column_inner][\/vc_row_inner][\/vc_column][\/vc_row][vc_row full_width=&#8221;stretch_row_content&#8221; disable_element=&#8221;yes&#8221;][vc_column width=&#8221;1\/3&#8243;]<style>.vcex-heading.vcex_69d7bf9cc1b9e{font-size:30px;font-weight:700;}<\/style><div class=\"vcex-heading vcex-heading-plain vcex-module wpex-heading wpex-text-2xl vcex_69d7bf9cc1b9e\"><span class=\"vcex-heading-inner wpex-inline-block\">Apunta&apos;t a les activitats d&apos;aventura<\/span><\/div>[\/vc_column][vc_column width=&#8221;1\/3&#8243;][vc_column_text]<strong>CONTACTE: Via ferrada, Descens de barrancs, R\u00e0fting i Bateig d&#8217;escalada<\/strong>[\/vc_column_text]<div class=\"vcex-spacing wpex-w-100 wpex-clear\"><\/div>[vc_row_inner][vc_column_inner width=&#8221;1\/4&#8243;]<style>.vcex-image.vcex_69d7bf9cc2088 .vcex-image-inner{max-width:90px;}.vcex-image.vcex_69d7bf9cc2088 .vcex-image-img{height:90px;}<\/style><figure class=\"vcex-image vcex-module vcex_69d7bf9cc2088\"><div class=\"vcex-image-inner wpex-relative wpex-inline-block\"><a href=\"https:\/\/ecemescolademuntanya.com\/\" target=\"_blank\" rel=\"nofollow noopener noreferrer\"><img width=\"150\" height=\"150\" src=\"https:\/\/garminmountainfestival.com\/wp-content\/uploads\/2023\/12\/ecem-escola-de-muntanya-garmin-mountain-festival-vall-de-boi.png\" class=\"vcex-image-img wpex-align-middle wpex-object-cover\" alt=\"\" loading=\"lazy\" decoding=\"async\" \/><\/a><\/div><\/figure>[\/vc_column_inner][vc_column_inner width=&#8221;3\/4&#8243;][vc_column_text]info.ecemexperience@gmail.com<br \/>\nReserves: 636 632 638 \u2013 ECEM[\/vc_column_text][\/vc_column_inner][\/vc_row_inner][\/vc_column][vc_column width=&#8221;1\/3&#8243;][vc_column_text]<strong>CONTACTE:<br \/>\nParapent bipla\u00e7a<\/strong>[\/vc_column_text]<div class=\"vcex-spacing wpex-w-100 wpex-clear\" style=\"height:25px;\"><\/div>[vc_column_text]Reserves trucar o enviar un Whatsapp a:<br \/>\n651644135 (Enric)[\/vc_column_text][\/vc_column][\/vc_row]\n<\/div>","protected":false},"excerpt":{"rendered":"<p>[vc_row][vc_column][vc_column_text] Us proposem gaudir de la natura fent alguna de les activitats d&#8217;aventura que es poden fer a l&#8217;entorn de la Vall de Bo\u00ed. Es tracta d&#8217;activitats condu\u00efdes per guies professionals que us facilitaran tot el material necessari per realitzar l&#8217;activitat. El ventall \u00e9s molt ampli i us proposem moltes opcions per a tots els&hellip;<\/p>\n","protected":false},"author":6,"featured_media":2380,"parent":2556,"menu_order":0,"comment_status":"closed","ping_status":"closed","template":"","meta":{"footnotes":""},"class_list":["post-2563","page","type-page","status-publish","has-post-thumbnail","hentry","entry","has-media"],"_links":{"self":[{"href":"https:\/\/garminmountainfestival.com\/ca\/wp-json\/wp\/v2\/pages\/2563","targetHints":{"allow":["GET"]}}],"collection":[{"href":"https:\/\/garminmountainfestival.com\/ca\/wp-json\/wp\/v2\/pages"}],"about":[{"href":"https:\/\/garminmountainfestival.com\/ca\/wp-json\/wp\/v2\/types\/page"}],"author":[{"embeddable":true,"href":"https:\/\/garminmountainfestival.com\/ca\/wp-json\/wp\/v2\/users\/6"}],"replies":[{"embeddable":true,"href":"https:\/\/garminmountainfestival.com\/ca\/wp-json\/wp\/v2\/comments?post=2563"}],"version-history":[{"count":12,"href":"https:\/\/garminmountainfestival.com\/ca\/wp-json\/wp\/v2\/pages\/2563\/revisions"}],"predecessor-version":[{"id":3844,"href":"https:\/\/garminmountainfestival.com\/ca\/wp-json\/wp\/v2\/pages\/2563\/revisions\/3844"}],"up":[{"embeddable":true,"href":"https:\/\/garminmountainfestival.com\/ca\/wp-json\/wp\/v2\/pages\/2556"}],"wp:featuredmedia":[{"embeddable":true,"href":"https:\/\/garminmountainfestival.com\/ca\/wp-json\/wp\/v2\/media\/2380"}],"wp:attachment":[{"href":"https:\/\/garminmountainfestival.com\/ca\/wp-json\/wp\/v2\/media?parent=2563"}],"curies":[{"name":"wp","href":"https:\/\/api.w.org\/{rel}","templated":true}]}}