{"id":2556,"date":"2023-08-09T14:01:48","date_gmt":"2023-08-09T12:01:48","guid":{"rendered":"https:\/\/wpprovis.com\/festival\/"},"modified":"2025-06-18T11:02:09","modified_gmt":"2025-06-18T09:02:09","slug":"festival","status":"publish","type":"page","link":"https:\/\/garminmountainfestival.com\/ca\/festival\/","title":{"rendered":"Activitats del festival"},"content":{"rendered":"<div class=\"wpb-content-wrapper\">[vc_row full_width=&#8221;stretch_row&#8221;][vc_column][vc_column_text]\n<p style=\"text-align: center;\">Garmin Mountain Festival tamb\u00e9 inclour\u00e0 una \u00e0mplia gamma d&#8217;activitats familiars perqu\u00e8 els aficionats als senders ia la natura experimentin una experi\u00e8ncia veritablement \u00fanica a l&#8217;entorn natural de la Vall de Bo\u00ed.<\/p>\n[\/vc_column_text][\/vc_column][\/vc_row][vc_row full_width=&#8221;stretch_row_content&#8221;][vc_column]<style>.wpex-post-cards.vcex_69fdef1a08a07 .wpex-post-cards-loop .wpex-card-title{font-size:28px;}<\/style><div class=\"wpex-post-cards wpex-post-cards-overlay_6 vcex_69fdef1a08a07 wpex-relative\"><div class=\"wpex-post-cards-inner\"><div class=\"wpex-post-cards-loop wpex-post-cards-grid wpex-row wpex-clr\"><div class=\"wpex-post-cards-entry col col-1 span_1_of_3 post-4618 type-page translation_priority-17\"><div class=\"wpex-card wpex-card-overlay_6\"><a href=\"https:\/\/garminmountainfestival.com\/ca\/festival\/garmin-epic-trail-family\/\" aria-label=\"Garmin Epic Trail Family\" class=\"wpex-card-inner wpex-relative wpex-flex wpex-flex-col wpex-flex-grow wpex-overflow-hidden wpex-no-underline wpex-image-hover-parent\"><div class=\"wpex-card-thumbnail wpex-relative wpex-image-hover grow wpex-flex wpex-h-100\"><img width=\"2000\" height=\"1319\" src=\"https:\/\/garminmountainfestival.com\/wp-content\/uploads\/2026\/05\/garmin-epic-tral-family-Garmin-mountain-festival-2025-79121.jpg\" class=\"wpex-align-middle wpex-h-100 wpex-w-100 wpex-object-cover\" alt=\"Garmin Epic Trail Family\" loading=\"lazy\" decoding=\"async\" srcset=\"https:\/\/garminmountainfestival.com\/wp-content\/uploads\/2026\/05\/garmin-epic-tral-family-Garmin-mountain-festival-2025-79121.jpg 2000w, https:\/\/garminmountainfestival.com\/wp-content\/uploads\/2026\/05\/garmin-epic-tral-family-Garmin-mountain-festival-2025-79121-300x198.jpg 300w, https:\/\/garminmountainfestival.com\/wp-content\/uploads\/2026\/05\/garmin-epic-tral-family-Garmin-mountain-festival-2025-79121-1024x675.jpg 1024w, https:\/\/garminmountainfestival.com\/wp-content\/uploads\/2026\/05\/garmin-epic-tral-family-Garmin-mountain-festival-2025-79121-768x506.jpg 768w, https:\/\/garminmountainfestival.com\/wp-content\/uploads\/2026\/05\/garmin-epic-tral-family-Garmin-mountain-festival-2025-79121-1536x1013.jpg 1536w\" sizes=\"auto, (max-width: 2000px) 100vw, 2000px\" \/><\/div><span class=\"wpex-card-backdrop wpex-absolute wpex-inset-0\" style=\"background-image:linear-gradient(to bottom, rgba(0,0,0,0) 0%, rgba(0,0,0,.15) 60%, rgba(0,0,0,.85) 100%);\"><\/span><div class=\"wpex-card-details wpex-absolute wpex-bottom-0 wpex-inset-x-0 wpex-text-white wpex-p-25\"><h2 class=\"wpex-card-title wpex-heading wpex-text-current wpex-text-lg\">Garmin Epic Trail Family<\/h2><span class=\"wpex-card-divider wpex-h-3px wpex-block wpex-bg-accent wpex-my-10\" style=\"width:min(80px,3vw);\"><\/span><div class=\"wpex-card-excerpt wpex-last-mb-0 wpex-opacity-60 wpex-text-sm\"><p>PLACES LIMITADES PER CURSA<\/p>\n<\/div><\/div><\/a><\/div><\/div><div class=\"wpex-post-cards-entry col col-2 span_1_of_3 post-3394 type-page translation_priority-17\"><div class=\"wpex-card wpex-card-overlay_6\"><a href=\"https:\/\/garminmountainfestival.com\/ca\/festival\/marxa-del-salencar\/\" aria-label=\"Marxa del Salencar\" class=\"wpex-card-inner wpex-relative wpex-flex wpex-flex-col wpex-flex-grow wpex-overflow-hidden wpex-no-underline wpex-image-hover-parent\"><div class=\"wpex-card-thumbnail wpex-relative wpex-image-hover grow wpex-flex wpex-h-100\"><img width=\"2560\" height=\"1707\" src=\"https:\/\/garminmountainfestival.com\/wp-content\/uploads\/2024\/04\/MOLLET_PAT_FEEC-7-marxa-salencar-gmf-24-1.jpg\" class=\"wpex-align-middle wpex-h-100 wpex-w-100 wpex-object-cover\" alt=\"Marxa del Salencar\" loading=\"lazy\" decoding=\"async\" srcset=\"https:\/\/garminmountainfestival.com\/wp-content\/uploads\/2024\/04\/MOLLET_PAT_FEEC-7-marxa-salencar-gmf-24-1.jpg 2560w, https:\/\/garminmountainfestival.com\/wp-content\/uploads\/2024\/04\/MOLLET_PAT_FEEC-7-marxa-salencar-gmf-24-1-300x200.jpg 300w, https:\/\/garminmountainfestival.com\/wp-content\/uploads\/2024\/04\/MOLLET_PAT_FEEC-7-marxa-salencar-gmf-24-1-1024x683.jpg 1024w, https:\/\/garminmountainfestival.com\/wp-content\/uploads\/2024\/04\/MOLLET_PAT_FEEC-7-marxa-salencar-gmf-24-1-768x512.jpg 768w, https:\/\/garminmountainfestival.com\/wp-content\/uploads\/2024\/04\/MOLLET_PAT_FEEC-7-marxa-salencar-gmf-24-1-1536x1024.jpg 1536w, https:\/\/garminmountainfestival.com\/wp-content\/uploads\/2024\/04\/MOLLET_PAT_FEEC-7-marxa-salencar-gmf-24-1-2048x1366.jpg 2048w\" sizes=\"auto, (max-width: 2560px) 100vw, 2560px\" \/><\/div><span class=\"wpex-card-backdrop wpex-absolute wpex-inset-0\" style=\"background-image:linear-gradient(to bottom, rgba(0,0,0,0) 0%, rgba(0,0,0,.15) 60%, rgba(0,0,0,.85) 100%);\"><\/span><div class=\"wpex-card-details wpex-absolute wpex-bottom-0 wpex-inset-x-0 wpex-text-white wpex-p-25\"><h2 class=\"wpex-card-title wpex-heading wpex-text-current wpex-text-lg\">Marxa del Salencar<\/h2><span class=\"wpex-card-divider wpex-h-3px wpex-block wpex-bg-accent wpex-my-10\" style=\"width:min(80px,3vw);\"><\/span><div class=\"wpex-card-excerpt wpex-last-mb-0 wpex-opacity-60 wpex-text-sm\"><p>Enguany la Marxa del Salencar, ser\u00e0 la Copa Catalana de Marxa N\u00f2rdica de la Federaci\u00f3 d\u2019Entitats Excursionistes de Catalunya i prova Open. De la m\u00e0 del Centre Excursionista Alta Ribagor\u00e7a, una entitat local vinculada a la Federaci\u00f3 d&#8217;Entitats Excursionistes de&hellip;<\/p>\n<\/div><\/div><\/a><\/div><\/div><div class=\"wpex-post-cards-entry col col-3 span_1_of_3 post-2623 type-page translation_priority-17\"><div class=\"wpex-card wpex-card-overlay_6\"><a href=\"https:\/\/garminmountainfestival.com\/ca\/festival\/yoga-a-l-aire-lliure\/\" aria-label=\"Ioga a l&#8217;aire lliure\" class=\"wpex-card-inner wpex-relative wpex-flex wpex-flex-col wpex-flex-grow wpex-overflow-hidden wpex-no-underline wpex-image-hover-parent\"><div class=\"wpex-card-thumbnail wpex-relative wpex-image-hover grow wpex-flex wpex-h-100\"><img width=\"2560\" height=\"1688\" src=\"https:\/\/garminmountainfestival.com\/wp-content\/uploads\/2026\/04\/garmin-mountain-festival-024-scaled.jpg\" class=\"wpex-align-middle wpex-h-100 wpex-w-100 wpex-object-cover\" alt=\"Ioga a l&#8217;aire lliure\" loading=\"lazy\" decoding=\"async\" srcset=\"https:\/\/garminmountainfestival.com\/wp-content\/uploads\/2026\/04\/garmin-mountain-festival-024-scaled.jpg 2560w, https:\/\/garminmountainfestival.com\/wp-content\/uploads\/2026\/04\/garmin-mountain-festival-024-300x198.jpg 300w, https:\/\/garminmountainfestival.com\/wp-content\/uploads\/2026\/04\/garmin-mountain-festival-024-1024x675.jpg 1024w, https:\/\/garminmountainfestival.com\/wp-content\/uploads\/2026\/04\/garmin-mountain-festival-024-768x506.jpg 768w, https:\/\/garminmountainfestival.com\/wp-content\/uploads\/2026\/04\/garmin-mountain-festival-024-1536x1013.jpg 1536w, https:\/\/garminmountainfestival.com\/wp-content\/uploads\/2026\/04\/garmin-mountain-festival-024-2048x1350.jpg 2048w\" sizes=\"auto, (max-width: 2560px) 100vw, 2560px\" \/><\/div><span class=\"wpex-card-backdrop wpex-absolute wpex-inset-0\" style=\"background-image:linear-gradient(to bottom, rgba(0,0,0,0) 0%, rgba(0,0,0,.15) 60%, rgba(0,0,0,.85) 100%);\"><\/span><div class=\"wpex-card-details wpex-absolute wpex-bottom-0 wpex-inset-x-0 wpex-text-white wpex-p-25\"><h2 class=\"wpex-card-title wpex-heading wpex-text-current wpex-text-lg\">Ioga a l&#8217;aire lliure<\/h2><span class=\"wpex-card-divider wpex-h-3px wpex-block wpex-bg-accent wpex-my-10\" style=\"width:min(80px,3vw);\"><\/span><div class=\"wpex-card-excerpt wpex-last-mb-0 wpex-opacity-60 wpex-text-sm\"><p>El ioga \u00e9s una disciplina mil\u00b7len\u00e0ria que combina posicions f\u00edsiques, t\u00e8cniques de respiraci\u00f3 i meditaci\u00f3 per promoure el benestar integral de l&#8217;individu. Quan es practica a l&#8217;aire lliure, espec\u00edficament a llocs tan m\u00e0gics com la Vall de Bo\u00ed, els beneficis&hellip;<\/p>\n<\/div><\/div><\/a><\/div><\/div><div class=\"wpex-post-cards-entry col col-1 span_1_of_3 post-2595 type-page translation_priority-17\"><div class=\"wpex-card wpex-card-overlay_6\"><a href=\"https:\/\/garminmountainfestival.com\/ca\/festival\/taller-d-iniciacio-a-l-orientacio\/\" aria-label=\"Taller d&#8217;iniciaci\u00f3 a l&#8217;orientaci\u00f3\" class=\"wpex-card-inner wpex-relative wpex-flex wpex-flex-col wpex-flex-grow wpex-overflow-hidden wpex-no-underline wpex-image-hover-parent\"><div class=\"wpex-card-thumbnail wpex-relative wpex-image-hover grow wpex-flex wpex-h-100\"><img width=\"2008\" height=\"1339\" src=\"https:\/\/garminmountainfestival.com\/wp-content\/uploads\/2026\/05\/taller-iniciacion-orientacio-garmin-mountain-festival.jpg\" class=\"wpex-align-middle wpex-h-100 wpex-w-100 wpex-object-cover\" alt=\"Taller d&#8217;iniciaci\u00f3 a l&#8217;orientaci\u00f3\" loading=\"lazy\" decoding=\"async\" srcset=\"https:\/\/garminmountainfestival.com\/wp-content\/uploads\/2026\/05\/taller-iniciacion-orientacio-garmin-mountain-festival.jpg 2008w, https:\/\/garminmountainfestival.com\/wp-content\/uploads\/2026\/05\/taller-iniciacion-orientacio-garmin-mountain-festival-300x200.jpg 300w, https:\/\/garminmountainfestival.com\/wp-content\/uploads\/2026\/05\/taller-iniciacion-orientacio-garmin-mountain-festival-1024x683.jpg 1024w, https:\/\/garminmountainfestival.com\/wp-content\/uploads\/2026\/05\/taller-iniciacion-orientacio-garmin-mountain-festival-768x512.jpg 768w, https:\/\/garminmountainfestival.com\/wp-content\/uploads\/2026\/05\/taller-iniciacion-orientacio-garmin-mountain-festival-1536x1024.jpg 1536w\" sizes=\"auto, (max-width: 2008px) 100vw, 2008px\" \/><\/div><span class=\"wpex-card-backdrop wpex-absolute wpex-inset-0\" style=\"background-image:linear-gradient(to bottom, rgba(0,0,0,0) 0%, rgba(0,0,0,.15) 60%, rgba(0,0,0,.85) 100%);\"><\/span><div class=\"wpex-card-details wpex-absolute wpex-bottom-0 wpex-inset-x-0 wpex-text-white wpex-p-25\"><h2 class=\"wpex-card-title wpex-heading wpex-text-current wpex-text-lg\">Taller d&#8217;iniciaci\u00f3 a l&#8217;orientaci\u00f3<\/h2><span class=\"wpex-card-divider wpex-h-3px wpex-block wpex-bg-accent wpex-my-10\" style=\"width:min(80px,3vw);\"><\/span><div class=\"wpex-card-excerpt wpex-last-mb-0 wpex-opacity-60 wpex-text-sm\"><p>Activitat ideal per a tota la familia. Descobreix la Vall de Bo\u00ed a petita escala gr\u00e0cies als mapes d\u2019orientaci\u00f3 de la Vall de Bo\u00ed. Et proposem una immersi\u00f3 al territori amb l\u2019assessorament de T\u00e8cnics especialistes amb l\u2019incentiu de sortir a&hellip;<\/p>\n<\/div><\/div><\/a><\/div><\/div><div class=\"wpex-post-cards-entry col col-2 span_1_of_3 post-2580 type-page translation_priority-17\"><div class=\"wpex-card wpex-card-overlay_6\"><a href=\"https:\/\/garminmountainfestival.com\/ca\/festival\/iniciacio-marxa-nordica\/\" aria-label=\"Iniciaci\u00f3 Marxa n\u00f2rdica\" class=\"wpex-card-inner wpex-relative wpex-flex wpex-flex-col wpex-flex-grow wpex-overflow-hidden wpex-no-underline wpex-image-hover-parent\"><div class=\"wpex-card-thumbnail wpex-relative wpex-image-hover grow wpex-flex wpex-h-100\"><img width=\"2560\" height=\"1609\" src=\"https:\/\/garminmountainfestival.com\/wp-content\/uploads\/2026\/04\/garmin-mountain-festival-027-scaled.jpg\" class=\"wpex-align-middle wpex-h-100 wpex-w-100 wpex-object-cover\" alt=\"Iniciaci\u00f3 Marxa n\u00f2rdica\" loading=\"lazy\" decoding=\"async\" srcset=\"https:\/\/garminmountainfestival.com\/wp-content\/uploads\/2026\/04\/garmin-mountain-festival-027-scaled.jpg 2560w, https:\/\/garminmountainfestival.com\/wp-content\/uploads\/2026\/04\/garmin-mountain-festival-027-300x189.jpg 300w, https:\/\/garminmountainfestival.com\/wp-content\/uploads\/2026\/04\/garmin-mountain-festival-027-1024x643.jpg 1024w, https:\/\/garminmountainfestival.com\/wp-content\/uploads\/2026\/04\/garmin-mountain-festival-027-768x483.jpg 768w, https:\/\/garminmountainfestival.com\/wp-content\/uploads\/2026\/04\/garmin-mountain-festival-027-1536x965.jpg 1536w, https:\/\/garminmountainfestival.com\/wp-content\/uploads\/2026\/04\/garmin-mountain-festival-027-2048x1287.jpg 2048w\" sizes=\"auto, (max-width: 2560px) 100vw, 2560px\" \/><\/div><span class=\"wpex-card-backdrop wpex-absolute wpex-inset-0\" style=\"background-image:linear-gradient(to bottom, rgba(0,0,0,0) 0%, rgba(0,0,0,.15) 60%, rgba(0,0,0,.85) 100%);\"><\/span><div class=\"wpex-card-details wpex-absolute wpex-bottom-0 wpex-inset-x-0 wpex-text-white wpex-p-25\"><h2 class=\"wpex-card-title wpex-heading wpex-text-current wpex-text-lg\">Iniciaci\u00f3 Marxa n\u00f2rdica<\/h2><span class=\"wpex-card-divider wpex-h-3px wpex-block wpex-bg-accent wpex-my-10\" style=\"width:min(80px,3vw);\"><\/span><div class=\"wpex-card-excerpt wpex-last-mb-0 wpex-opacity-60 wpex-text-sm\"><p>La Marxa N\u00f2rdica o Nordic Walking \u00e9s una de les activitats f\u00edsiques i esportives m\u00e9s beneficioses per a la salut. Al patr\u00f3 natural de la marxa a peu, s\u2019hi incorpora l\u2019\u00fas actiu d\u2019un parell de bastons dissenyats especialment per activar&hellip;<\/p>\n<\/div><\/div><\/a><\/div><\/div><div class=\"wpex-post-cards-entry col col-3 span_1_of_3 post-4676 type-page translation_priority-17\"><div class=\"wpex-card wpex-card-overlay_6\"><a href=\"https:\/\/garminmountainfestival.com\/ca\/festival\/prova-les-sabatilles-joma\/\" aria-label=\"Prova les sabatilles JOMA\" class=\"wpex-card-inner wpex-relative wpex-flex wpex-flex-col wpex-flex-grow wpex-overflow-hidden wpex-no-underline wpex-image-hover-parent\"><div class=\"wpex-card-thumbnail wpex-relative wpex-image-hover grow wpex-flex wpex-h-100\"><img width=\"2000\" height=\"1213\" src=\"https:\/\/garminmountainfestival.com\/wp-content\/uploads\/2025\/04\/img_capcalera_activitat_joma_garmin_mountain_festival_vall_de_boi.jpg\" class=\"wpex-align-middle wpex-h-100 wpex-w-100 wpex-object-cover\" alt=\"Prova les sabatilles JOMA\" loading=\"lazy\" decoding=\"async\" srcset=\"https:\/\/garminmountainfestival.com\/wp-content\/uploads\/2025\/04\/img_capcalera_activitat_joma_garmin_mountain_festival_vall_de_boi.jpg 2000w, https:\/\/garminmountainfestival.com\/wp-content\/uploads\/2025\/04\/img_capcalera_activitat_joma_garmin_mountain_festival_vall_de_boi-300x182.jpg 300w, https:\/\/garminmountainfestival.com\/wp-content\/uploads\/2025\/04\/img_capcalera_activitat_joma_garmin_mountain_festival_vall_de_boi-1024x621.jpg 1024w, https:\/\/garminmountainfestival.com\/wp-content\/uploads\/2025\/04\/img_capcalera_activitat_joma_garmin_mountain_festival_vall_de_boi-768x466.jpg 768w, https:\/\/garminmountainfestival.com\/wp-content\/uploads\/2025\/04\/img_capcalera_activitat_joma_garmin_mountain_festival_vall_de_boi-1536x932.jpg 1536w\" sizes=\"auto, (max-width: 2000px) 100vw, 2000px\" \/><\/div><span class=\"wpex-card-backdrop wpex-absolute wpex-inset-0\" style=\"background-image:linear-gradient(to bottom, rgba(0,0,0,0) 0%, rgba(0,0,0,.15) 60%, rgba(0,0,0,.85) 100%);\"><\/span><div class=\"wpex-card-details wpex-absolute wpex-bottom-0 wpex-inset-x-0 wpex-text-white wpex-p-25\"><h2 class=\"wpex-card-title wpex-heading wpex-text-current wpex-text-lg\">Prova les sabatilles JOMA<\/h2><span class=\"wpex-card-divider wpex-h-3px wpex-block wpex-bg-accent wpex-my-10\" style=\"width:min(80px,3vw);\"><\/span><div class=\"wpex-card-excerpt wpex-last-mb-0 wpex-opacity-60 wpex-text-sm\"><p>M\u00c9S INFORMACI\u00d3 PROPERAMENT<\/p>\n<\/div><\/div><\/a><\/div><\/div><div class=\"wpex-post-cards-entry col col-1 span_1_of_3 post-2563 type-page translation_priority-17\"><div class=\"wpex-card wpex-card-overlay_6\"><a href=\"https:\/\/garminmountainfestival.com\/ca\/festival\/activitats-d-aventura\/\" aria-label=\"Activitats d&#8217;aventura\" class=\"wpex-card-inner wpex-relative wpex-flex wpex-flex-col wpex-flex-grow wpex-overflow-hidden wpex-no-underline wpex-image-hover-parent\"><div class=\"wpex-card-thumbnail wpex-relative wpex-image-hover grow wpex-flex wpex-h-100\"><img width=\"2500\" height=\"1355\" src=\"https:\/\/garminmountainfestival.com\/wp-content\/uploads\/2026\/04\/garmin-mountain-festival-actividades-aventura.webp\" class=\"wpex-align-middle wpex-h-100 wpex-w-100 wpex-object-cover\" alt=\"Activitats d&#8217;aventura\" loading=\"lazy\" decoding=\"async\" srcset=\"https:\/\/garminmountainfestival.com\/wp-content\/uploads\/2026\/04\/garmin-mountain-festival-actividades-aventura.webp 2500w, https:\/\/garminmountainfestival.com\/wp-content\/uploads\/2026\/04\/garmin-mountain-festival-actividades-aventura-300x163.webp 300w, https:\/\/garminmountainfestival.com\/wp-content\/uploads\/2026\/04\/garmin-mountain-festival-actividades-aventura-1024x555.webp 1024w, https:\/\/garminmountainfestival.com\/wp-content\/uploads\/2026\/04\/garmin-mountain-festival-actividades-aventura-768x416.webp 768w, https:\/\/garminmountainfestival.com\/wp-content\/uploads\/2026\/04\/garmin-mountain-festival-actividades-aventura-1536x833.webp 1536w, https:\/\/garminmountainfestival.com\/wp-content\/uploads\/2026\/04\/garmin-mountain-festival-actividades-aventura-2048x1110.webp 2048w\" sizes=\"auto, (max-width: 2500px) 100vw, 2500px\" \/><\/div><span class=\"wpex-card-backdrop wpex-absolute wpex-inset-0\" style=\"background-image:linear-gradient(to bottom, rgba(0,0,0,0) 0%, rgba(0,0,0,.15) 60%, rgba(0,0,0,.85) 100%);\"><\/span><div class=\"wpex-card-details wpex-absolute wpex-bottom-0 wpex-inset-x-0 wpex-text-white wpex-p-25\"><h2 class=\"wpex-card-title wpex-heading wpex-text-current wpex-text-lg\">Activitats d&#8217;aventura<\/h2><span class=\"wpex-card-divider wpex-h-3px wpex-block wpex-bg-accent wpex-my-10\" style=\"width:min(80px,3vw);\"><\/span><div class=\"wpex-card-excerpt wpex-last-mb-0 wpex-opacity-60 wpex-text-sm\"><p>Us proposem gaudir de la natura fent alguna de les activitats d&#8217;aventura que es poden fer a l&#8217;entorn de la Vall de Bo\u00ed. Es tracta d&#8217;activitats condu\u00efdes per guies professionals que us facilitaran tot el material necessari per realitzar l&#8217;activitat&hellip;<\/p>\n<\/div><\/div><\/a><\/div><\/div><div class=\"wpex-post-cards-entry col col-2 span_1_of_3 post-3814 type-page translation_priority-17\"><div class=\"wpex-card wpex-card-overlay_6\"><a href=\"https:\/\/garminmountainfestival.com\/ca\/festival\/cinema-de-muntanya\/\" aria-label=\"Cinema de muntanya\" class=\"wpex-card-inner wpex-relative wpex-flex wpex-flex-col wpex-flex-grow wpex-overflow-hidden wpex-no-underline wpex-image-hover-parent\"><div class=\"wpex-card-thumbnail wpex-relative wpex-image-hover grow wpex-flex wpex-h-100\"><img width=\"2560\" height=\"1920\" src=\"https:\/\/garminmountainfestival.com\/wp-content\/uploads\/2026\/04\/Garmin-mountain-festival-2025-78334-scaled.jpg\" class=\"wpex-align-middle wpex-h-100 wpex-w-100 wpex-object-cover\" alt=\"Cinema de muntanya\" loading=\"lazy\" decoding=\"async\" srcset=\"https:\/\/garminmountainfestival.com\/wp-content\/uploads\/2026\/04\/Garmin-mountain-festival-2025-78334-scaled.jpg 2560w, https:\/\/garminmountainfestival.com\/wp-content\/uploads\/2026\/04\/Garmin-mountain-festival-2025-78334-300x225.jpg 300w, https:\/\/garminmountainfestival.com\/wp-content\/uploads\/2026\/04\/Garmin-mountain-festival-2025-78334-1024x768.jpg 1024w, https:\/\/garminmountainfestival.com\/wp-content\/uploads\/2026\/04\/Garmin-mountain-festival-2025-78334-768x576.jpg 768w, https:\/\/garminmountainfestival.com\/wp-content\/uploads\/2026\/04\/Garmin-mountain-festival-2025-78334-1536x1152.jpg 1536w, https:\/\/garminmountainfestival.com\/wp-content\/uploads\/2026\/04\/Garmin-mountain-festival-2025-78334-2048x1536.jpg 2048w\" sizes=\"auto, (max-width: 2560px) 100vw, 2560px\" \/><\/div><span class=\"wpex-card-backdrop wpex-absolute wpex-inset-0\" style=\"background-image:linear-gradient(to bottom, rgba(0,0,0,0) 0%, rgba(0,0,0,.15) 60%, rgba(0,0,0,.85) 100%);\"><\/span><div class=\"wpex-card-details wpex-absolute wpex-bottom-0 wpex-inset-x-0 wpex-text-white wpex-p-25\"><h2 class=\"wpex-card-title wpex-heading wpex-text-current wpex-text-lg\">Cinema de muntanya<\/h2><span class=\"wpex-card-divider wpex-h-3px wpex-block wpex-bg-accent wpex-my-10\" style=\"width:min(80px,3vw);\"><\/span><div class=\"wpex-card-excerpt wpex-last-mb-0 wpex-opacity-60 wpex-text-sm\"><p>PROPERAMENT<\/p>\n<\/div><\/div><\/a><\/div><\/div><\/div><\/div><\/div>[\/vc_column][\/vc_row]\n<\/div>","protected":false},"excerpt":{"rendered":"<p>[vc_row full_width=&#8221;stretch_row&#8221;][vc_column][vc_column_text] Garmin Mountain Festival tamb\u00e9 inclour\u00e0 una \u00e0mplia gamma d&#8217;activitats familiars perqu\u00e8 els aficionats als senders ia la natura experimentin una experi\u00e8ncia veritablement \u00fanica a l&#8217;entorn natural de la Vall de Bo\u00ed. [\/vc_column_text][\/vc_column][\/vc_row][vc_row full_width=&#8221;stretch_row_content&#8221;][vc_column][\/vc_column][\/vc_row]<\/p>\n","protected":false},"author":16,"featured_media":2332,"parent":0,"menu_order":0,"comment_status":"closed","ping_status":"closed","template":"","meta":{"footnotes":""},"class_list":["post-2556","page","type-page","status-publish","has-post-thumbnail","hentry","entry","has-media"],"_links":{"self":[{"href":"https:\/\/garminmountainfestival.com\/ca\/wp-json\/wp\/v2\/pages\/2556","targetHints":{"allow":["GET"]}}],"collection":[{"href":"https:\/\/garminmountainfestival.com\/ca\/wp-json\/wp\/v2\/pages"}],"about":[{"href":"https:\/\/garminmountainfestival.com\/ca\/wp-json\/wp\/v2\/types\/page"}],"author":[{"embeddable":true,"href":"https:\/\/garminmountainfestival.com\/ca\/wp-json\/wp\/v2\/users\/16"}],"replies":[{"embeddable":true,"href":"https:\/\/garminmountainfestival.com\/ca\/wp-json\/wp\/v2\/comments?post=2556"}],"version-history":[{"count":24,"href":"https:\/\/garminmountainfestival.com\/ca\/wp-json\/wp\/v2\/pages\/2556\/revisions"}],"predecessor-version":[{"id":4989,"href":"https:\/\/garminmountainfestival.com\/ca\/wp-json\/wp\/v2\/pages\/2556\/revisions\/4989"}],"wp:featuredmedia":[{"embeddable":true,"href":"https:\/\/garminmountainfestival.com\/ca\/wp-json\/wp\/v2\/media\/2332"}],"wp:attachment":[{"href":"https:\/\/garminmountainfestival.com\/ca\/wp-json\/wp\/v2\/media?parent=2556"}],"curies":[{"name":"wp","href":"https:\/\/api.w.org\/{rel}","templated":true}]}}